{"id":201503,"date":"2025-03-20T14:57:05","date_gmt":"2025-03-20T14:57:05","guid":{"rendered":"https:\/\/aromasentia.com\/product\/10x-10ml-cypress-essential-oil-unlabelled\/"},"modified":"2025-06-22T03:37:45","modified_gmt":"2025-06-22T03:37:45","slug":"cypres-aeterisk-olie-uden-etikette-10ml-10stk","status":"publish","type":"product","link":"https:\/\/aromasentia.com\/da\/cypres-aeterisk-olie-uden-etikette-10ml-10stk\/","title":{"rendered":"Cypres \u00c6terisk Olie Uden Etikette 10ml \/ 10Stk."},"content":{"rendered":"<p>Jordforbind og rens med denne um\u00e6rkede 10-pak med 10 ml \u00e6terisk cypresolie. Olien har en frisk, ren, let tr\u00e6agtig og stedsegr\u00f8n aroma, som b\u00e5de er jordforbindelse og opl\u00f8ftende. Cypres er kendt for sine sammentr\u00e6kkende egenskaber, der gavner fedtet hud og fremmer blodcirkulationen. I aromaterapi bruges den til at tr\u00f8ste i tider med sorg, opmuntre til f\u00f8lelsesm\u00e6ssig styrke og rense luften. En vidunderlig afbalancerende olie, der skaber en f\u00f8lelse af stabilitet og friskhed, perfekt til diffusere eller hudplejeblandinger.<\/p>\n","protected":false},"excerpt":{"rendered":"<p>Jordforbind og rens med denne um\u00e6rkede 10-pak med 10 ml \u00e6terisk cypresolie. Olien har en frisk, ren, let tr\u00e6agtig og stedsegr\u00f8n aroma, som b\u00e5de er jordforbindelse og opl\u00f8ftende. Cypres er kendt for sine sammentr\u00e6kkende egenskaber, der gavner fedtet hud og fremmer blodcirkulationen. I aromaterapi bruges den til at tr\u00f8ste i tider med sorg, opmuntre til [&hellip;]<\/p>\n","protected":false},"featured_media":263933,"comment_status":"closed","ping_status":"open","template":"","meta":{"_angie_page":false},"product_brand":[27094],"product_cat":[7647,6153,25942,25839,26893],"product_tag":[],"class_list":{"0":"post-201503","1":"product","2":"type-product","3":"status-publish","4":"has-post-thumbnail","6":"product_brand-ancient-wisdom","7":"product_cat-aeteriske-olier","8":"product_cat-aromaterapi-og-rumdufte","9":"product_cat-cypres","10":"product_cat-dufte-aromaer","11":"product_cat-traeagtig","12":"pa_collection-gifts-unbranded-essential-oils-da","13":"pa_made-in-spanien","14":"pa_size-10ml","16":"first","17":"instock","18":"purchasable","19":"product-type-simple"},"supplier_id":null,"supplier_sku":"EOUL-23","barcode":null,"atum_controlled":true,"out_stock_date":null,"out_stock_threshold":null,"inheritable":false,"inbound_stock":0,"stock_on_hold":0,"sold_today":0,"sales_last_days":0,"reserved_stock":0,"customer_returns":0,"warehouse_damage":0,"lost_in_post":0,"other_logs":0,"out_stock_days":0,"lost_sales":0,"has_location":false,"update_date":"2026-04-27T07:01:47","atum_locations":[],"atum_stock_status":"instock","restock_status":false,"low_stock_amount":"","sales_update_date":"2026-02-06T00:01:32","calc_backorders":null,"_links":{"self":[{"href":"https:\/\/aromasentia.com\/da\/wp-json\/wp\/v2\/product\/201503","targetHints":{"allow":["GET"]}}],"collection":[{"href":"https:\/\/aromasentia.com\/da\/wp-json\/wp\/v2\/product"}],"about":[{"href":"https:\/\/aromasentia.com\/da\/wp-json\/wp\/v2\/types\/product"}],"replies":[{"embeddable":true,"href":"https:\/\/aromasentia.com\/da\/wp-json\/wp\/v2\/comments?post=201503"}],"version-history":[{"count":0,"href":"https:\/\/aromasentia.com\/da\/wp-json\/wp\/v2\/product\/201503\/revisions"}],"wp:featuredmedia":[{"embeddable":true,"href":"https:\/\/aromasentia.com\/da\/wp-json\/wp\/v2\/media\/263933"}],"wp:attachment":[{"href":"https:\/\/aromasentia.com\/da\/wp-json\/wp\/v2\/media?parent=201503"}],"wp:term":[{"taxonomy":"product_brand","embeddable":true,"href":"https:\/\/aromasentia.com\/da\/wp-json\/wp\/v2\/product_brand?post=201503"},{"taxonomy":"product_cat","embeddable":true,"href":"https:\/\/aromasentia.com\/da\/wp-json\/wp\/v2\/product_cat?post=201503"},{"taxonomy":"product_tag","embeddable":true,"href":"https:\/\/aromasentia.com\/da\/wp-json\/wp\/v2\/product_tag?post=201503"}],"curies":[{"name":"wp","href":"https:\/\/api.w.org\/{rel}","templated":true}]}}