{"id":201501,"date":"2025-03-20T14:57:05","date_gmt":"2025-03-20T14:57:05","guid":{"rendered":"https:\/\/aromasentia.com\/product\/10x-10ml-cinnamon-essential-oil-unlabelled\/"},"modified":"2025-06-22T03:37:42","modified_gmt":"2025-06-22T03:37:42","slug":"kanel-aeterisk-olie-uden-etikette-10ml-10stk","status":"publish","type":"product","link":"https:\/\/aromasentia.com\/da\/kanel-aeterisk-olie-uden-etikette-10ml-10stk\/","title":{"rendered":"Kanel \u00c6terisk Olie Uden Etikette 10ml \/ 10Stk."},"content":{"rendered":"<p>Varm dine sanser med denne um\u00e6rkede 10-pak med 10 ml \u00e6terisk kanelolie. Denne potente olie, der sandsynligvis stammer fra kanelblade eller -bark, har en s\u00f8d, krydret og intenst varmende aroma, der fremkalder komfort og hygge. Kanel er kendt for sine stimulerende, antimikrobielle og kredsl\u00f8bsfremmende egenskaber. Ideel til at sprede i de koldere m\u00e5neder for at skabe en festlig og indbydende atmosf\u00e6re eller bruges meget forsigtigt i varmende blandinger. En kraftfuld og beroligende duft, der tilf\u00f8jer et strejf af krydret overb\u00e6renhed til din aromatiske samling.<\/p>\n","protected":false},"excerpt":{"rendered":"<p>Varm dine sanser med denne um\u00e6rkede 10-pak med 10 ml \u00e6terisk kanelolie. Denne potente olie, der sandsynligvis stammer fra kanelblade eller -bark, har en s\u00f8d, krydret og intenst varmende aroma, der fremkalder komfort og hygge. Kanel er kendt for sine stimulerende, antimikrobielle og kredsl\u00f8bsfremmende egenskaber. Ideel til at sprede i de koldere m\u00e5neder for at [&hellip;]<\/p>\n","protected":false},"featured_media":263915,"comment_status":"closed","ping_status":"open","template":"","meta":{"_angie_page":false},"product_brand":[27094],"product_cat":[7647,6153,25839,25935,26886],"product_tag":[],"class_list":{"0":"post-201501","1":"product","2":"type-product","3":"status-publish","4":"has-post-thumbnail","6":"product_brand-ancient-wisdom","7":"product_cat-aeteriske-olier","8":"product_cat-aromaterapi-og-rumdufte","9":"product_cat-dufte-aromaer","10":"product_cat-kanel","11":"product_cat-krydret","12":"pa_collection-gifts-unbranded-essential-oils-da","13":"pa_made-in-sri-lanka","14":"pa_size-10ml","16":"first","17":"instock","18":"purchasable","19":"product-type-simple"},"supplier_id":null,"supplier_sku":"EOUL-21","barcode":null,"atum_controlled":true,"out_stock_date":null,"out_stock_threshold":null,"inheritable":false,"inbound_stock":null,"stock_on_hold":0,"sold_today":0,"sales_last_days":0,"reserved_stock":null,"customer_returns":null,"warehouse_damage":null,"lost_in_post":null,"other_logs":null,"out_stock_days":0,"lost_sales":0,"has_location":null,"update_date":"2026-04-27T07:01:47","atum_locations":[],"atum_stock_status":"instock","restock_status":false,"low_stock_amount":"","sales_update_date":"2026-02-06T00:02:50","calc_backorders":null,"_links":{"self":[{"href":"https:\/\/aromasentia.com\/da\/wp-json\/wp\/v2\/product\/201501","targetHints":{"allow":["GET"]}}],"collection":[{"href":"https:\/\/aromasentia.com\/da\/wp-json\/wp\/v2\/product"}],"about":[{"href":"https:\/\/aromasentia.com\/da\/wp-json\/wp\/v2\/types\/product"}],"replies":[{"embeddable":true,"href":"https:\/\/aromasentia.com\/da\/wp-json\/wp\/v2\/comments?post=201501"}],"version-history":[{"count":0,"href":"https:\/\/aromasentia.com\/da\/wp-json\/wp\/v2\/product\/201501\/revisions"}],"wp:featuredmedia":[{"embeddable":true,"href":"https:\/\/aromasentia.com\/da\/wp-json\/wp\/v2\/media\/263915"}],"wp:attachment":[{"href":"https:\/\/aromasentia.com\/da\/wp-json\/wp\/v2\/media?parent=201501"}],"wp:term":[{"taxonomy":"product_brand","embeddable":true,"href":"https:\/\/aromasentia.com\/da\/wp-json\/wp\/v2\/product_brand?post=201501"},{"taxonomy":"product_cat","embeddable":true,"href":"https:\/\/aromasentia.com\/da\/wp-json\/wp\/v2\/product_cat?post=201501"},{"taxonomy":"product_tag","embeddable":true,"href":"https:\/\/aromasentia.com\/da\/wp-json\/wp\/v2\/product_tag?post=201501"}],"curies":[{"name":"wp","href":"https:\/\/api.w.org\/{rel}","templated":true}]}}