{"id":201495,"date":"2025-03-20T14:57:34","date_gmt":"2025-03-20T14:57:34","guid":{"rendered":"https:\/\/aromasentia.com\/product\/10x-10ml-pine-sylvestris-essential-oil-unlabelled\/"},"modified":"2025-06-22T03:37:40","modified_gmt":"2025-06-22T03:37:40","slug":"pine-sylvestris-aeterisk-olie-uden-etikette-10ml-10stk","status":"publish","type":"product","link":"https:\/\/aromasentia.com\/da\/pine-sylvestris-aeterisk-olie-uden-etikette-10ml-10stk\/","title":{"rendered":"Pine Sylvestris \u00c6terisk Olie Uden Etikette 10ml \/ 10Stk."},"content":{"rendered":"<p>Bring skoven indend\u00f8rs med denne um\u00e6rkede 10-pak med 10 ml \u00e6terisk olie af fyrretr\u00e6 Sylvestris. Denne olie indfanger den friske, spr\u00f8de, balsamiske og harpiksagtige aroma fra en fyrreskov og er vidunderligt opl\u00f8ftende og rensende. Pine Sylvestris er kendt for sin evne til at underst\u00f8tte luftvejssundhed, fjerne overbelastning og give energi til sindet. Dens rene, forfriskende duft kan ogs\u00e5 hj\u00e6lpe med at neutralisere lugte og skabe en forfriskende atmosf\u00e6re. Ideel til at sprede for at fremkalde en f\u00f8lelse af \u00e5bent rum og naturlig vitalitet.<\/p>\n","protected":false},"excerpt":{"rendered":"<p>Bring skoven indend\u00f8rs med denne um\u00e6rkede 10-pak med 10 ml \u00e6terisk olie af fyrretr\u00e6 Sylvestris. Denne olie indfanger den friske, spr\u00f8de, balsamiske og harpiksagtige aroma fra en fyrreskov og er vidunderligt opl\u00f8ftende og rensende. Pine Sylvestris er kendt for sin evne til at underst\u00f8tte luftvejssundhed, fjerne overbelastning og give energi til sindet. Dens rene, forfriskende [&hellip;]<\/p>\n","protected":false},"featured_media":264095,"comment_status":"closed","ping_status":"open","template":"","meta":{"_angie_page":false},"product_brand":[27094],"product_cat":[7647,6153,25839,25980,26893],"product_tag":[],"class_list":{"0":"post-201495","1":"product","2":"type-product","3":"status-publish","4":"has-post-thumbnail","6":"product_brand-ancient-wisdom","7":"product_cat-aeteriske-olier","8":"product_cat-aromaterapi-og-rumdufte","9":"product_cat-dufte-aromaer","10":"product_cat-skovfyr-pinus-sylvestris","11":"product_cat-traeagtig","12":"pa_collection-gifts-unbranded-essential-oils-da","13":"pa_made-in-serbien","14":"pa_size-10ml","16":"first","17":"instock","18":"purchasable","19":"product-type-simple"},"supplier_id":null,"supplier_sku":"EOUL-45","barcode":null,"atum_controlled":true,"out_stock_date":null,"out_stock_threshold":null,"inheritable":false,"inbound_stock":null,"stock_on_hold":0,"sold_today":0,"sales_last_days":0,"reserved_stock":null,"customer_returns":null,"warehouse_damage":null,"lost_in_post":null,"other_logs":null,"out_stock_days":9,"lost_sales":0,"has_location":null,"update_date":"2026-04-27T07:01:53","atum_locations":[],"atum_stock_status":"instock","restock_status":false,"low_stock_amount":"","sales_update_date":"2026-01-30T01:24:56","calc_backorders":null,"_links":{"self":[{"href":"https:\/\/aromasentia.com\/da\/wp-json\/wp\/v2\/product\/201495","targetHints":{"allow":["GET"]}}],"collection":[{"href":"https:\/\/aromasentia.com\/da\/wp-json\/wp\/v2\/product"}],"about":[{"href":"https:\/\/aromasentia.com\/da\/wp-json\/wp\/v2\/types\/product"}],"replies":[{"embeddable":true,"href":"https:\/\/aromasentia.com\/da\/wp-json\/wp\/v2\/comments?post=201495"}],"version-history":[{"count":0,"href":"https:\/\/aromasentia.com\/da\/wp-json\/wp\/v2\/product\/201495\/revisions"}],"wp:featuredmedia":[{"embeddable":true,"href":"https:\/\/aromasentia.com\/da\/wp-json\/wp\/v2\/media\/264095"}],"wp:attachment":[{"href":"https:\/\/aromasentia.com\/da\/wp-json\/wp\/v2\/media?parent=201495"}],"wp:term":[{"taxonomy":"product_brand","embeddable":true,"href":"https:\/\/aromasentia.com\/da\/wp-json\/wp\/v2\/product_brand?post=201495"},{"taxonomy":"product_cat","embeddable":true,"href":"https:\/\/aromasentia.com\/da\/wp-json\/wp\/v2\/product_cat?post=201495"},{"taxonomy":"product_tag","embeddable":true,"href":"https:\/\/aromasentia.com\/da\/wp-json\/wp\/v2\/product_tag?post=201495"}],"curies":[{"name":"wp","href":"https:\/\/api.w.org\/{rel}","templated":true}]}}