{"id":201494,"date":"2025-03-20T14:57:34","date_gmt":"2025-03-20T14:57:34","guid":{"rendered":"https:\/\/aromasentia.com\/product\/10x-10ml-niaouli-essential-oil-unlabelled\/"},"modified":"2025-06-22T03:37:40","modified_gmt":"2025-06-22T03:37:40","slug":"niaouli-aeterisk-olie-uden-etikette-10ml-10stk","status":"publish","type":"product","link":"https:\/\/aromasentia.com\/da\/niaouli-aeterisk-olie-uden-etikette-10ml-10stk\/","title":{"rendered":"Niaouli \u00c6terisk Olie Uden Etikette 10ml \/ 10Stk."},"content":{"rendered":"<p>Rens og styrk med denne um\u00e6rkede 10-pak med 10 ml \u00e6terisk niaouliolie. Niaouli er i familie med Tea Tree og har en st\u00e6rk, frisk, kamferagtig og let s\u00f8dlig-jordagtig aroma. Den er kendt for sine st\u00e6rke antiseptiske, antivirale og sliml\u00f8sende egenskaber, hvilket g\u00f8r den fremragende til at st\u00f8tte luftvejene og rense huden. Dens stimulerende duft kan ogs\u00e5 hj\u00e6lpe med at rense sindet og \u00f8ge \u00e5rv\u00e5genheden. En robust og rensende olie, der er ideel til diffusion i den kolde \u00e5rstid eller til at tils\u00e6tte til afklarende hudplejepr\u00e6parater.<\/p>\n","protected":false},"excerpt":{"rendered":"<p>Rens og styrk med denne um\u00e6rkede 10-pak med 10 ml \u00e6terisk niaouliolie. Niaouli er i familie med Tea Tree og har en st\u00e6rk, frisk, kamferagtig og let s\u00f8dlig-jordagtig aroma. Den er kendt for sine st\u00e6rke antiseptiske, antivirale og sliml\u00f8sende egenskaber, hvilket g\u00f8r den fremragende til at st\u00f8tte luftvejene og rense huden. Dens stimulerende duft kan [&hellip;]<\/p>\n","protected":false},"featured_media":264086,"comment_status":"closed","ping_status":"open","template":"","meta":{"_angie_page":false},"product_brand":[27094],"product_cat":[7647,6153,25839,26865,25970],"product_tag":[],"class_list":{"0":"post-201494","1":"product","2":"type-product","3":"status-publish","4":"has-post-thumbnail","6":"product_brand-ancient-wisdom","7":"product_cat-aeteriske-olier","8":"product_cat-aromaterapi-og-rumdufte","9":"product_cat-dufte-aromaer","10":"product_cat-medicinsk-kamferagtig","11":"product_cat-niaouli","12":"pa_collection-gifts-unbranded-essential-oils-da","13":"pa_made-in-indonesien","14":"pa_size-10ml","16":"first","17":"instock","18":"purchasable","19":"product-type-simple"},"supplier_id":null,"supplier_sku":"EOUL-44","barcode":null,"atum_controlled":true,"out_stock_date":null,"out_stock_threshold":null,"inheritable":false,"inbound_stock":null,"stock_on_hold":0,"sold_today":0,"sales_last_days":0,"reserved_stock":null,"customer_returns":null,"warehouse_damage":null,"lost_in_post":null,"other_logs":null,"out_stock_days":9,"lost_sales":0,"has_location":null,"update_date":"2026-04-27T07:01:53","atum_locations":[],"atum_stock_status":"instock","restock_status":false,"low_stock_amount":"","sales_update_date":"2026-01-30T01:25:01","calc_backorders":null,"_links":{"self":[{"href":"https:\/\/aromasentia.com\/da\/wp-json\/wp\/v2\/product\/201494","targetHints":{"allow":["GET"]}}],"collection":[{"href":"https:\/\/aromasentia.com\/da\/wp-json\/wp\/v2\/product"}],"about":[{"href":"https:\/\/aromasentia.com\/da\/wp-json\/wp\/v2\/types\/product"}],"replies":[{"embeddable":true,"href":"https:\/\/aromasentia.com\/da\/wp-json\/wp\/v2\/comments?post=201494"}],"version-history":[{"count":0,"href":"https:\/\/aromasentia.com\/da\/wp-json\/wp\/v2\/product\/201494\/revisions"}],"wp:featuredmedia":[{"embeddable":true,"href":"https:\/\/aromasentia.com\/da\/wp-json\/wp\/v2\/media\/264086"}],"wp:attachment":[{"href":"https:\/\/aromasentia.com\/da\/wp-json\/wp\/v2\/media?parent=201494"}],"wp:term":[{"taxonomy":"product_brand","embeddable":true,"href":"https:\/\/aromasentia.com\/da\/wp-json\/wp\/v2\/product_brand?post=201494"},{"taxonomy":"product_cat","embeddable":true,"href":"https:\/\/aromasentia.com\/da\/wp-json\/wp\/v2\/product_cat?post=201494"},{"taxonomy":"product_tag","embeddable":true,"href":"https:\/\/aromasentia.com\/da\/wp-json\/wp\/v2\/product_tag?post=201494"}],"curies":[{"name":"wp","href":"https:\/\/api.w.org\/{rel}","templated":true}]}}