{"id":201493,"date":"2025-03-20T14:57:34","date_gmt":"2025-03-20T14:57:34","guid":{"rendered":"https:\/\/aromasentia.com\/product\/10x-10ml-coriander-seed-essential-oil-unlabelled\/"},"modified":"2025-06-22T03:37:39","modified_gmt":"2025-06-22T03:37:39","slug":"korianderfroe-aeterisk-olie-uden-etikette-10ml-10stk","status":"publish","type":"product","link":"https:\/\/aromasentia.com\/da\/korianderfroe-aeterisk-olie-uden-etikette-10ml-10stk\/","title":{"rendered":"Korianderfr\u00f8 \u00c6terisk Olie Uden Etikette 10ml \/ 10Stk."},"content":{"rendered":"<p>Opfrisk dine sanser med denne um\u00e6rkede 10-pak med 10 ml \u00e6terisk olie af korianderfr\u00f8. Denne olie har en unik s\u00f8d, krydret, let tr\u00e6agtig og urteagtig aroma, der b\u00e5de er varmende og opl\u00f8ftende. Korianderfr\u00f8 bruges traditionelt til at hj\u00e6lpe p\u00e5 ford\u00f8jelsen, lindre muskelsmerter og stimulere sindet. Dens behagelige og velkendte duft kan skabe en indbydende atmosf\u00e6re og hj\u00e6lpe med at lette mental tr\u00e6thed. En alsidig olie, der tilf\u00f8jer en interessant aromatisk dimension til blandinger til b\u00e5de fysisk komfort og mental klarhed.<\/p>\n","protected":false},"excerpt":{"rendered":"<p>Opfrisk dine sanser med denne um\u00e6rkede 10-pak med 10 ml \u00e6terisk olie af korianderfr\u00f8. Denne olie har en unik s\u00f8d, krydret, let tr\u00e6agtig og urteagtig aroma, der b\u00e5de er varmende og opl\u00f8ftende. Korianderfr\u00f8 bruges traditionelt til at hj\u00e6lpe p\u00e5 ford\u00f8jelsen, lindre muskelsmerter og stimulere sindet. Dens behagelige og velkendte duft kan skabe en indbydende atmosf\u00e6re [&hellip;]<\/p>\n","protected":false},"featured_media":264077,"comment_status":"closed","ping_status":"open","template":"","meta":{"_angie_page":false},"product_brand":[27094],"product_cat":[7647,6153,25839,25939,26886],"product_tag":[],"class_list":{"0":"post-201493","1":"product","2":"type-product","3":"status-publish","4":"has-post-thumbnail","6":"product_brand-ancient-wisdom","7":"product_cat-aeteriske-olier","8":"product_cat-aromaterapi-og-rumdufte","9":"product_cat-dufte-aromaer","10":"product_cat-korianderfro","11":"product_cat-krydret","12":"pa_collection-gifts-unbranded-essential-oils-da","13":"pa_made-in-ungarn","14":"pa_size-10ml","16":"first","17":"instock","18":"purchasable","19":"product-type-simple"},"supplier_id":null,"supplier_sku":"EOUL-42","barcode":null,"atum_controlled":true,"out_stock_date":null,"out_stock_threshold":null,"inheritable":false,"inbound_stock":0,"stock_on_hold":0,"sold_today":0,"sales_last_days":0,"reserved_stock":0,"customer_returns":0,"warehouse_damage":0,"lost_in_post":0,"other_logs":0,"out_stock_days":0,"lost_sales":0,"has_location":false,"update_date":"2026-04-27T07:01:53","atum_locations":[],"atum_stock_status":"instock","restock_status":false,"low_stock_amount":"","sales_update_date":"2025-09-05T00:16:38","calc_backorders":null,"_links":{"self":[{"href":"https:\/\/aromasentia.com\/da\/wp-json\/wp\/v2\/product\/201493","targetHints":{"allow":["GET"]}}],"collection":[{"href":"https:\/\/aromasentia.com\/da\/wp-json\/wp\/v2\/product"}],"about":[{"href":"https:\/\/aromasentia.com\/da\/wp-json\/wp\/v2\/types\/product"}],"replies":[{"embeddable":true,"href":"https:\/\/aromasentia.com\/da\/wp-json\/wp\/v2\/comments?post=201493"}],"version-history":[{"count":0,"href":"https:\/\/aromasentia.com\/da\/wp-json\/wp\/v2\/product\/201493\/revisions"}],"wp:featuredmedia":[{"embeddable":true,"href":"https:\/\/aromasentia.com\/da\/wp-json\/wp\/v2\/media\/264077"}],"wp:attachment":[{"href":"https:\/\/aromasentia.com\/da\/wp-json\/wp\/v2\/media?parent=201493"}],"wp:term":[{"taxonomy":"product_brand","embeddable":true,"href":"https:\/\/aromasentia.com\/da\/wp-json\/wp\/v2\/product_brand?post=201493"},{"taxonomy":"product_cat","embeddable":true,"href":"https:\/\/aromasentia.com\/da\/wp-json\/wp\/v2\/product_cat?post=201493"},{"taxonomy":"product_tag","embeddable":true,"href":"https:\/\/aromasentia.com\/da\/wp-json\/wp\/v2\/product_tag?post=201493"}],"curies":[{"name":"wp","href":"https:\/\/api.w.org\/{rel}","templated":true}]}}