{"id":201491,"date":"2025-03-20T14:57:34","date_gmt":"2025-03-20T14:57:34","guid":{"rendered":"https:\/\/aromasentia.com\/product\/10x-10ml-myrrh-essential-oil-unlabelled\/"},"modified":"2025-06-22T03:37:38","modified_gmt":"2025-06-22T03:37:38","slug":"myrra-aeterisk-olie-uden-etikette-10ml-10stk","status":"publish","type":"product","link":"https:\/\/aromasentia.com\/da\/myrra-aeterisk-olie-uden-etikette-10ml-10stk\/","title":{"rendered":"myrra \u00c6terisk Olie Uden Etikette 10ml \/ 10Stk."},"content":{"rendered":"<p>Omfavn hellig ro med denne um\u00e6rkede 10-pak med 10 ml \u00e6terisk myrraolie. Myrra har med sin varme, jordagtige, balsamiske og let r\u00f8gede aroma v\u00e6ret brugt i \u00e5rtusinder i spirituel praksis og traditionel medicin. Den er kendt for sine jordforbindelse, meditative og rensende egenskaber. I hudpleje er den v\u00e6rdsat for sin evne til at berolige sprukken hud, fremme heling og forynge moden hud. En olie med dyb resonans for spirituel forbindelse, dyb ro og genoprettelse af huden, klar til din unikke branding.<\/p>\n","protected":false},"excerpt":{"rendered":"<p>Omfavn hellig ro med denne um\u00e6rkede 10-pak med 10 ml \u00e6terisk myrraolie. Myrra har med sin varme, jordagtige, balsamiske og let r\u00f8gede aroma v\u00e6ret brugt i \u00e5rtusinder i spirituel praksis og traditionel medicin. Den er kendt for sine jordforbindelse, meditative og rensende egenskaber. I hudpleje er den v\u00e6rdsat for sin evne til at berolige sprukken [&hellip;]<\/p>\n","protected":false},"featured_media":264059,"comment_status":"closed","ping_status":"open","template":"","meta":{"_angie_page":false},"product_brand":[27094],"product_cat":[7647,6153,25839,26879,25968],"product_tag":[],"class_list":{"0":"post-201491","1":"product","2":"type-product","3":"status-publish","4":"has-post-thumbnail","6":"product_brand-ancient-wisdom","7":"product_cat-aeteriske-olier","8":"product_cat-aromaterapi-og-rumdufte","9":"product_cat-dufte-aromaer","10":"product_cat-harpiksagtig-balsamisk","11":"product_cat-myrrh","12":"pa_collection-gifts-unbranded-essential-oils-da","13":"pa_made-in-somalia","14":"pa_size-10ml","16":"first","17":"instock","18":"purchasable","19":"product-type-simple"},"supplier_id":null,"supplier_sku":"EOUL-40","barcode":null,"atum_controlled":true,"out_stock_date":null,"out_stock_threshold":null,"inheritable":false,"inbound_stock":null,"stock_on_hold":0,"sold_today":0,"sales_last_days":0,"reserved_stock":null,"customer_returns":null,"warehouse_damage":null,"lost_in_post":null,"other_logs":null,"out_stock_days":9,"lost_sales":0,"has_location":null,"update_date":"2026-04-27T07:01:53","atum_locations":[],"atum_stock_status":"instock","restock_status":false,"low_stock_amount":"","sales_update_date":"2026-01-30T01:24:53","calc_backorders":null,"_links":{"self":[{"href":"https:\/\/aromasentia.com\/da\/wp-json\/wp\/v2\/product\/201491","targetHints":{"allow":["GET"]}}],"collection":[{"href":"https:\/\/aromasentia.com\/da\/wp-json\/wp\/v2\/product"}],"about":[{"href":"https:\/\/aromasentia.com\/da\/wp-json\/wp\/v2\/types\/product"}],"replies":[{"embeddable":true,"href":"https:\/\/aromasentia.com\/da\/wp-json\/wp\/v2\/comments?post=201491"}],"version-history":[{"count":0,"href":"https:\/\/aromasentia.com\/da\/wp-json\/wp\/v2\/product\/201491\/revisions"}],"wp:featuredmedia":[{"embeddable":true,"href":"https:\/\/aromasentia.com\/da\/wp-json\/wp\/v2\/media\/264059"}],"wp:attachment":[{"href":"https:\/\/aromasentia.com\/da\/wp-json\/wp\/v2\/media?parent=201491"}],"wp:term":[{"taxonomy":"product_brand","embeddable":true,"href":"https:\/\/aromasentia.com\/da\/wp-json\/wp\/v2\/product_brand?post=201491"},{"taxonomy":"product_cat","embeddable":true,"href":"https:\/\/aromasentia.com\/da\/wp-json\/wp\/v2\/product_cat?post=201491"},{"taxonomy":"product_tag","embeddable":true,"href":"https:\/\/aromasentia.com\/da\/wp-json\/wp\/v2\/product_tag?post=201491"}],"curies":[{"name":"wp","href":"https:\/\/api.w.org\/{rel}","templated":true}]}}