{"id":201487,"date":"2025-03-20T14:57:34","date_gmt":"2025-03-20T14:57:34","guid":{"rendered":"https:\/\/aromasentia.com\/product\/10x-10ml-orange-essential-oil-unlabelled\/"},"modified":"2025-06-22T03:37:37","modified_gmt":"2025-06-22T03:37:37","slug":"appelsin-aeterisk-olie-uden-etikette-10ml-10stk","status":"publish","type":"product","link":"https:\/\/aromasentia.com\/da\/appelsin-aeterisk-olie-uden-etikette-10ml-10stk\/","title":{"rendered":"Appelsin \u00c6terisk Olie Uden Etikette 10ml \/ 10Stk."},"content":{"rendered":"<p>Spred gl\u00e6de med denne um\u00e6rkede 10-pak med 10 ml \u00e6terisk appelsinolie. S\u00f8d appelsinolie udstr\u00e5ler en s\u00f8d, frisk og vidunderlig frugtagtig citrusaroma og er som solskin p\u00e5 flaske. Den er ber\u00f8mt for sine opl\u00f8ftende, hum\u00f8rforbedrende og stressd\u00e6mpende egenskaber, der hj\u00e6lper med at skabe en glad og afslappet atmosf\u00e6re. Dens blide, muntre duft er elsket af alle aldre og er fantastisk til at rense luften eller tilf\u00f8je en lys note til hudpleje- og reng\u00f8ringsblandinger. En alsidig og glad olie til hverdagens velv\u00e6re.<\/p>\n","protected":false},"excerpt":{"rendered":"<p>Spred gl\u00e6de med denne um\u00e6rkede 10-pak med 10 ml \u00e6terisk appelsinolie. S\u00f8d appelsinolie udstr\u00e5ler en s\u00f8d, frisk og vidunderlig frugtagtig citrusaroma og er som solskin p\u00e5 flaske. Den er ber\u00f8mt for sine opl\u00f8ftende, hum\u00f8rforbedrende og stressd\u00e6mpende egenskaber, der hj\u00e6lper med at skabe en glad og afslappet atmosf\u00e6re. Dens blide, muntre duft er elsket af alle [&hellip;]<\/p>\n","protected":false},"featured_media":264023,"comment_status":"closed","ping_status":"open","template":"","meta":{"_angie_page":false},"product_brand":[27094],"product_cat":[7647,25972,6153,25839],"product_tag":[],"class_list":{"0":"post-201487","1":"product","2":"type-product","3":"status-publish","4":"has-post-thumbnail","6":"product_brand-ancient-wisdom","7":"product_cat-aeteriske-olier","8":"product_cat-appelsin","9":"product_cat-aromaterapi-og-rumdufte","10":"product_cat-dufte-aromaer","11":"pa_collection-gifts-unbranded-essential-oils-da","12":"pa_made-in-brasilien","13":"pa_size-10ml","15":"first","16":"instock","17":"purchasable","18":"product-type-simple"},"supplier_id":null,"supplier_sku":"EOUL-35","barcode":null,"atum_controlled":true,"out_stock_date":null,"out_stock_threshold":null,"inheritable":false,"inbound_stock":null,"stock_on_hold":0,"sold_today":0,"sales_last_days":0,"reserved_stock":null,"customer_returns":null,"warehouse_damage":null,"lost_in_post":null,"other_logs":null,"out_stock_days":0,"lost_sales":0,"has_location":null,"update_date":"2026-04-27T07:01:47","atum_locations":[],"atum_stock_status":"instock","restock_status":false,"low_stock_amount":"","sales_update_date":"2026-01-30T01:26:19","calc_backorders":null,"_links":{"self":[{"href":"https:\/\/aromasentia.com\/da\/wp-json\/wp\/v2\/product\/201487","targetHints":{"allow":["GET"]}}],"collection":[{"href":"https:\/\/aromasentia.com\/da\/wp-json\/wp\/v2\/product"}],"about":[{"href":"https:\/\/aromasentia.com\/da\/wp-json\/wp\/v2\/types\/product"}],"replies":[{"embeddable":true,"href":"https:\/\/aromasentia.com\/da\/wp-json\/wp\/v2\/comments?post=201487"}],"version-history":[{"count":0,"href":"https:\/\/aromasentia.com\/da\/wp-json\/wp\/v2\/product\/201487\/revisions"}],"wp:featuredmedia":[{"embeddable":true,"href":"https:\/\/aromasentia.com\/da\/wp-json\/wp\/v2\/media\/264023"}],"wp:attachment":[{"href":"https:\/\/aromasentia.com\/da\/wp-json\/wp\/v2\/media?parent=201487"}],"wp:term":[{"taxonomy":"product_brand","embeddable":true,"href":"https:\/\/aromasentia.com\/da\/wp-json\/wp\/v2\/product_brand?post=201487"},{"taxonomy":"product_cat","embeddable":true,"href":"https:\/\/aromasentia.com\/da\/wp-json\/wp\/v2\/product_cat?post=201487"},{"taxonomy":"product_tag","embeddable":true,"href":"https:\/\/aromasentia.com\/da\/wp-json\/wp\/v2\/product_tag?post=201487"}],"curies":[{"name":"wp","href":"https:\/\/api.w.org\/{rel}","templated":true}]}}