{"id":201482,"date":"2025-03-20T14:58:02","date_gmt":"2025-03-20T14:58:02","guid":{"rendered":"https:\/\/aromasentia.com\/product\/10x-10ml-melissa-blend-essential-oil-unlabelled\/"},"modified":"2025-06-22T03:37:35","modified_gmt":"2025-06-22T03:37:35","slug":"melissa-blanding-aeterisk-olie-uden-etikette-10ml-10stk","status":"publish","type":"product","link":"https:\/\/aromasentia.com\/da\/melissa-blanding-aeterisk-olie-uden-etikette-10ml-10stk\/","title":{"rendered":"melissa (Blanding) \u00c6terisk Olie Uden Etikette 10ml \/ 10Stk."},"content":{"rendered":"<p>Opl\u00f8ft og forfrisk med denne um\u00e6rkede 10-pak med 10 ml \u00e6terisk olie af melisse (blanding). Melissa er ofte kendt som citronmelisse og har en let, frisk, citrons\u00f8d aroma, der er v\u00e6rdsat for sine beroligende og stemningsopl\u00f8ftende egenskaber. Denne blanding indfanger dens glade essens, der er perfekt til at lette nerv\u00f8se sp\u00e6ndinger, fremme f\u00f8lelsesm\u00e6ssigt velv\u00e6re og skabe en lys, munter atmosf\u00e6re. Den er ideel til diffusion eller blid lokal anvendelse, n\u00e5r den er korrekt fortyndet, og den bringer et strejf af solskin og ro til din dag, klar til din unikke branding.<\/p>\n","protected":false},"excerpt":{"rendered":"<p>Opl\u00f8ft og forfrisk med denne um\u00e6rkede 10-pak med 10 ml \u00e6terisk olie af melisse (blanding). Melissa er ofte kendt som citronmelisse og har en let, frisk, citrons\u00f8d aroma, der er v\u00e6rdsat for sine beroligende og stemningsopl\u00f8ftende egenskaber. Denne blanding indfanger dens glade essens, der er perfekt til at lette nerv\u00f8se sp\u00e6ndinger, fremme f\u00f8lelsesm\u00e6ssigt velv\u00e6re og [&hellip;]<\/p>\n","protected":false},"featured_media":264212,"comment_status":"closed","ping_status":"open","template":"","meta":{"_angie_page":false},"product_brand":[27094],"product_cat":[26647,7647,6153,25839,25966,26858],"product_tag":[],"class_list":{"0":"post-201482","1":"product","2":"type-product","3":"status-publish","4":"has-post-thumbnail","6":"product_brand-ancient-wisdom","7":"product_cat-aeteriske-olieblandinger","8":"product_cat-aeteriske-olier","9":"product_cat-aromaterapi-og-rumdufte","10":"product_cat-dufte-aromaer","11":"product_cat-melissa-blanding","12":"product_cat-urte-aromatisk","13":"pa_collection-gifts-unbranded-essential-oils-da","14":"pa_made-in-storbritannien","15":"pa_size-10ml","17":"first","18":"instock","19":"purchasable","20":"product-type-simple"},"supplier_id":null,"supplier_sku":"EOUL-61","barcode":null,"atum_controlled":true,"out_stock_date":null,"out_stock_threshold":null,"inheritable":false,"inbound_stock":null,"stock_on_hold":0,"sold_today":0,"sales_last_days":0,"reserved_stock":null,"customer_returns":null,"warehouse_damage":null,"lost_in_post":null,"other_logs":null,"out_stock_days":0,"lost_sales":0,"has_location":null,"update_date":"2026-05-04T00:02:52","atum_locations":[],"atum_stock_status":"instock","restock_status":false,"low_stock_amount":"","sales_update_date":"2026-02-06T00:02:50","calc_backorders":null,"_links":{"self":[{"href":"https:\/\/aromasentia.com\/da\/wp-json\/wp\/v2\/product\/201482","targetHints":{"allow":["GET"]}}],"collection":[{"href":"https:\/\/aromasentia.com\/da\/wp-json\/wp\/v2\/product"}],"about":[{"href":"https:\/\/aromasentia.com\/da\/wp-json\/wp\/v2\/types\/product"}],"replies":[{"embeddable":true,"href":"https:\/\/aromasentia.com\/da\/wp-json\/wp\/v2\/comments?post=201482"}],"version-history":[{"count":0,"href":"https:\/\/aromasentia.com\/da\/wp-json\/wp\/v2\/product\/201482\/revisions"}],"wp:featuredmedia":[{"embeddable":true,"href":"https:\/\/aromasentia.com\/da\/wp-json\/wp\/v2\/media\/264212"}],"wp:attachment":[{"href":"https:\/\/aromasentia.com\/da\/wp-json\/wp\/v2\/media?parent=201482"}],"wp:term":[{"taxonomy":"product_brand","embeddable":true,"href":"https:\/\/aromasentia.com\/da\/wp-json\/wp\/v2\/product_brand?post=201482"},{"taxonomy":"product_cat","embeddable":true,"href":"https:\/\/aromasentia.com\/da\/wp-json\/wp\/v2\/product_cat?post=201482"},{"taxonomy":"product_tag","embeddable":true,"href":"https:\/\/aromasentia.com\/da\/wp-json\/wp\/v2\/product_tag?post=201482"}],"curies":[{"name":"wp","href":"https:\/\/api.w.org\/{rel}","templated":true}]}}