{"id":201479,"date":"2025-03-20T14:58:02","date_gmt":"2025-03-20T14:58:02","guid":{"rendered":"https:\/\/aromasentia.com\/product\/10x-10ml-dill-seed-essential-oil-unlabelled\/"},"modified":"2025-06-22T03:37:32","modified_gmt":"2025-06-22T03:37:32","slug":"dildfroe-uden-maerkning-aeterisk-olie-10ml-10stk","status":"publish","type":"product","link":"https:\/\/aromasentia.com\/da\/dildfroe-uden-maerkning-aeterisk-olie-10ml-10stk\/","title":{"rendered":"Dildfr\u00f8 Uden m\u00e6rkning \u00c6terisk Olie 10ml \/ 10Stk."},"content":{"rendered":"<p>Berolig og s\u00e6t dig til rette med denne um\u00e6rkede 10-pak med 10 ml \u00e6terisk olie af dildfr\u00f8. Denne olie har en karakteristisk urteagtig, let krydret og s\u00f8dlig aroma, der minder om frisk dild. Traditionelt er dildfr\u00f8olie kendt for sine karminative egenskaber, der hj\u00e6lper med at lindre ford\u00f8jelsesbesv\u00e6r, oppustethed og luft i maven. Dens beroligende duft kan ogs\u00e5 v\u00e6re overraskende afslappende og hj\u00e6lpe med at dulme nerv\u00f8se sp\u00e6ndinger. En unik og sk\u00e5nsom olie til at fremme ford\u00f8jelsens velv\u00e6re og en f\u00f8lelse af ro, klar til din individuelle m\u00e6rkning.<\/p>\n","protected":false},"excerpt":{"rendered":"<p>Berolig og s\u00e6t dig til rette med denne um\u00e6rkede 10-pak med 10 ml \u00e6terisk olie af dildfr\u00f8. Denne olie har en karakteristisk urteagtig, let krydret og s\u00f8dlig aroma, der minder om frisk dild. Traditionelt er dildfr\u00f8olie kendt for sine karminative egenskaber, der hj\u00e6lper med at lindre ford\u00f8jelsesbesv\u00e6r, oppustethed og luft i maven. Dens beroligende duft [&hellip;]<\/p>\n","protected":false},"featured_media":264185,"comment_status":"closed","ping_status":"open","template":"","meta":{"_angie_page":false},"product_brand":[27094],"product_cat":[7647,6153,25943,25839,26858],"product_tag":[],"class_list":{"0":"post-201479","1":"product","2":"type-product","3":"status-publish","4":"has-post-thumbnail","6":"product_brand-ancient-wisdom","7":"product_cat-aeteriske-olier","8":"product_cat-aromaterapi-og-rumdufte","9":"product_cat-dildfro","10":"product_cat-dufte-aromaer","11":"product_cat-urte-aromatisk","12":"pa_collection-gifts-unbranded-essential-oils-da","13":"pa_made-in-ungarn","14":"pa_size-10ml","16":"first","17":"instock","18":"purchasable","19":"product-type-simple"},"supplier_id":null,"supplier_sku":"EOUL-58","barcode":null,"atum_controlled":true,"out_stock_date":null,"out_stock_threshold":null,"inheritable":false,"inbound_stock":null,"stock_on_hold":0,"sold_today":0,"sales_last_days":0,"reserved_stock":null,"customer_returns":null,"warehouse_damage":null,"lost_in_post":null,"other_logs":null,"out_stock_days":0,"lost_sales":0,"has_location":null,"update_date":"2026-04-27T07:01:53","atum_locations":[],"atum_stock_status":"instock","restock_status":false,"low_stock_amount":"","sales_update_date":"2025-09-05T00:16:42","calc_backorders":null,"_links":{"self":[{"href":"https:\/\/aromasentia.com\/da\/wp-json\/wp\/v2\/product\/201479","targetHints":{"allow":["GET"]}}],"collection":[{"href":"https:\/\/aromasentia.com\/da\/wp-json\/wp\/v2\/product"}],"about":[{"href":"https:\/\/aromasentia.com\/da\/wp-json\/wp\/v2\/types\/product"}],"replies":[{"embeddable":true,"href":"https:\/\/aromasentia.com\/da\/wp-json\/wp\/v2\/comments?post=201479"}],"version-history":[{"count":0,"href":"https:\/\/aromasentia.com\/da\/wp-json\/wp\/v2\/product\/201479\/revisions"}],"wp:featuredmedia":[{"embeddable":true,"href":"https:\/\/aromasentia.com\/da\/wp-json\/wp\/v2\/media\/264185"}],"wp:attachment":[{"href":"https:\/\/aromasentia.com\/da\/wp-json\/wp\/v2\/media?parent=201479"}],"wp:term":[{"taxonomy":"product_brand","embeddable":true,"href":"https:\/\/aromasentia.com\/da\/wp-json\/wp\/v2\/product_brand?post=201479"},{"taxonomy":"product_cat","embeddable":true,"href":"https:\/\/aromasentia.com\/da\/wp-json\/wp\/v2\/product_cat?post=201479"},{"taxonomy":"product_tag","embeddable":true,"href":"https:\/\/aromasentia.com\/da\/wp-json\/wp\/v2\/product_tag?post=201479"}],"curies":[{"name":"wp","href":"https:\/\/api.w.org\/{rel}","templated":true}]}}