{"id":201478,"date":"2025-03-20T14:58:02","date_gmt":"2025-03-20T14:58:02","guid":{"rendered":"https:\/\/aromasentia.com\/product\/10x-10ml-white-camphor-essential-oil-unlabelled\/"},"modified":"2025-06-22T03:37:31","modified_gmt":"2025-06-22T03:37:31","slug":"hvid-kamfer-aeterisk-olie-uden-etikette-10ml-10stk","status":"publish","type":"product","link":"https:\/\/aromasentia.com\/da\/hvid-kamfer-aeterisk-olie-uden-etikette-10ml-10stk\/","title":{"rendered":"Hvid Kamfer \u00c6terisk Olie Uden Etikette 10ml \/ 10Stk."},"content":{"rendered":"<p>Oplev den kraftige, afklarende aroma fra denne um\u00e6rkede 10-pak med 10 ml \u00e6terisk olie af hvid kamfer. Med sin st\u00e6rke, gennemtr\u00e6ngende og medicinske duft bruges hvid kamferolie traditionelt for sine stimulerende, afsv\u00e6kkende og smertestillende virkninger. Den kan v\u00e6re s\u00e6rlig gavnlig i blandinger, der har til form\u00e5l at st\u00f8tte \u00e5ndedr\u00e6tsfunktionen, lindre muskelsmerter eller fungere som et naturligt insektmiddel. Dens skarpe, energigivende duft hj\u00e6lper ogs\u00e5 med at rense sindet og fremme mental \u00e5rv\u00e5genhed. En klassisk terapeutisk olie.<\/p>\n","protected":false},"excerpt":{"rendered":"<p>Oplev den kraftige, afklarende aroma fra denne um\u00e6rkede 10-pak med 10 ml \u00e6terisk olie af hvid kamfer. Med sin st\u00e6rke, gennemtr\u00e6ngende og medicinske duft bruges hvid kamferolie traditionelt for sine stimulerende, afsv\u00e6kkende og smertestillende virkninger. Den kan v\u00e6re s\u00e6rlig gavnlig i blandinger, der har til form\u00e5l at st\u00f8tte \u00e5ndedr\u00e6tsfunktionen, lindre muskelsmerter eller fungere som et [&hellip;]<\/p>\n","protected":false},"featured_media":264176,"comment_status":"closed","ping_status":"open","template":"","meta":{"_angie_page":false},"product_brand":[27094],"product_cat":[7647,6153,25839,25999,26865],"product_tag":[],"class_list":{"0":"post-201478","1":"product","2":"type-product","3":"status-publish","4":"has-post-thumbnail","6":"product_brand-ancient-wisdom","7":"product_cat-aeteriske-olier","8":"product_cat-aromaterapi-og-rumdufte","9":"product_cat-dufte-aromaer","10":"product_cat-hvid-kamfer","11":"product_cat-medicinsk-kamferagtig","12":"pa_collection-gifts-unbranded-essential-oils-da","13":"pa_made-in-kina","14":"pa_size-10ml","16":"first","17":"instock","18":"purchasable","19":"product-type-simple"},"supplier_id":null,"supplier_sku":"EOUL-57","barcode":null,"atum_controlled":true,"out_stock_date":null,"out_stock_threshold":null,"inheritable":false,"inbound_stock":null,"stock_on_hold":0,"sold_today":0,"sales_last_days":0,"reserved_stock":null,"customer_returns":null,"warehouse_damage":null,"lost_in_post":null,"other_logs":null,"out_stock_days":0,"lost_sales":0,"has_location":null,"update_date":"2026-05-08T05:08:28","atum_locations":[],"atum_stock_status":"instock","restock_status":false,"low_stock_amount":"","sales_update_date":"2026-01-30T01:25:52","calc_backorders":null,"_links":{"self":[{"href":"https:\/\/aromasentia.com\/da\/wp-json\/wp\/v2\/product\/201478","targetHints":{"allow":["GET"]}}],"collection":[{"href":"https:\/\/aromasentia.com\/da\/wp-json\/wp\/v2\/product"}],"about":[{"href":"https:\/\/aromasentia.com\/da\/wp-json\/wp\/v2\/types\/product"}],"replies":[{"embeddable":true,"href":"https:\/\/aromasentia.com\/da\/wp-json\/wp\/v2\/comments?post=201478"}],"version-history":[{"count":0,"href":"https:\/\/aromasentia.com\/da\/wp-json\/wp\/v2\/product\/201478\/revisions"}],"wp:featuredmedia":[{"embeddable":true,"href":"https:\/\/aromasentia.com\/da\/wp-json\/wp\/v2\/media\/264176"}],"wp:attachment":[{"href":"https:\/\/aromasentia.com\/da\/wp-json\/wp\/v2\/media?parent=201478"}],"wp:term":[{"taxonomy":"product_brand","embeddable":true,"href":"https:\/\/aromasentia.com\/da\/wp-json\/wp\/v2\/product_brand?post=201478"},{"taxonomy":"product_cat","embeddable":true,"href":"https:\/\/aromasentia.com\/da\/wp-json\/wp\/v2\/product_cat?post=201478"},{"taxonomy":"product_tag","embeddable":true,"href":"https:\/\/aromasentia.com\/da\/wp-json\/wp\/v2\/product_tag?post=201478"}],"curies":[{"name":"wp","href":"https:\/\/api.w.org\/{rel}","templated":true}]}}