{"id":201476,"date":"2025-03-20T14:58:02","date_gmt":"2025-03-20T14:58:02","guid":{"rendered":"https:\/\/aromasentia.com\/product\/10x-10ml-carrot-seed-essential-oil-unlabelled\/"},"modified":"2025-06-22T03:37:30","modified_gmt":"2025-06-22T03:37:30","slug":"gulerodsfroe-uden-maerkning-aeterisk-olie-10ml-10stk","status":"publish","type":"product","link":"https:\/\/aromasentia.com\/da\/gulerodsfroe-uden-maerkning-aeterisk-olie-10ml-10stk\/","title":{"rendered":"Gulerodsfr\u00f8 Uden m\u00e6rkning \u00c6terisk Olie 10ml \/ 10Stk."},"content":{"rendered":"<p>Foryng og reparer med denne um\u00e6rkede 10-pak med 10 ml \u00e6terisk gulerodsfr\u00f8olie. Denne olie har en unik t\u00f8r, jordagtig, tr\u00e6agtig og let s\u00f8dlig aroma. Gulerodsfr\u00f8 er meget v\u00e6rdsat i hudpleje for sine kraftfulde foryngende, styrkende og antioxidante egenskaber. Den hj\u00e6lper med at revitalisere kedelig hud, forbedre elasticiteten og st\u00f8tte helingen af beskadiget hud. Den er fremragende til moden eller milj\u00f8belastet hud og giver en sund, levende gl\u00f8d. En specialiseret olie til avancerede hudplejeformuleringer, klar til din branding.<\/p>\n","protected":false},"excerpt":{"rendered":"<p>Foryng og reparer med denne um\u00e6rkede 10-pak med 10 ml \u00e6terisk gulerodsfr\u00f8olie. Denne olie har en unik t\u00f8r, jordagtig, tr\u00e6agtig og let s\u00f8dlig aroma. Gulerodsfr\u00f8 er meget v\u00e6rdsat i hudpleje for sine kraftfulde foryngende, styrkende og antioxidante egenskaber. Den hj\u00e6lper med at revitalisere kedelig hud, forbedre elasticiteten og st\u00f8tte helingen af beskadiget hud. Den er [&hellip;]<\/p>\n","protected":false},"featured_media":264158,"comment_status":"closed","ping_status":"open","template":"","meta":{"_angie_page":false},"product_brand":[27094],"product_cat":[7647,6153,25839,25932,26823],"product_tag":[],"class_list":{"0":"post-201476","1":"product","2":"type-product","3":"status-publish","4":"has-post-thumbnail","6":"product_brand-ancient-wisdom","7":"product_cat-aeteriske-olier","8":"product_cat-aromaterapi-og-rumdufte","9":"product_cat-dufte-aromaer","10":"product_cat-gulerodsfro","11":"product_cat-jordagtig-og-gron","12":"pa_collection-gifts-unbranded-essential-oils-da","13":"pa_made-in-indien","14":"pa_size-10ml","16":"first","17":"outofstock","18":"purchasable","19":"product-type-simple"},"supplier_id":null,"supplier_sku":"EOUL-55","barcode":null,"atum_controlled":true,"out_stock_date":"2025-09-04 23:09:46","out_stock_threshold":null,"inheritable":false,"inbound_stock":null,"stock_on_hold":0,"sold_today":0,"sales_last_days":0,"reserved_stock":null,"customer_returns":null,"warehouse_damage":null,"lost_in_post":null,"other_logs":null,"out_stock_days":0,"lost_sales":0,"has_location":null,"update_date":"2026-04-27T07:01:53","atum_locations":[],"atum_stock_status":"outofstock","restock_status":false,"low_stock_amount":"","sales_update_date":"2025-09-02T00:11:52","calc_backorders":null,"_links":{"self":[{"href":"https:\/\/aromasentia.com\/da\/wp-json\/wp\/v2\/product\/201476","targetHints":{"allow":["GET"]}}],"collection":[{"href":"https:\/\/aromasentia.com\/da\/wp-json\/wp\/v2\/product"}],"about":[{"href":"https:\/\/aromasentia.com\/da\/wp-json\/wp\/v2\/types\/product"}],"replies":[{"embeddable":true,"href":"https:\/\/aromasentia.com\/da\/wp-json\/wp\/v2\/comments?post=201476"}],"version-history":[{"count":0,"href":"https:\/\/aromasentia.com\/da\/wp-json\/wp\/v2\/product\/201476\/revisions"}],"wp:featuredmedia":[{"embeddable":true,"href":"https:\/\/aromasentia.com\/da\/wp-json\/wp\/v2\/media\/264158"}],"wp:attachment":[{"href":"https:\/\/aromasentia.com\/da\/wp-json\/wp\/v2\/media?parent=201476"}],"wp:term":[{"taxonomy":"product_brand","embeddable":true,"href":"https:\/\/aromasentia.com\/da\/wp-json\/wp\/v2\/product_brand?post=201476"},{"taxonomy":"product_cat","embeddable":true,"href":"https:\/\/aromasentia.com\/da\/wp-json\/wp\/v2\/product_cat?post=201476"},{"taxonomy":"product_tag","embeddable":true,"href":"https:\/\/aromasentia.com\/da\/wp-json\/wp\/v2\/product_tag?post=201476"}],"curies":[{"name":"wp","href":"https:\/\/api.w.org\/{rel}","templated":true}]}}