{"id":201474,"date":"2025-03-20T14:58:02","date_gmt":"2025-03-20T14:58:02","guid":{"rendered":"https:\/\/aromasentia.com\/product\/10x-10ml-may-chang-essential-oil-unlabelled\/"},"modified":"2025-06-22T03:37:30","modified_gmt":"2025-06-22T03:37:30","slug":"may-chang-aeterisk-olie-uden-etikette-10ml-10stk","status":"publish","type":"product","link":"https:\/\/aromasentia.com\/da\/may-chang-aeterisk-olie-uden-etikette-10ml-10stk\/","title":{"rendered":"may Chang \u00c6terisk Olie Uden Etikette 10ml \/ 10Stk."},"content":{"rendered":"<p>Bliv i bedre hum\u00f8r med denne um\u00e6rkede 10-pak med 10 ml May Chang Essential Oil. Denne olie, der ogs\u00e5 er kendt som Litsea Cubeba, har en intens frisk, citronagtig, frugtagtig og s\u00f8d citrusaroma, der ofte beskrives som &#8220;gladere end citron&#8221;. May Chang er vidunderligt opl\u00f8ftende og hj\u00e6lper med at bek\u00e6mpe tr\u00e6thed, reducere angst og fremme f\u00f8lelser af gl\u00e6de og optimisme. Dens rensende egenskaber g\u00f8r den ogs\u00e5 fantastisk til at opfriske luften og fedtet hud. En virkelig munter og opkvikkende olie til diffusion og livlige blandinger.<\/p>\n","protected":false},"excerpt":{"rendered":"<p>Bliv i bedre hum\u00f8r med denne um\u00e6rkede 10-pak med 10 ml May Chang Essential Oil. Denne olie, der ogs\u00e5 er kendt som Litsea Cubeba, har en intens frisk, citronagtig, frugtagtig og s\u00f8d citrusaroma, der ofte beskrives som &#8220;gladere end citron&#8221;. May Chang er vidunderligt opl\u00f8ftende og hj\u00e6lper med at bek\u00e6mpe tr\u00e6thed, reducere angst og fremme [&hellip;]<\/p>\n","protected":false},"featured_media":264140,"comment_status":"closed","ping_status":"open","template":"","meta":[],"product_brand":[27094],"product_cat":[7647,6153,25839,25965],"product_tag":[],"class_list":{"0":"post-201474","1":"product","2":"type-product","3":"status-publish","4":"has-post-thumbnail","6":"product_brand-ancient-wisdom","7":"product_cat-aeteriske-olier","8":"product_cat-aromaterapi-og-rumdufte","9":"product_cat-dufte-aromaer","10":"product_cat-may-chang-litsea-cubeba","11":"pa_collection-gifts-unbranded-essential-oils-da","12":"pa_made-in-kina","13":"pa_size-10ml","15":"first","16":"instock","17":"purchasable","18":"product-type-simple"},"supplier_id":null,"supplier_sku":"EOUL-52","barcode":null,"atum_controlled":true,"out_stock_date":null,"out_stock_threshold":null,"inheritable":false,"inbound_stock":null,"stock_on_hold":0,"sold_today":0,"sales_last_days":0,"reserved_stock":null,"customer_returns":null,"warehouse_damage":null,"lost_in_post":null,"other_logs":null,"out_stock_days":0,"lost_sales":0,"has_location":null,"update_date":"2026-02-06T00:02:35","atum_locations":[],"atum_stock_status":"instock","restock_status":false,"low_stock_amount":"","sales_update_date":"2026-02-06T00:02:35","calc_backorders":null,"_links":{"self":[{"href":"https:\/\/aromasentia.com\/da\/wp-json\/wp\/v2\/product\/201474","targetHints":{"allow":["GET"]}}],"collection":[{"href":"https:\/\/aromasentia.com\/da\/wp-json\/wp\/v2\/product"}],"about":[{"href":"https:\/\/aromasentia.com\/da\/wp-json\/wp\/v2\/types\/product"}],"replies":[{"embeddable":true,"href":"https:\/\/aromasentia.com\/da\/wp-json\/wp\/v2\/comments?post=201474"}],"version-history":[{"count":0,"href":"https:\/\/aromasentia.com\/da\/wp-json\/wp\/v2\/product\/201474\/revisions"}],"wp:featuredmedia":[{"embeddable":true,"href":"https:\/\/aromasentia.com\/da\/wp-json\/wp\/v2\/media\/264140"}],"wp:attachment":[{"href":"https:\/\/aromasentia.com\/da\/wp-json\/wp\/v2\/media?parent=201474"}],"wp:term":[{"taxonomy":"product_brand","embeddable":true,"href":"https:\/\/aromasentia.com\/da\/wp-json\/wp\/v2\/product_brand?post=201474"},{"taxonomy":"product_cat","embeddable":true,"href":"https:\/\/aromasentia.com\/da\/wp-json\/wp\/v2\/product_cat?post=201474"},{"taxonomy":"product_tag","embeddable":true,"href":"https:\/\/aromasentia.com\/da\/wp-json\/wp\/v2\/product_tag?post=201474"}],"curies":[{"name":"wp","href":"https:\/\/api.w.org\/{rel}","templated":true}]}}