{"id":201473,"date":"2025-03-20T14:58:02","date_gmt":"2025-03-20T14:58:02","guid":{"rendered":"https:\/\/aromasentia.com\/product\/10x-10ml-hyssop-essential-oil-unlabelled\/"},"modified":"2025-06-22T03:37:29","modified_gmt":"2025-06-22T03:37:29","slug":"isop-aeterisk-olie-uden-etikette-10ml-10stk","status":"publish","type":"product","link":"https:\/\/aromasentia.com\/da\/isop-aeterisk-olie-uden-etikette-10ml-10stk\/","title":{"rendered":"Isop \u00c6terisk Olie Uden Etikette 10ml \/ 10Stk."},"content":{"rendered":"<p>Rens og opl\u00f8ft med denne um\u00e6rkede 10-pak med 10 ml \u00e6terisk olie af isop. Isop har en frisk, kamferagtig, urteagtig og let s\u00f8dlig aroma. Traditionelt er den blevet brugt for sine sliml\u00f8sende og antivirale egenskaber, der hj\u00e6lper med at st\u00f8tte luftvejene og rense systemet. Dens duft kan virke afklarende og opl\u00f8ftende p\u00e5 sindet. Det er en potent olie, der skal bruges med bevidsthed, og den er v\u00e6rdsat for sin evne til at fremme en klar vejrtr\u00e6kning og en f\u00f8lelse af \u00e5ndelig renselse, mens du venter p\u00e5 din egen etiket.<\/p>\n","protected":false},"excerpt":{"rendered":"<p>Rens og opl\u00f8ft med denne um\u00e6rkede 10-pak med 10 ml \u00e6terisk olie af isop. Isop har en frisk, kamferagtig, urteagtig og let s\u00f8dlig aroma. Traditionelt er den blevet brugt for sine sliml\u00f8sende og antivirale egenskaber, der hj\u00e6lper med at st\u00f8tte luftvejene og rense systemet. Dens duft kan virke afklarende og opl\u00f8ftende p\u00e5 sindet. Det er [&hellip;]<\/p>\n","protected":false},"featured_media":264131,"comment_status":"closed","ping_status":"open","template":"","meta":{"_angie_page":false},"product_brand":[27094],"product_cat":[7647,6153,25839,25954,26858],"product_tag":[],"class_list":{"0":"post-201473","1":"product","2":"type-product","3":"status-publish","4":"has-post-thumbnail","6":"product_brand-ancient-wisdom","7":"product_cat-aeteriske-olier","8":"product_cat-aromaterapi-og-rumdufte","9":"product_cat-dufte-aromaer","10":"product_cat-isop","11":"product_cat-urte-aromatisk","12":"pa_collection-gifts-unbranded-essential-oils-da","13":"pa_made-in-kroatien","14":"pa_size-10ml","16":"first","17":"instock","18":"purchasable","19":"product-type-simple"},"supplier_id":null,"supplier_sku":"EOUL-51","barcode":null,"atum_controlled":true,"out_stock_date":null,"out_stock_threshold":null,"inheritable":false,"inbound_stock":null,"stock_on_hold":0,"sold_today":0,"sales_last_days":0,"reserved_stock":null,"customer_returns":null,"warehouse_damage":null,"lost_in_post":null,"other_logs":null,"out_stock_days":0,"lost_sales":0,"has_location":null,"update_date":"2026-05-08T05:08:28","atum_locations":[],"atum_stock_status":"instock","restock_status":false,"low_stock_amount":"","sales_update_date":"2026-01-30T01:25:28","calc_backorders":null,"_links":{"self":[{"href":"https:\/\/aromasentia.com\/da\/wp-json\/wp\/v2\/product\/201473","targetHints":{"allow":["GET"]}}],"collection":[{"href":"https:\/\/aromasentia.com\/da\/wp-json\/wp\/v2\/product"}],"about":[{"href":"https:\/\/aromasentia.com\/da\/wp-json\/wp\/v2\/types\/product"}],"replies":[{"embeddable":true,"href":"https:\/\/aromasentia.com\/da\/wp-json\/wp\/v2\/comments?post=201473"}],"version-history":[{"count":0,"href":"https:\/\/aromasentia.com\/da\/wp-json\/wp\/v2\/product\/201473\/revisions"}],"wp:featuredmedia":[{"embeddable":true,"href":"https:\/\/aromasentia.com\/da\/wp-json\/wp\/v2\/media\/264131"}],"wp:attachment":[{"href":"https:\/\/aromasentia.com\/da\/wp-json\/wp\/v2\/media?parent=201473"}],"wp:term":[{"taxonomy":"product_brand","embeddable":true,"href":"https:\/\/aromasentia.com\/da\/wp-json\/wp\/v2\/product_brand?post=201473"},{"taxonomy":"product_cat","embeddable":true,"href":"https:\/\/aromasentia.com\/da\/wp-json\/wp\/v2\/product_cat?post=201473"},{"taxonomy":"product_tag","embeddable":true,"href":"https:\/\/aromasentia.com\/da\/wp-json\/wp\/v2\/product_tag?post=201473"}],"curies":[{"name":"wp","href":"https:\/\/api.w.org\/{rel}","templated":true}]}}