{"id":201471,"date":"2025-03-20T14:58:30","date_gmt":"2025-03-20T14:58:30","guid":{"rendered":"https:\/\/aromasentia.com\/product\/10x-10ml-spearmint-essential-oil-unlabelled\/"},"modified":"2025-06-22T03:37:28","modified_gmt":"2025-06-22T03:37:28","slug":"spearmint-aeterisk-olie-uden-etikette-10ml-10stk","status":"publish","type":"product","link":"https:\/\/aromasentia.com\/da\/spearmint-aeterisk-olie-uden-etikette-10ml-10stk\/","title":{"rendered":"Spearmint \u00c6terisk Olie Uden Etikette 10ml \/ 10Stk."},"content":{"rendered":"<p>Opl\u00f8ft dig med den s\u00f8de, mynteagtige friskhed fra denne um\u00e6rkede 10-pak med 10 ml \u00e6terisk olie af spearmint. Spearmint er blidere end pebermynte og har en s\u00f8d, mintagtig og let frugtagtig aroma, der er vidunderligt forfriskende og opl\u00f8ftende. Den er kendt for at hj\u00e6lpe p\u00e5 ford\u00f8jelsen, lindre kvalme og give et blidt energiboost uden at v\u00e6re alt for stimulerende. Den behagelige duft er ogs\u00e5 god til at opfriske \u00e5nde og rum. Et popul\u00e6rt valg for dem, der nyder en bl\u00f8dere mintduft, som giver fokus, komfort og et strejf af s\u00f8dme.<\/p>\n","protected":false},"excerpt":{"rendered":"<p>Opl\u00f8ft dig med den s\u00f8de, mynteagtige friskhed fra denne um\u00e6rkede 10-pak med 10 ml \u00e6terisk olie af spearmint. Spearmint er blidere end pebermynte og har en s\u00f8d, mintagtig og let frugtagtig aroma, der er vidunderligt forfriskende og opl\u00f8ftende. Den er kendt for at hj\u00e6lpe p\u00e5 ford\u00f8jelsen, lindre kvalme og give et blidt energiboost uden at [&hellip;]<\/p>\n","protected":false},"featured_media":264347,"comment_status":"closed","ping_status":"open","template":"","meta":[],"product_brand":[27094],"product_cat":[7647,6153,25839,25991,26872],"product_tag":[],"class_list":{"0":"post-201471","1":"product","2":"type-product","3":"status-publish","4":"has-post-thumbnail","6":"product_brand-ancient-wisdom","7":"product_cat-aeteriske-olier","8":"product_cat-aromaterapi-og-rumdufte","9":"product_cat-dufte-aromaer","10":"product_cat-gron-mynte","11":"product_cat-mynte","12":"pa_collection-gifts-unbranded-essential-oils-da","13":"pa_made-in-kina","14":"pa_size-10ml","16":"first","17":"instock","18":"purchasable","19":"product-type-simple"},"supplier_id":null,"supplier_sku":"EOUL-84","barcode":null,"atum_controlled":true,"out_stock_date":null,"out_stock_threshold":null,"inheritable":false,"inbound_stock":null,"stock_on_hold":0,"sold_today":0,"sales_last_days":0,"reserved_stock":null,"customer_returns":null,"warehouse_damage":null,"lost_in_post":null,"other_logs":null,"out_stock_days":0,"lost_sales":0,"has_location":null,"update_date":"2026-02-04T08:18:23","atum_locations":[],"atum_stock_status":"instock","restock_status":false,"low_stock_amount":"","sales_update_date":"2026-01-30T01:26:18","calc_backorders":null,"_links":{"self":[{"href":"https:\/\/aromasentia.com\/da\/wp-json\/wp\/v2\/product\/201471","targetHints":{"allow":["GET"]}}],"collection":[{"href":"https:\/\/aromasentia.com\/da\/wp-json\/wp\/v2\/product"}],"about":[{"href":"https:\/\/aromasentia.com\/da\/wp-json\/wp\/v2\/types\/product"}],"replies":[{"embeddable":true,"href":"https:\/\/aromasentia.com\/da\/wp-json\/wp\/v2\/comments?post=201471"}],"version-history":[{"count":0,"href":"https:\/\/aromasentia.com\/da\/wp-json\/wp\/v2\/product\/201471\/revisions"}],"wp:featuredmedia":[{"embeddable":true,"href":"https:\/\/aromasentia.com\/da\/wp-json\/wp\/v2\/media\/264347"}],"wp:attachment":[{"href":"https:\/\/aromasentia.com\/da\/wp-json\/wp\/v2\/media?parent=201471"}],"wp:term":[{"taxonomy":"product_brand","embeddable":true,"href":"https:\/\/aromasentia.com\/da\/wp-json\/wp\/v2\/product_brand?post=201471"},{"taxonomy":"product_cat","embeddable":true,"href":"https:\/\/aromasentia.com\/da\/wp-json\/wp\/v2\/product_cat?post=201471"},{"taxonomy":"product_tag","embeddable":true,"href":"https:\/\/aromasentia.com\/da\/wp-json\/wp\/v2\/product_tag?post=201471"}],"curies":[{"name":"wp","href":"https:\/\/api.w.org\/{rel}","templated":true}]}}