{"id":201469,"date":"2025-03-20T14:58:30","date_gmt":"2025-03-20T14:58:30","guid":{"rendered":"https:\/\/aromasentia.com\/product\/10x-10ml-ylang-ylang-iii-essential-oil-unlabelled\/"},"modified":"2025-06-22T03:37:28","modified_gmt":"2025-06-22T03:37:28","slug":"ylang-ylang-iii-aeterisk-olie-uden-etikette-10ml-10stk","status":"publish","type":"product","link":"https:\/\/aromasentia.com\/da\/ylang-ylang-iii-aeterisk-olie-uden-etikette-10ml-10stk\/","title":{"rendered":"Ylang Ylang Iii \u00c6terisk Olie Uden Etikette 10ml \/ 10Stk."},"content":{"rendered":"<p>Nyd de dybt blomsteragtige og eksotiske noter i denne um\u00e6rkede 10-pak med 10 ml Ylang Ylang III Essential Oil. Mens Ylang Ylang I ofte anses for at v\u00e6re den bedste kvalitet til parfume, giver Ylang Ylang III en stadig smuk, s\u00f8d og vedholdende blomsteraroma, ofte mere balsamisk og mindre intenst skarp. Den bevarer Ylang Ylangs klassiske afslappende, hum\u00f8rl\u00f8ftende og afrodisiakumagtige kvaliteter, hvilket g\u00f8r den fremragende til at lette stress og skabe en sensuel atmosf\u00e6re. En dejlig, prisvenlig mulighed for at nyde denne tropiske skat.<\/p>\n","protected":false},"excerpt":{"rendered":"<p>Nyd de dybt blomsteragtige og eksotiske noter i denne um\u00e6rkede 10-pak med 10 ml Ylang Ylang III Essential Oil. Mens Ylang Ylang I ofte anses for at v\u00e6re den bedste kvalitet til parfume, giver Ylang Ylang III en stadig smuk, s\u00f8d og vedholdende blomsteraroma, ofte mere balsamisk og mindre intenst skarp. Den bevarer Ylang Ylangs [&hellip;]<\/p>\n","protected":false},"featured_media":264329,"comment_status":"closed","ping_status":"open","template":"","meta":{"_angie_page":false},"product_brand":[27094],"product_cat":[7647,6153,26830,25839,26001],"product_tag":[],"class_list":{"0":"post-201469","1":"product","2":"type-product","3":"status-publish","4":"has-post-thumbnail","6":"product_brand-ancient-wisdom","7":"product_cat-aeteriske-olier","8":"product_cat-aromaterapi-og-rumdufte","9":"product_cat-blomster","10":"product_cat-dufte-aromaer","11":"product_cat-ylang-ylang","12":"pa_collection-gifts-unbranded-essential-oils-da","13":"pa_made-in-comorerne","14":"pa_size-10ml","16":"first","17":"instock","18":"purchasable","19":"product-type-simple"},"supplier_id":null,"supplier_sku":"EOUL-82","barcode":null,"atum_controlled":true,"out_stock_date":null,"out_stock_threshold":null,"inheritable":false,"inbound_stock":null,"stock_on_hold":0,"sold_today":0,"sales_last_days":0,"reserved_stock":null,"customer_returns":null,"warehouse_damage":null,"lost_in_post":null,"other_logs":null,"out_stock_days":0,"lost_sales":0,"has_location":null,"update_date":"2026-05-08T05:08:29","atum_locations":[],"atum_stock_status":"instock","restock_status":false,"low_stock_amount":"","sales_update_date":"2026-01-30T01:26:17","calc_backorders":null,"_links":{"self":[{"href":"https:\/\/aromasentia.com\/da\/wp-json\/wp\/v2\/product\/201469","targetHints":{"allow":["GET"]}}],"collection":[{"href":"https:\/\/aromasentia.com\/da\/wp-json\/wp\/v2\/product"}],"about":[{"href":"https:\/\/aromasentia.com\/da\/wp-json\/wp\/v2\/types\/product"}],"replies":[{"embeddable":true,"href":"https:\/\/aromasentia.com\/da\/wp-json\/wp\/v2\/comments?post=201469"}],"version-history":[{"count":0,"href":"https:\/\/aromasentia.com\/da\/wp-json\/wp\/v2\/product\/201469\/revisions"}],"wp:featuredmedia":[{"embeddable":true,"href":"https:\/\/aromasentia.com\/da\/wp-json\/wp\/v2\/media\/264329"}],"wp:attachment":[{"href":"https:\/\/aromasentia.com\/da\/wp-json\/wp\/v2\/media?parent=201469"}],"wp:term":[{"taxonomy":"product_brand","embeddable":true,"href":"https:\/\/aromasentia.com\/da\/wp-json\/wp\/v2\/product_brand?post=201469"},{"taxonomy":"product_cat","embeddable":true,"href":"https:\/\/aromasentia.com\/da\/wp-json\/wp\/v2\/product_cat?post=201469"},{"taxonomy":"product_tag","embeddable":true,"href":"https:\/\/aromasentia.com\/da\/wp-json\/wp\/v2\/product_tag?post=201469"}],"curies":[{"name":"wp","href":"https:\/\/api.w.org\/{rel}","templated":true}]}}