{"id":201467,"date":"2025-03-20T14:58:30","date_gmt":"2025-03-20T14:58:30","guid":{"rendered":"https:\/\/aromasentia.com\/product\/10x-10ml-rose-geranium-essential-oil-unlabelled\/"},"modified":"2025-06-22T03:37:27","modified_gmt":"2025-06-22T03:37:27","slug":"rosengeranium-aeterisk-olie-uden-etikette-10ml-10stk","status":"publish","type":"product","link":"https:\/\/aromasentia.com\/da\/rosengeranium-aeterisk-olie-uden-etikette-10ml-10stk\/","title":{"rendered":"Rosengeranium \u00c6terisk Olie Uden Etikette 10ml \/ 10Stk."},"content":{"rendered":"<p>Nyd de harmoniske blomsternoter i denne um\u00e6rkede 10-pak med 10 ml \u00e6terisk olie af rosengeranium. Denne smukke olie kombinerer de rosenr\u00f8de noter fra geranium med en tydelig lighed med \u00e6gte rose og giver en s\u00f8d, opl\u00f8ftende og afbalancerende blomsterduft. Den er v\u00e6rdsat for sin evne til at harmonisere f\u00f8lelser, d\u00e6mpe angst og underst\u00f8tte kvinders velbefindende. I hudpleje hj\u00e6lper den med at afbalancere talg og fremme en sund teint. En virkelig dejlig og alsidig blomsterolie til parfumer, hudpleje og f\u00f8lelsesm\u00e6ssig balance.<\/p>\n","protected":false},"excerpt":{"rendered":"<p>Nyd de harmoniske blomsternoter i denne um\u00e6rkede 10-pak med 10 ml \u00e6terisk olie af rosengeranium. Denne smukke olie kombinerer de rosenr\u00f8de noter fra geranium med en tydelig lighed med \u00e6gte rose og giver en s\u00f8d, opl\u00f8ftende og afbalancerende blomsterduft. Den er v\u00e6rdsat for sin evne til at harmonisere f\u00f8lelser, d\u00e6mpe angst og underst\u00f8tte kvinders velbefindende. [&hellip;]<\/p>\n","protected":false},"featured_media":264311,"comment_status":"closed","ping_status":"open","template":"","meta":{"_angie_page":false},"product_brand":[27094],"product_cat":[7647,6153,26830,25839,25948,25984],"product_tag":[],"class_list":{"0":"post-201467","1":"product","2":"type-product","3":"status-publish","4":"has-post-thumbnail","6":"product_brand-ancient-wisdom","7":"product_cat-aeteriske-olier","8":"product_cat-aromaterapi-og-rumdufte","9":"product_cat-blomster","10":"product_cat-dufte-aromaer","11":"product_cat-geranium","12":"product_cat-rose","13":"pa_collection-gifts-unbranded-essential-oils-da","14":"pa_made-in-egypten","15":"pa_size-10ml","17":"first","18":"instock","19":"purchasable","20":"product-type-simple"},"supplier_id":null,"supplier_sku":"EOUL-75","barcode":null,"atum_controlled":true,"out_stock_date":null,"out_stock_threshold":null,"inheritable":false,"inbound_stock":null,"stock_on_hold":0,"sold_today":0,"sales_last_days":0,"reserved_stock":null,"customer_returns":null,"warehouse_damage":null,"lost_in_post":null,"other_logs":null,"out_stock_days":0,"lost_sales":0,"has_location":null,"update_date":"2026-04-27T07:02:01","atum_locations":[],"atum_stock_status":"instock","restock_status":false,"low_stock_amount":"","sales_update_date":"2026-01-30T01:26:02","calc_backorders":null,"_links":{"self":[{"href":"https:\/\/aromasentia.com\/da\/wp-json\/wp\/v2\/product\/201467","targetHints":{"allow":["GET"]}}],"collection":[{"href":"https:\/\/aromasentia.com\/da\/wp-json\/wp\/v2\/product"}],"about":[{"href":"https:\/\/aromasentia.com\/da\/wp-json\/wp\/v2\/types\/product"}],"replies":[{"embeddable":true,"href":"https:\/\/aromasentia.com\/da\/wp-json\/wp\/v2\/comments?post=201467"}],"version-history":[{"count":0,"href":"https:\/\/aromasentia.com\/da\/wp-json\/wp\/v2\/product\/201467\/revisions"}],"wp:featuredmedia":[{"embeddable":true,"href":"https:\/\/aromasentia.com\/da\/wp-json\/wp\/v2\/media\/264311"}],"wp:attachment":[{"href":"https:\/\/aromasentia.com\/da\/wp-json\/wp\/v2\/media?parent=201467"}],"wp:term":[{"taxonomy":"product_brand","embeddable":true,"href":"https:\/\/aromasentia.com\/da\/wp-json\/wp\/v2\/product_brand?post=201467"},{"taxonomy":"product_cat","embeddable":true,"href":"https:\/\/aromasentia.com\/da\/wp-json\/wp\/v2\/product_cat?post=201467"},{"taxonomy":"product_tag","embeddable":true,"href":"https:\/\/aromasentia.com\/da\/wp-json\/wp\/v2\/product_tag?post=201467"}],"curies":[{"name":"wp","href":"https:\/\/api.w.org\/{rel}","templated":true}]}}