{"id":201464,"date":"2025-03-20T14:58:30","date_gmt":"2025-03-20T14:58:30","guid":{"rendered":"https:\/\/aromasentia.com\/product\/10x-10ml-lemon-tea-tree-unlabelled\/"},"modified":"2025-06-22T03:37:25","modified_gmt":"2025-06-22T03:37:25","slug":"10x-10ml-lemon-tea-tree-unlabelled","status":"publish","type":"product","link":"https:\/\/aromasentia.com\/da\/10x-10ml-lemon-tea-tree-unlabelled\/","title":{"rendered":"10x 10ml Lemon Tea Tree Unlabelled"},"content":{"rendered":"<p>Rens og styrk med denne um\u00e6rkede 10-pak med 10 ml \u00e6terisk citrontr\u00e6olie. Denne livlige olie, ogs\u00e5 kendt som Lemon-Scented Tea Tree, kombinerer de kraftige antiseptiske egenskaber fra traditionel Tea Tree med en lys, opl\u00f8ftende citronaroma. Den er fremragende til at rense luften, afvise insekter og bruges i naturlige reng\u00f8ringsmidler. Den muntre, pikante duft er mindre medicinsk end almindelig Tea Tree, hvilket g\u00f8r den til et behageligt valg til diffusion, samtidig med at den stadig har st\u00e6rke rensende fordele for hjemmet og huden.<\/p>\n","protected":false},"excerpt":{"rendered":"<p>Rens og styrk med denne um\u00e6rkede 10-pak med 10 ml \u00e6terisk citrontr\u00e6olie. Denne livlige olie, ogs\u00e5 kendt som Lemon-Scented Tea Tree, kombinerer de kraftige antiseptiske egenskaber fra traditionel Tea Tree med en lys, opl\u00f8ftende citronaroma. Den er fremragende til at rense luften, afvise insekter og bruges i naturlige reng\u00f8ringsmidler. Den muntre, pikante duft er mindre [&hellip;]<\/p>\n","protected":false},"featured_media":264284,"comment_status":"closed","ping_status":"open","template":"","meta":{"_angie_page":false},"product_brand":[27094],"product_cat":[6153,25959,25839],"product_tag":[],"class_list":{"0":"post-201464","1":"product","2":"type-product","3":"status-publish","4":"has-post-thumbnail","6":"product_brand-ancient-wisdom","7":"product_cat-aromaterapi-og-rumdufte","8":"product_cat-citron-tea-tree","9":"product_cat-dufte-aromaer","10":"pa_collection-gifts-unbranded-essential-oils-da","11":"pa_made-in-australien","12":"pa_size-10ml","14":"first","15":"instock","16":"purchasable","17":"product-type-simple"},"supplier_id":null,"supplier_sku":"EOUL-72","barcode":null,"atum_controlled":true,"out_stock_date":null,"out_stock_threshold":null,"inheritable":false,"inbound_stock":null,"stock_on_hold":0,"sold_today":0,"sales_last_days":0,"reserved_stock":null,"customer_returns":null,"warehouse_damage":null,"lost_in_post":null,"other_logs":null,"out_stock_days":0,"lost_sales":0,"has_location":null,"update_date":"2026-04-27T07:02:01","atum_locations":[],"atum_stock_status":"instock","restock_status":false,"low_stock_amount":"","sales_update_date":"2026-02-06T00:01:31","calc_backorders":null,"_links":{"self":[{"href":"https:\/\/aromasentia.com\/da\/wp-json\/wp\/v2\/product\/201464","targetHints":{"allow":["GET"]}}],"collection":[{"href":"https:\/\/aromasentia.com\/da\/wp-json\/wp\/v2\/product"}],"about":[{"href":"https:\/\/aromasentia.com\/da\/wp-json\/wp\/v2\/types\/product"}],"replies":[{"embeddable":true,"href":"https:\/\/aromasentia.com\/da\/wp-json\/wp\/v2\/comments?post=201464"}],"version-history":[{"count":0,"href":"https:\/\/aromasentia.com\/da\/wp-json\/wp\/v2\/product\/201464\/revisions"}],"wp:featuredmedia":[{"embeddable":true,"href":"https:\/\/aromasentia.com\/da\/wp-json\/wp\/v2\/media\/264284"}],"wp:attachment":[{"href":"https:\/\/aromasentia.com\/da\/wp-json\/wp\/v2\/media?parent=201464"}],"wp:term":[{"taxonomy":"product_brand","embeddable":true,"href":"https:\/\/aromasentia.com\/da\/wp-json\/wp\/v2\/product_brand?post=201464"},{"taxonomy":"product_cat","embeddable":true,"href":"https:\/\/aromasentia.com\/da\/wp-json\/wp\/v2\/product_cat?post=201464"},{"taxonomy":"product_tag","embeddable":true,"href":"https:\/\/aromasentia.com\/da\/wp-json\/wp\/v2\/product_tag?post=201464"}],"curies":[{"name":"wp","href":"https:\/\/api.w.org\/{rel}","templated":true}]}}