{"id":201463,"date":"2025-03-20T14:58:30","date_gmt":"2025-03-20T14:58:30","guid":{"rendered":"https:\/\/aromasentia.com\/product\/10x-10ml-ho-wood-essential-oil-unlabelled\/"},"modified":"2025-06-22T03:37:25","modified_gmt":"2025-06-22T03:37:25","slug":"ho-wood-aeterisk-olie-uden-etikette-10ml-10stk","status":"publish","type":"product","link":"https:\/\/aromasentia.com\/da\/ho-wood-aeterisk-olie-uden-etikette-10ml-10stk\/","title":{"rendered":"Ho Wood \u00c6terisk Olie Uden Etikette 10ml \/ 10Stk."},"content":{"rendered":"<p>Oplev den blide styrke i denne um\u00e6rkede 10-pak med 10 ml Ho Wood Essential Oil. Ho Wood har en dejlig s\u00f8d, tr\u00e6agtig og let blomsteragtig aroma og bruges ofte som et b\u00e6redygtigt alternativ til palisander p\u00e5 grund af sit h\u00f8je indhold af linalool. Den er vidunderligt beroligende, afslappende og opl\u00f8ftende og hj\u00e6lper med at lette stress og fremme f\u00f8lelsesm\u00e6ssig balance. Den er blid mod huden og v\u00e6rds\u00e6ttes ogs\u00e5 i hudpleje for sine beroligende og foryngende egenskaber. En virkelig fredfyldt og alsidig olie til hverdagens velbefindende.<\/p>\n","protected":false},"excerpt":{"rendered":"<p>Oplev den blide styrke i denne um\u00e6rkede 10-pak med 10 ml Ho Wood Essential Oil. Ho Wood har en dejlig s\u00f8d, tr\u00e6agtig og let blomsteragtig aroma og bruges ofte som et b\u00e6redygtigt alternativ til palisander p\u00e5 grund af sit h\u00f8je indhold af linalool. Den er vidunderligt beroligende, afslappende og opl\u00f8ftende og hj\u00e6lper med at lette [&hellip;]<\/p>\n","protected":false},"featured_media":264275,"comment_status":"closed","ping_status":"open","template":"","meta":{"_angie_page":false},"product_brand":[27094],"product_cat":[7647,6153,25839,25953,26893],"product_tag":[],"class_list":{"0":"post-201463","1":"product","2":"type-product","3":"status-publish","4":"has-post-thumbnail","6":"product_brand-ancient-wisdom","7":"product_cat-aeteriske-olier","8":"product_cat-aromaterapi-og-rumdufte","9":"product_cat-dufte-aromaer","10":"product_cat-ho-trae","11":"product_cat-traeagtig","12":"pa_collection-gifts-unbranded-essential-oils-da","13":"pa_made-in-kina","14":"pa_size-10ml","16":"first","17":"instock","18":"purchasable","19":"product-type-simple"},"supplier_id":null,"supplier_sku":"EOUL-71","barcode":null,"atum_controlled":true,"out_stock_date":null,"out_stock_threshold":null,"inheritable":false,"inbound_stock":null,"stock_on_hold":0,"sold_today":0,"sales_last_days":0,"reserved_stock":null,"customer_returns":null,"warehouse_damage":null,"lost_in_post":null,"other_logs":null,"out_stock_days":0,"lost_sales":0,"has_location":null,"update_date":"2026-04-27T07:02:01","atum_locations":[],"atum_stock_status":"instock","restock_status":false,"low_stock_amount":"","sales_update_date":"2026-01-30T01:26:38","calc_backorders":null,"_links":{"self":[{"href":"https:\/\/aromasentia.com\/da\/wp-json\/wp\/v2\/product\/201463","targetHints":{"allow":["GET"]}}],"collection":[{"href":"https:\/\/aromasentia.com\/da\/wp-json\/wp\/v2\/product"}],"about":[{"href":"https:\/\/aromasentia.com\/da\/wp-json\/wp\/v2\/types\/product"}],"replies":[{"embeddable":true,"href":"https:\/\/aromasentia.com\/da\/wp-json\/wp\/v2\/comments?post=201463"}],"version-history":[{"count":0,"href":"https:\/\/aromasentia.com\/da\/wp-json\/wp\/v2\/product\/201463\/revisions"}],"wp:featuredmedia":[{"embeddable":true,"href":"https:\/\/aromasentia.com\/da\/wp-json\/wp\/v2\/media\/264275"}],"wp:attachment":[{"href":"https:\/\/aromasentia.com\/da\/wp-json\/wp\/v2\/media?parent=201463"}],"wp:term":[{"taxonomy":"product_brand","embeddable":true,"href":"https:\/\/aromasentia.com\/da\/wp-json\/wp\/v2\/product_brand?post=201463"},{"taxonomy":"product_cat","embeddable":true,"href":"https:\/\/aromasentia.com\/da\/wp-json\/wp\/v2\/product_cat?post=201463"},{"taxonomy":"product_tag","embeddable":true,"href":"https:\/\/aromasentia.com\/da\/wp-json\/wp\/v2\/product_tag?post=201463"}],"curies":[{"name":"wp","href":"https:\/\/api.w.org\/{rel}","templated":true}]}}