{"id":201456,"date":"2025-03-20T14:58:59","date_gmt":"2025-03-20T14:58:59","guid":{"rendered":"https:\/\/aromasentia.com\/product\/hh-tarot-roll-on-the-lovers\/"},"modified":"2025-06-22T03:37:20","modified_gmt":"2025-06-22T03:37:20","slug":"hh-tarot-roll-on-de-elskende","status":"publish","type":"product","link":"https:\/\/aromasentia.com\/da\/hh-tarot-roll-on-de-elskende\/","title":{"rendered":"HH Tarot Roll On &#8211; De Elskende"},"content":{"rendered":"<p><span style=\"color: rgb(75, 80, 88);\"><strong>&#8220;The Lovers&#8221; fra Hop Hare, en f\u00e6ngslende roll-on med \u00e6teriske olier og \u00e6delstens, designet til at ant\u00e6nde k\u00e6rlighed og lidenskab. Hver flaske er fyldt med naturens mest f\u00e6ngslende dufte og den plejende essens af rosakvarts-\u00e6delsten og er en harmonisk blanding af k\u00e6rlighed og tiltr\u00e6kningskraft.<\/span><\/p>\n<p><span style=\"color: rgb(75, 80, 88);\"><strong>Rosenkvartsens kraft<\/strong><\/span><\/p>\n<p><span style=\"color: rgb(75, 80, 88);\">Indbygget i hver roll-on er en rosakvarts-\u00e6delsten, kendt som k\u00e6rlighedens ambassad\u00f8r. Rosenkvarts, der er v\u00e6rdsat for sin evne til at tiltr\u00e6kke og n\u00e6re k\u00e6rlighed, fremmer f\u00f8lelsesm\u00e6ssig heling, letter stress og fremmer k\u00e6rlighed i dens forskellige former.<\/span><\/p>\n<p><span style=\"color: rgb(75, 80, 88);\"><strong>S\u00e5dan bruges den<\/strong><\/span><\/p>\n<p><span style=\"color: rgb(75, 80, 88);\">Glid blidt &#8220;The Lovers&#8221; roll-on over dit hjerte, h\u00e5ndled eller hals. Oplev den blide ber\u00f8ring af rosenkvarts mod din hud. Inhaler de fortryllende aromaer, og forestil dig dine dybeste \u00f8nsker. Tr\u00e6d selvsikkert frem, indhyllet i en glorie af k\u00e6rlighed.<\/span><\/p>\n<p><span style=\"color: rgb(75, 80, 88);\"><em>Lad &#8220;The Lovers&#8221; fra Hop Hare v\u00e6re din aromatiske ledsager i k\u00e6rlighedens dans, der f\u00f8rer dig t\u00e6ttere p\u00e5 den k\u00e6rlighed, du s\u00f8ger og virkelig fortjener, med hver p\u00e5f\u00f8ring.<\/em><\/span><\/p>\n","protected":false},"excerpt":{"rendered":"<p>&#8220;The Lovers&#8221; fra Hop Hare, en f\u00e6ngslende roll-on med \u00e6teriske olier og \u00e6delstens, designet til at ant\u00e6nde k\u00e6rlighed og lidenskab. Hver flaske er fyldt med naturens mest f\u00e6ngslende dufte og den plejende essens af rosakvarts-\u00e6delsten og er en harmonisk blanding af k\u00e6rlighed og tiltr\u00e6kningskraft. Rosenkvartsens kraft Indbygget i hver roll-on er en rosakvarts-\u00e6delsten, kendt som [&hellip;]<\/p>\n","protected":false},"featured_media":264558,"comment_status":"closed","ping_status":"open","template":"","meta":[],"product_brand":[27111],"product_cat":[6153],"product_tag":[],"class_list":{"0":"post-201456","1":"product","2":"type-product","3":"status-publish","4":"has-post-thumbnail","6":"product_brand-hop-hare","7":"product_cat-aromaterapi-og-rumdufte","8":"pa_collection-hop-hare-essential-oil-gemstone-roll-ons-10ml-da","9":"pa_made-in-storbritannien","11":"first","12":"instock","13":"purchasable","14":"product-type-simple"},"supplier_id":null,"supplier_sku":"HHGR-01","barcode":null,"atum_controlled":true,"out_stock_date":null,"out_stock_threshold":null,"inheritable":false,"inbound_stock":null,"stock_on_hold":0,"sold_today":0,"sales_last_days":0,"reserved_stock":null,"customer_returns":null,"warehouse_damage":null,"lost_in_post":null,"other_logs":null,"out_stock_days":0,"lost_sales":0,"has_location":null,"update_date":"2026-02-10T10:29:44","atum_locations":[],"atum_stock_status":"instock","restock_status":false,"low_stock_amount":"","sales_update_date":"2025-09-05T00:16:52","calc_backorders":null,"_links":{"self":[{"href":"https:\/\/aromasentia.com\/da\/wp-json\/wp\/v2\/product\/201456","targetHints":{"allow":["GET"]}}],"collection":[{"href":"https:\/\/aromasentia.com\/da\/wp-json\/wp\/v2\/product"}],"about":[{"href":"https:\/\/aromasentia.com\/da\/wp-json\/wp\/v2\/types\/product"}],"replies":[{"embeddable":true,"href":"https:\/\/aromasentia.com\/da\/wp-json\/wp\/v2\/comments?post=201456"}],"version-history":[{"count":0,"href":"https:\/\/aromasentia.com\/da\/wp-json\/wp\/v2\/product\/201456\/revisions"}],"wp:featuredmedia":[{"embeddable":true,"href":"https:\/\/aromasentia.com\/da\/wp-json\/wp\/v2\/media\/264558"}],"wp:attachment":[{"href":"https:\/\/aromasentia.com\/da\/wp-json\/wp\/v2\/media?parent=201456"}],"wp:term":[{"taxonomy":"product_brand","embeddable":true,"href":"https:\/\/aromasentia.com\/da\/wp-json\/wp\/v2\/product_brand?post=201456"},{"taxonomy":"product_cat","embeddable":true,"href":"https:\/\/aromasentia.com\/da\/wp-json\/wp\/v2\/product_cat?post=201456"},{"taxonomy":"product_tag","embeddable":true,"href":"https:\/\/aromasentia.com\/da\/wp-json\/wp\/v2\/product_tag?post=201456"}],"curies":[{"name":"wp","href":"https:\/\/api.w.org\/{rel}","templated":true}]}}