{"id":201455,"date":"2025-03-20T14:58:59","date_gmt":"2025-03-20T14:58:59","guid":{"rendered":"https:\/\/aromasentia.com\/product\/hh-tarot-roll-on-the-magician\/"},"modified":"2025-06-22T03:37:20","modified_gmt":"2025-06-22T03:37:20","slug":"hh-tarot-roll-on-tryllekunstneren","status":"publish","type":"product","link":"https:\/\/aromasentia.com\/da\/hh-tarot-roll-on-tryllekunstneren\/","title":{"rendered":"HH Tarot Roll On &#8211; Tryllekunstneren"},"content":{"rendered":"<p><span style=\"color: rgb(75, 80, 88);\"><strong>&#8220;The Magician&#8221; fra Hop Hare, en roll-on med \u00e6teriske olier og \u00e6delsten, der er gennemsyret af mystik og skr\u00e6ddersyet til at forynge din aura. Hver roll-on er en dygtig fusion af energigivende dufte, forst\u00e6rket af den transformerende essens af gr\u00f8n aventurin.<\/span><\/p>\n<p><span style=\"color: rgb(75, 80, 88);\"><strong>Magien ved gr\u00f8n aventurin<\/strong><\/span><\/p>\n<p><span style=\"color: rgb(75, 80, 88);\">I hjertet af hver roll-on ligger gr\u00f8n aventurin, der er kendt for sin evne til at fordrive negativitet og fremme f\u00f8lelsesm\u00e6ssig modstandsdygtighed. Dens optagelse i &#8220;&#8221;The Magician&#8221;&#8221; har til form\u00e5l at fremme velstand og mental klarhed, hvilket muligg\u00f8r et liv fyldt med form\u00e5l og mindre p\u00e5virket af f\u00f8lelsesm\u00e6ssig uro.<\/span><\/p>\n<p><span style=\"color: rgb(75, 80, 88);\"><strong>S\u00e5dan omfavner du <\/strong><\/span><\/p>\n<p><span style=\"color: rgb(75, 80, 88);\">P\u00e5f\u00f8r &#8220;Magikeren&#8221; p\u00e5 pulspunkter for at v\u00e6kke din indre alkymi. Oplev den jordn\u00e6re ber\u00f8ring af gr\u00f8n aventurin p\u00e5 din hud. <\/span><\/p>\n<p><span style=\"color: rgb(75, 80, 88);\"><strong>P\u00e5kald Magikerens kraft <\/strong><\/span><\/p>\n<p><span style=\"color: rgb(75, 80, 88);\">Integrer i din morgenrutine for at s\u00e6tte en revitaliseret tone for dagen. B\u00e6r den som en personlig talisman for mental skarphed og positive vibrationer. Brug f\u00f8r opgaver til at kanalisere koncentration og kreativitet. Del med medrejsende p\u00e5 rejsen mod kollektiv oplysning.<\/span><\/p>\n<p><span style=\"color: rgb(75, 80, 88);\"><em>Lad &#8220;The Magician&#8221; af Hop Hare slippe sansernes magi l\u00f8s og guide dig mod et rige, hvor energien flyder frit, og sindet er befriet.<\/em><\/span><\/p>\n","protected":false},"excerpt":{"rendered":"<p>&#8220;The Magician&#8221; fra Hop Hare, en roll-on med \u00e6teriske olier og \u00e6delsten, der er gennemsyret af mystik og skr\u00e6ddersyet til at forynge din aura. Hver roll-on er en dygtig fusion af energigivende dufte, forst\u00e6rket af den transformerende essens af gr\u00f8n aventurin. Magien ved gr\u00f8n aventurin I hjertet af hver roll-on ligger gr\u00f8n aventurin, der er [&hellip;]<\/p>\n","protected":false},"featured_media":264517,"comment_status":"closed","ping_status":"open","template":"","meta":[],"product_brand":[27111],"product_cat":[6153],"product_tag":[],"class_list":{"0":"post-201455","1":"product","2":"type-product","3":"status-publish","4":"has-post-thumbnail","6":"product_brand-hop-hare","7":"product_cat-aromaterapi-og-rumdufte","8":"pa_collection-hop-hare-essential-oil-gemstone-roll-ons-10ml-da","9":"pa_made-in-storbritannien","11":"first","12":"instock","13":"purchasable","14":"product-type-simple"},"supplier_id":null,"supplier_sku":"HHGR-02","barcode":null,"atum_controlled":true,"out_stock_date":null,"out_stock_threshold":null,"inheritable":false,"inbound_stock":0,"stock_on_hold":0,"sold_today":0,"sales_last_days":0,"reserved_stock":0,"customer_returns":0,"warehouse_damage":0,"lost_in_post":0,"other_logs":0,"out_stock_days":0,"lost_sales":0,"has_location":false,"update_date":"2026-02-11T08:27:28","atum_locations":[],"atum_stock_status":"instock","restock_status":false,"low_stock_amount":"","sales_update_date":"2025-09-05T00:16:52","calc_backorders":null,"_links":{"self":[{"href":"https:\/\/aromasentia.com\/da\/wp-json\/wp\/v2\/product\/201455","targetHints":{"allow":["GET"]}}],"collection":[{"href":"https:\/\/aromasentia.com\/da\/wp-json\/wp\/v2\/product"}],"about":[{"href":"https:\/\/aromasentia.com\/da\/wp-json\/wp\/v2\/types\/product"}],"replies":[{"embeddable":true,"href":"https:\/\/aromasentia.com\/da\/wp-json\/wp\/v2\/comments?post=201455"}],"version-history":[{"count":0,"href":"https:\/\/aromasentia.com\/da\/wp-json\/wp\/v2\/product\/201455\/revisions"}],"wp:featuredmedia":[{"embeddable":true,"href":"https:\/\/aromasentia.com\/da\/wp-json\/wp\/v2\/media\/264517"}],"wp:attachment":[{"href":"https:\/\/aromasentia.com\/da\/wp-json\/wp\/v2\/media?parent=201455"}],"wp:term":[{"taxonomy":"product_brand","embeddable":true,"href":"https:\/\/aromasentia.com\/da\/wp-json\/wp\/v2\/product_brand?post=201455"},{"taxonomy":"product_cat","embeddable":true,"href":"https:\/\/aromasentia.com\/da\/wp-json\/wp\/v2\/product_cat?post=201455"},{"taxonomy":"product_tag","embeddable":true,"href":"https:\/\/aromasentia.com\/da\/wp-json\/wp\/v2\/product_tag?post=201455"}],"curies":[{"name":"wp","href":"https:\/\/api.w.org\/{rel}","templated":true}]}}