{"id":201454,"date":"2025-03-20T14:58:59","date_gmt":"2025-03-20T14:58:59","guid":{"rendered":"https:\/\/aromasentia.com\/product\/hh-tarot-roll-on-the-moon\/"},"modified":"2025-06-22T03:37:19","modified_gmt":"2025-06-22T03:37:19","slug":"hh-tarot-roll-on-maanen","status":"publish","type":"product","link":"https:\/\/aromasentia.com\/da\/hh-tarot-roll-on-maanen\/","title":{"rendered":"HH Tarot Roll On &#8211; m\u00e5nen"},"content":{"rendered":"<p><span style=\"color: rgb(75, 80, 88);\"><strong>&#8220;The Moon&#8221; fra Hop Hare, hver roll-on<\/strong> indkapsler en blanding af beroligende aromaer, der er skabt til at berolige sindet, suppleret af den fredfyldte energi fra ametyst-\u00e6delsten.<\/span><\/p>\n<p><span style=\"color: rgb(75, 80, 88);\"><strong>Ametyst: Nattens Vogter<\/strong><\/span><\/p>\n<p><span style=\"color: rgb(75, 80, 88);\">Indlejret i kernen af hver roll-on ligger en ametyst-\u00e6delsten, kendt for sin evne til at d\u00e6mpe urolige tanker og h\u00e6ve bevidstheden til et h\u00f8jere plan. I &#8220;The Moon&#8221;, Ametyst fungerer som et skjold mod natlig usikkerhed og skaber et fristed af fred og ro.<\/span><\/p>\n<p><span style=\"color: rgb(75, 80, 88);\"><strong>Inviter M\u00e5nen<\/strong><\/span><\/p>\n<p><span style=\"color: rgb(75, 80, 88);\">Integrer den i din natlige rutine for at slappe af og forberede dig p\u00e5 hvile. Brug den som en personlig duft for at tage nattens ro med dig, uanset hvor du g\u00e5r. Forbedr meditation eller b\u00f8nnesessioner med en f\u00f8lelse af sindsro og introspektion. En bet\u00e6nksom gave til dine k\u00e6re, der s\u00f8ger tr\u00f8st og afslapning.<\/span><\/p>\n<p><span style=\"color: rgb(75, 80, 88);\"><em>Med &#8220;M\u00e5nen&#8221; fra Hop Hare kan du lade nattetimerne omslutte dig af ro, mens Ametysts blide indflydelse leder dig mod en fredelig og dr\u00f8mmefyldt s\u00f8vn. &nbsp;<\/em><\/span><\/p>\n","protected":false},"excerpt":{"rendered":"<p>&#8220;The Moon&#8221; fra Hop Hare, hver roll-on indkapsler en blanding af beroligende aromaer, der er skabt til at berolige sindet, suppleret af den fredfyldte energi fra ametyst-\u00e6delsten. Ametyst: Nattens Vogter Indlejret i kernen af hver roll-on ligger en ametyst-\u00e6delsten, kendt for sin evne til at d\u00e6mpe urolige tanker og h\u00e6ve bevidstheden til et h\u00f8jere plan. [&hellip;]<\/p>\n","protected":false},"featured_media":264492,"comment_status":"closed","ping_status":"open","template":"","meta":[],"product_brand":[27111],"product_cat":[6153],"product_tag":[],"class_list":{"0":"post-201454","1":"product","2":"type-product","3":"status-publish","4":"has-post-thumbnail","6":"product_brand-hop-hare","7":"product_cat-aromaterapi-og-rumdufte","8":"pa_collection-hop-hare-essential-oil-gemstone-roll-ons-10ml-da","9":"pa_made-in-storbritannien","11":"first","12":"instock","13":"purchasable","14":"product-type-simple"},"supplier_id":null,"supplier_sku":"HHGR-03","barcode":null,"atum_controlled":true,"out_stock_date":null,"out_stock_threshold":null,"inheritable":false,"inbound_stock":null,"stock_on_hold":0,"sold_today":0,"sales_last_days":0,"reserved_stock":null,"customer_returns":null,"warehouse_damage":null,"lost_in_post":null,"other_logs":null,"out_stock_days":0,"lost_sales":0,"has_location":null,"update_date":"2026-02-12T03:51:19","atum_locations":[],"atum_stock_status":"instock","restock_status":false,"low_stock_amount":"","sales_update_date":"2025-09-05T00:16:51","calc_backorders":null,"_links":{"self":[{"href":"https:\/\/aromasentia.com\/da\/wp-json\/wp\/v2\/product\/201454","targetHints":{"allow":["GET"]}}],"collection":[{"href":"https:\/\/aromasentia.com\/da\/wp-json\/wp\/v2\/product"}],"about":[{"href":"https:\/\/aromasentia.com\/da\/wp-json\/wp\/v2\/types\/product"}],"replies":[{"embeddable":true,"href":"https:\/\/aromasentia.com\/da\/wp-json\/wp\/v2\/comments?post=201454"}],"version-history":[{"count":0,"href":"https:\/\/aromasentia.com\/da\/wp-json\/wp\/v2\/product\/201454\/revisions"}],"wp:featuredmedia":[{"embeddable":true,"href":"https:\/\/aromasentia.com\/da\/wp-json\/wp\/v2\/media\/264492"}],"wp:attachment":[{"href":"https:\/\/aromasentia.com\/da\/wp-json\/wp\/v2\/media?parent=201454"}],"wp:term":[{"taxonomy":"product_brand","embeddable":true,"href":"https:\/\/aromasentia.com\/da\/wp-json\/wp\/v2\/product_brand?post=201454"},{"taxonomy":"product_cat","embeddable":true,"href":"https:\/\/aromasentia.com\/da\/wp-json\/wp\/v2\/product_cat?post=201454"},{"taxonomy":"product_tag","embeddable":true,"href":"https:\/\/aromasentia.com\/da\/wp-json\/wp\/v2\/product_tag?post=201454"}],"curies":[{"name":"wp","href":"https:\/\/api.w.org\/{rel}","templated":true}]}}