{"id":201453,"date":"2025-03-20T14:58:59","date_gmt":"2025-03-20T14:58:59","guid":{"rendered":"https:\/\/aromasentia.com\/product\/hh-tarot-roll-on-the-devil\/"},"modified":"2025-06-22T03:37:19","modified_gmt":"2025-06-22T03:37:19","slug":"hh-tarot-roll-on-djaevelen","status":"publish","type":"product","link":"https:\/\/aromasentia.com\/da\/hh-tarot-roll-on-djaevelen\/","title":{"rendered":"HH Tarot Roll On &#8211; Dj\u00e6velen"},"content":{"rendered":"<p><span style=\"color: rgb(75, 80, 88);\">&nbsp;<strong>&#8220;The Devil&#8221; fra Hop Hare, en \u00e6terisk olie roll-on<\/strong> tilsat \u00e6delsten for at harmonisere din livlige energi med den stabiliserende indflydelse fra r\u00f8d jaspis. Hver roll-on er en potent blanding af dristige dufte, der garanteret vil v\u00e6kke din indre dynamik.&nbsp;<\/span><\/p>\n<p><span style=\"color: rgb(75, 80, 88);\"><strong>Den balancerende \u00e6delsten:<\/strong><\/span><\/p>\n<p><span style=\"color: rgb(75, 80, 88);\">R\u00f8d jaspis I kernen af hver roll-on ligger en r\u00f8d jaspis-\u00e6delsten, der er kendt for sin evne til at bringe ligev\u00e6gt. Den menes at d\u00e6mpe ekstremer og sikre, at dine dynamiske energier flyder i synkronisering med verden omkring dig.<\/span><\/p>\n<p><span style=\"color: rgb(75, 80, 88);\"><strong>Omfavn Dj\u00e6velens Indflydelse<\/strong><\/span><\/p>\n<p><span style=\"color: rgb(75, 80, 88);\">Inkorporer den i din morgenrutine for at give dagen vitalitet. Brug den som en personlig duft for at udstr\u00e5le dristighed og ynde. Genp\u00e5f\u00f8r den f\u00f8r sociale lejligheder for at udstr\u00e5le karisma og selvtillid. Gave til dem, der omfavner deres styrke og nyder livets gl\u00e6de. &nbsp;<\/span><\/p>\n<p><span style=\"color: rgb(75, 80, 88);\"><em>Med &#8220;The Devil&#8221; fra Hop Hare kan du modigt tr\u00e6de ind i livets dans, og lade Red Jasper guide dig gennem hver rytme med passion og kraft.<\/em><\/span><\/p>\n","protected":false},"excerpt":{"rendered":"<p>&nbsp;&#8220;The Devil&#8221; fra Hop Hare, en \u00e6terisk olie roll-on tilsat \u00e6delsten for at harmonisere din livlige energi med den stabiliserende indflydelse fra r\u00f8d jaspis. Hver roll-on er en potent blanding af dristige dufte, der garanteret vil v\u00e6kke din indre dynamik.&nbsp; Den balancerende \u00e6delsten: R\u00f8d jaspis I kernen af hver roll-on ligger en r\u00f8d jaspis-\u00e6delsten, der [&hellip;]<\/p>\n","protected":false},"featured_media":264467,"comment_status":"closed","ping_status":"open","template":"","meta":[],"product_brand":[27111],"product_cat":[6153],"product_tag":[],"class_list":{"0":"post-201453","1":"product","2":"type-product","3":"status-publish","4":"has-post-thumbnail","6":"product_brand-hop-hare","7":"product_cat-aromaterapi-og-rumdufte","8":"pa_collection-hop-hare-essential-oil-gemstone-roll-ons-10ml-da","9":"pa_made-in-storbritannien","11":"first","12":"instock","13":"purchasable","14":"product-type-simple"},"supplier_id":null,"supplier_sku":"HHGR-04","barcode":null,"atum_controlled":true,"out_stock_date":null,"out_stock_threshold":null,"inheritable":false,"inbound_stock":null,"stock_on_hold":0,"sold_today":0,"sales_last_days":0,"reserved_stock":null,"customer_returns":null,"warehouse_damage":null,"lost_in_post":null,"other_logs":null,"out_stock_days":0,"lost_sales":0,"has_location":null,"update_date":"2026-02-11T08:28:41","atum_locations":[],"atum_stock_status":"instock","restock_status":false,"low_stock_amount":"","sales_update_date":"2025-10-09T03:21:16","calc_backorders":null,"_links":{"self":[{"href":"https:\/\/aromasentia.com\/da\/wp-json\/wp\/v2\/product\/201453","targetHints":{"allow":["GET"]}}],"collection":[{"href":"https:\/\/aromasentia.com\/da\/wp-json\/wp\/v2\/product"}],"about":[{"href":"https:\/\/aromasentia.com\/da\/wp-json\/wp\/v2\/types\/product"}],"replies":[{"embeddable":true,"href":"https:\/\/aromasentia.com\/da\/wp-json\/wp\/v2\/comments?post=201453"}],"version-history":[{"count":0,"href":"https:\/\/aromasentia.com\/da\/wp-json\/wp\/v2\/product\/201453\/revisions"}],"wp:featuredmedia":[{"embeddable":true,"href":"https:\/\/aromasentia.com\/da\/wp-json\/wp\/v2\/media\/264467"}],"wp:attachment":[{"href":"https:\/\/aromasentia.com\/da\/wp-json\/wp\/v2\/media?parent=201453"}],"wp:term":[{"taxonomy":"product_brand","embeddable":true,"href":"https:\/\/aromasentia.com\/da\/wp-json\/wp\/v2\/product_brand?post=201453"},{"taxonomy":"product_cat","embeddable":true,"href":"https:\/\/aromasentia.com\/da\/wp-json\/wp\/v2\/product_cat?post=201453"},{"taxonomy":"product_tag","embeddable":true,"href":"https:\/\/aromasentia.com\/da\/wp-json\/wp\/v2\/product_tag?post=201453"}],"curies":[{"name":"wp","href":"https:\/\/api.w.org\/{rel}","templated":true}]}}