{"id":201452,"date":"2025-03-20T14:58:59","date_gmt":"2025-03-20T14:58:59","guid":{"rendered":"https:\/\/aromasentia.com\/product\/hh-tarot-roll-on-the-sun\/"},"modified":"2025-06-22T03:37:19","modified_gmt":"2025-06-22T03:37:19","slug":"hh-tarot-roll-on-solen","status":"publish","type":"product","link":"https:\/\/aromasentia.com\/da\/hh-tarot-roll-on-solen\/","title":{"rendered":"HH Tarot Roll On &#8211; Solen"},"content":{"rendered":"<p><span style=\"color: rgb(75, 80, 88);\"><strong>&#8220;The Sun&#8221; fra Hop Hare, en roll-on med \u00e6teriske olier beriget med \u00e6delsten<\/strong>, der legemligg\u00f8r den styrkende essens af en solbeskinnet dag. Beriget med den klarg\u00f8rende energi fra sodalit-\u00e6delsten, er denne blanding din ledsager i at omfavne et liv med dristighed og glans.<\/span><\/p>\n<p><span style=\"color: rgb(75, 80, 88);\"><strong>Den solbeskinnede \u00e6delsten: Sodalit<\/strong><\/span><\/p>\n<p><span style=\"color: rgb(75, 80, 88);\">I hjertet af hver roll-on ligger en sodalit-\u00e6delsten, udvalgt for dens evne til at styrke selvv\u00e6rd og fremme f\u00f8lelsesm\u00e6ssig ligev\u00e6gt. Sodalits tilstedev\u00e6relse i &#8220;The Sun&#8221; har til form\u00e5l at forst\u00f8rre dine indre overbevisninger og fremme en resolut selvtillid, der harmonerer med roll-onens livlige aura. <\/span><\/p>\n<p><span style=\"color: rgb(75, 80, 88);\"><strong>Kram Solen<\/strong><\/span><\/p>\n<p><span style=\"color: rgb(75, 80, 88);\">Inkorporer i dine daglige affirmationer for at forst\u00e6rke et positivt selvbillede. Brug den som en duftende p\u00e5mindelse i \u00f8jeblikke, der kr\u00e6ver mod og ro. P\u00e5f\u00f8r den som en personlig duft for naturligt at forst\u00e6rke din magnetiske tilstedev\u00e6relse. Tilbyd den som en v\u00e6rdsat gave for at inspirere varme og selvtillid hos dine k\u00e6re.<\/span><\/p>\n<p><span style=\"color: rgb(75, 80, 88);\"><em>Lad &#8220;Solen&#8221; fra Hop Hare belyse din vej til gr\u00e6nsel\u00f8st potentiale, guidet af blandingens str\u00e5lende egenskaber og sodalits selvtillidsstyrkende egenskaber.<\/em><\/span><\/p>\n","protected":false},"excerpt":{"rendered":"<p>&#8220;The Sun&#8221; fra Hop Hare, en roll-on med \u00e6teriske olier beriget med \u00e6delsten, der legemligg\u00f8r den styrkende essens af en solbeskinnet dag. Beriget med den klarg\u00f8rende energi fra sodalit-\u00e6delsten, er denne blanding din ledsager i at omfavne et liv med dristighed og glans. Den solbeskinnede \u00e6delsten: Sodalit I hjertet af hver roll-on ligger en sodalit-\u00e6delsten, [&hellip;]<\/p>\n","protected":false},"featured_media":264442,"comment_status":"closed","ping_status":"open","template":"","meta":[],"product_brand":[27111],"product_cat":[6153],"product_tag":[],"class_list":{"0":"post-201452","1":"product","2":"type-product","3":"status-publish","4":"has-post-thumbnail","6":"product_brand-hop-hare","7":"product_cat-aromaterapi-og-rumdufte","8":"pa_collection-hop-hare-essential-oil-gemstone-roll-ons-10ml-da","9":"pa_made-in-storbritannien","11":"first","12":"instock","13":"purchasable","14":"product-type-simple"},"supplier_id":null,"supplier_sku":"HHGR-05","barcode":null,"atum_controlled":true,"out_stock_date":null,"out_stock_threshold":null,"inheritable":false,"inbound_stock":null,"stock_on_hold":0,"sold_today":0,"sales_last_days":0,"reserved_stock":null,"customer_returns":null,"warehouse_damage":null,"lost_in_post":null,"other_logs":null,"out_stock_days":0,"lost_sales":0,"has_location":null,"update_date":"2026-02-11T08:30:40","atum_locations":[],"atum_stock_status":"instock","restock_status":false,"low_stock_amount":"","sales_update_date":"2025-09-05T00:16:51","calc_backorders":null,"_links":{"self":[{"href":"https:\/\/aromasentia.com\/da\/wp-json\/wp\/v2\/product\/201452","targetHints":{"allow":["GET"]}}],"collection":[{"href":"https:\/\/aromasentia.com\/da\/wp-json\/wp\/v2\/product"}],"about":[{"href":"https:\/\/aromasentia.com\/da\/wp-json\/wp\/v2\/types\/product"}],"replies":[{"embeddable":true,"href":"https:\/\/aromasentia.com\/da\/wp-json\/wp\/v2\/comments?post=201452"}],"version-history":[{"count":0,"href":"https:\/\/aromasentia.com\/da\/wp-json\/wp\/v2\/product\/201452\/revisions"}],"wp:featuredmedia":[{"embeddable":true,"href":"https:\/\/aromasentia.com\/da\/wp-json\/wp\/v2\/media\/264442"}],"wp:attachment":[{"href":"https:\/\/aromasentia.com\/da\/wp-json\/wp\/v2\/media?parent=201452"}],"wp:term":[{"taxonomy":"product_brand","embeddable":true,"href":"https:\/\/aromasentia.com\/da\/wp-json\/wp\/v2\/product_brand?post=201452"},{"taxonomy":"product_cat","embeddable":true,"href":"https:\/\/aromasentia.com\/da\/wp-json\/wp\/v2\/product_cat?post=201452"},{"taxonomy":"product_tag","embeddable":true,"href":"https:\/\/aromasentia.com\/da\/wp-json\/wp\/v2\/product_tag?post=201452"}],"curies":[{"name":"wp","href":"https:\/\/api.w.org\/{rel}","templated":true}]}}