{"id":201451,"date":"2025-03-20T14:58:59","date_gmt":"2025-03-20T14:58:59","guid":{"rendered":"https:\/\/aromasentia.com\/product\/hh-tarot-roll-on-the-lion\/"},"modified":"2025-06-22T03:37:18","modified_gmt":"2025-06-22T03:37:18","slug":"hh-tarot-roll-on-loeven","status":"publish","type":"product","link":"https:\/\/aromasentia.com\/da\/hh-tarot-roll-on-loeven\/","title":{"rendered":"HH Tarot Roll On &#8211; L\u00f8ven"},"content":{"rendered":"<p><span style=\"color: rgb(75, 80, 88);\"><strong>&#8220;L\u00f8ven&#8221; fra Hop Hare, en roll-on med \u00e6teriske olier,<\/strong> der indkapsler junglens konges majest\u00e6tiske essens \u2013 kraftfuld, men alligevel afbalanceret. Denne blanding er tilsat den harmoniserende energi fra stenkvarts og er omhyggeligt fremstillet for at frig\u00f8re energi i sin reneste form og genoprette ligev\u00e6gt i dit dom\u00e6ne.<\/span><\/p>\n<p><span style=\"color: rgb(75, 80, 88);\"><strong>L\u00f8vens krystalhjerte: Stenkvarts<\/strong><\/span><\/p>\n<p><span style=\"color: rgb(75, 80, 88);\">I kernen af hver roll-on ligger en stenkvarts-\u00e6delsten, der er \u00e6ret for sin evne til at rense auraen og forbedre energiflowet. Krystallens iboende renhed og modstandsdygtighed afspejler et l\u00f8vehjertes \u2013 standhaftigt og afbalanceret. &nbsp;<\/span><\/p>\n<p><span style=\"color: rgb(75, 80, 88);\"><strong>Omfavn L\u00f8vens \u00c5nd<\/strong><\/span><\/p>\n<p><span style=\"color: rgb(75, 80, 88);\">P\u00e5f\u00f8r om morgenen for at indgyde en dag med lederskab og selvsikkerhed. Integrer i meditation for at uddybe din forbindelse med indre styrke. Brug som en personlig duft for naturligt at fremkalde respekt og beundring. Gave til dem, der legemligg\u00f8r &#8220;L\u00f8vens&#8221; \u00e5nd, eller str\u00e6ber efter at g\u00f8re det.<\/span><\/p>\n<p><span style=\"color: rgb(75, 80, 88);\"><em>Lad &#8220;L\u00f8ven&#8221; fra Hop Hare genlyde som det m\u00e6gtige br\u00f8l, der guider din dag, med Rock Quartz, der viser vejen mod at opn\u00e5 en suver\u00e6n balance og majest\u00e6tisk ro. &nbsp;<\/em><\/span><\/p>\n","protected":false},"excerpt":{"rendered":"<p>&#8220;L\u00f8ven&#8221; fra Hop Hare, en roll-on med \u00e6teriske olier, der indkapsler junglens konges majest\u00e6tiske essens \u2013 kraftfuld, men alligevel afbalanceret. Denne blanding er tilsat den harmoniserende energi fra stenkvarts og er omhyggeligt fremstillet for at frig\u00f8re energi i sin reneste form og genoprette ligev\u00e6gt i dit dom\u00e6ne. L\u00f8vens krystalhjerte: Stenkvarts I kernen af hver roll-on [&hellip;]<\/p>\n","protected":false},"featured_media":264417,"comment_status":"closed","ping_status":"open","template":"","meta":[],"product_brand":[27111],"product_cat":[6153],"product_tag":[],"class_list":{"0":"post-201451","1":"product","2":"type-product","3":"status-publish","4":"has-post-thumbnail","6":"product_brand-hop-hare","7":"product_cat-aromaterapi-og-rumdufte","8":"pa_collection-hop-hare-essential-oil-gemstone-roll-ons-10ml-da","9":"pa_made-in-storbritannien","11":"first","12":"instock","13":"purchasable","14":"product-type-simple"},"supplier_id":null,"supplier_sku":"HHGR-06","barcode":null,"atum_controlled":true,"out_stock_date":null,"out_stock_threshold":null,"inheritable":false,"inbound_stock":null,"stock_on_hold":0,"sold_today":0,"sales_last_days":0,"reserved_stock":null,"customer_returns":null,"warehouse_damage":null,"lost_in_post":null,"other_logs":null,"out_stock_days":0,"lost_sales":0,"has_location":null,"update_date":"2026-02-11T08:30:45","atum_locations":[],"atum_stock_status":"instock","restock_status":false,"low_stock_amount":"","sales_update_date":"2025-09-05T00:16:50","calc_backorders":null,"_links":{"self":[{"href":"https:\/\/aromasentia.com\/da\/wp-json\/wp\/v2\/product\/201451","targetHints":{"allow":["GET"]}}],"collection":[{"href":"https:\/\/aromasentia.com\/da\/wp-json\/wp\/v2\/product"}],"about":[{"href":"https:\/\/aromasentia.com\/da\/wp-json\/wp\/v2\/types\/product"}],"replies":[{"embeddable":true,"href":"https:\/\/aromasentia.com\/da\/wp-json\/wp\/v2\/comments?post=201451"}],"version-history":[{"count":0,"href":"https:\/\/aromasentia.com\/da\/wp-json\/wp\/v2\/product\/201451\/revisions"}],"wp:featuredmedia":[{"embeddable":true,"href":"https:\/\/aromasentia.com\/da\/wp-json\/wp\/v2\/media\/264417"}],"wp:attachment":[{"href":"https:\/\/aromasentia.com\/da\/wp-json\/wp\/v2\/media?parent=201451"}],"wp:term":[{"taxonomy":"product_brand","embeddable":true,"href":"https:\/\/aromasentia.com\/da\/wp-json\/wp\/v2\/product_brand?post=201451"},{"taxonomy":"product_cat","embeddable":true,"href":"https:\/\/aromasentia.com\/da\/wp-json\/wp\/v2\/product_cat?post=201451"},{"taxonomy":"product_tag","embeddable":true,"href":"https:\/\/aromasentia.com\/da\/wp-json\/wp\/v2\/product_tag?post=201451"}],"curies":[{"name":"wp","href":"https:\/\/api.w.org\/{rel}","templated":true}]}}