{"id":201450,"date":"2025-03-20T14:58:59","date_gmt":"2025-03-20T14:58:59","guid":{"rendered":"https:\/\/aromasentia.com\/product\/hh-tarot-roll-on-the-knight\/"},"modified":"2025-06-22T03:37:18","modified_gmt":"2025-06-22T03:37:18","slug":"hh-tarot-roll-on-ridderen","status":"publish","type":"product","link":"https:\/\/aromasentia.com\/da\/hh-tarot-roll-on-ridderen\/","title":{"rendered":"HH Tarot Roll On &#8211; Ridderen"},"content":{"rendered":"<p><span style=\"color: rgb(75, 80, 88);\"><strong>&#8220;Sv\u00e6rdredderen&#8221; fra Hop Hare, en roll-on med \u00e6teriske olier<\/strong>, der er skr\u00e6ddersyet til den moderne livskriger. Denne blanding er tilsat den beskyttende aura af sort turmalin og er omhyggeligt fremstillet for at tiltr\u00e6kke velstand og fremme kammeratskab.<\/span><\/p>\n<p><span style=\"color: rgb(75, 80, 88);\"><strong>Ridderens Beskyttersten: Sort Turmalin<\/strong><\/span><\/p>\n<p><span style=\"color: rgb(75, 80, 88);\">I hver roll-on findes en sort turmalin-\u00e6delsten, der er \u00e6ret for sin evne til at afvise negativitet og tiltr\u00e6kke rigdom og kammeratskab. Dens tilstedev\u00e6relse i &#8220;Sv\u00e6rdredderen&#8221; fungerer som et fyrt\u00e5rn for dem, der navigerer i livets udfordringer med mod og elegance. &nbsp;<\/span><\/p>\n<p><span style=\"color: rgb(75, 80, 88);\"><strong>S\u00e5dan udnytter du dens kraft<\/strong><\/span><\/p>\n<p><span style=\"color: rgb(75, 80, 88);\">P\u00e5f\u00f8r &#8220;The Knight of Swords&#8221; roll-on p\u00e5 pulspunkter med pr\u00e6cisionen hos en erfaren sv\u00e6rdk\u00e6mper. Ind\u00e5nd blandingen af tr\u00e6agtige og blomsteragtige dufte, og forbered dig p\u00e5 dagens eventyr. Tr\u00e6d frem med selvsikkerheden og karismaen hos en ridder i skinnende rustning.<\/span><\/p>\n<p><span style=\"color: rgb(75, 80, 88);\"><em>Med &#8220;The Knight of Swords&#8221; fra Hop Hare kan du omfavne velstandens og venskabets kappe, guidet af den tapre blanding og den styrkende sorte turmalin mod triumf. &nbsp;<\/em><\/span><\/p>\n","protected":false},"excerpt":{"rendered":"<p>&#8220;Sv\u00e6rdredderen&#8221; fra Hop Hare, en roll-on med \u00e6teriske olier, der er skr\u00e6ddersyet til den moderne livskriger. Denne blanding er tilsat den beskyttende aura af sort turmalin og er omhyggeligt fremstillet for at tiltr\u00e6kke velstand og fremme kammeratskab. Ridderens Beskyttersten: Sort Turmalin I hver roll-on findes en sort turmalin-\u00e6delsten, der er \u00e6ret for sin evne til [&hellip;]<\/p>\n","protected":false},"featured_media":264392,"comment_status":"closed","ping_status":"open","template":"","meta":[],"product_brand":[27111],"product_cat":[6153],"product_tag":[],"class_list":{"0":"post-201450","1":"product","2":"type-product","3":"status-publish","4":"has-post-thumbnail","6":"product_brand-hop-hare","7":"product_cat-aromaterapi-og-rumdufte","8":"pa_collection-hop-hare-essential-oil-gemstone-roll-ons-10ml-da","9":"pa_made-in-storbritannien","11":"first","12":"instock","13":"purchasable","14":"product-type-simple"},"supplier_id":null,"supplier_sku":"HHGR-07","barcode":null,"atum_controlled":true,"out_stock_date":null,"out_stock_threshold":null,"inheritable":false,"inbound_stock":null,"stock_on_hold":0,"sold_today":0,"sales_last_days":0,"reserved_stock":null,"customer_returns":null,"warehouse_damage":null,"lost_in_post":null,"other_logs":null,"out_stock_days":0,"lost_sales":0,"has_location":null,"update_date":"2026-02-11T08:29:39","atum_locations":[],"atum_stock_status":"instock","restock_status":false,"low_stock_amount":"","sales_update_date":"2025-09-05T00:16:50","calc_backorders":null,"_links":{"self":[{"href":"https:\/\/aromasentia.com\/da\/wp-json\/wp\/v2\/product\/201450","targetHints":{"allow":["GET"]}}],"collection":[{"href":"https:\/\/aromasentia.com\/da\/wp-json\/wp\/v2\/product"}],"about":[{"href":"https:\/\/aromasentia.com\/da\/wp-json\/wp\/v2\/types\/product"}],"replies":[{"embeddable":true,"href":"https:\/\/aromasentia.com\/da\/wp-json\/wp\/v2\/comments?post=201450"}],"version-history":[{"count":0,"href":"https:\/\/aromasentia.com\/da\/wp-json\/wp\/v2\/product\/201450\/revisions"}],"wp:featuredmedia":[{"embeddable":true,"href":"https:\/\/aromasentia.com\/da\/wp-json\/wp\/v2\/media\/264392"}],"wp:attachment":[{"href":"https:\/\/aromasentia.com\/da\/wp-json\/wp\/v2\/media?parent=201450"}],"wp:term":[{"taxonomy":"product_brand","embeddable":true,"href":"https:\/\/aromasentia.com\/da\/wp-json\/wp\/v2\/product_brand?post=201450"},{"taxonomy":"product_cat","embeddable":true,"href":"https:\/\/aromasentia.com\/da\/wp-json\/wp\/v2\/product_cat?post=201450"},{"taxonomy":"product_tag","embeddable":true,"href":"https:\/\/aromasentia.com\/da\/wp-json\/wp\/v2\/product_tag?post=201450"}],"curies":[{"name":"wp","href":"https:\/\/api.w.org\/{rel}","templated":true}]}}