{"id":201433,"date":"2025-03-20T15:00:08","date_gmt":"2025-03-20T15:00:08","guid":{"rendered":"https:\/\/aromasentia.com\/product\/lrg-home-oil-burner-grey-love-home-sweet-home\/"},"modified":"2025-06-22T03:37:09","modified_gmt":"2025-06-22T03:37:09","slug":"stor-home-oliebraender-til-duftolie-graa-love-home-sweet-home","status":"publish","type":"product","link":"https:\/\/aromasentia.com\/da\/stor-home-oliebraender-til-duftolie-graa-love-home-sweet-home\/","title":{"rendered":"Stor Home Oliebr\u00e6nder Til Duftolie &#8211; Gr\u00e5 &#8211; Love Home Sweet Home"},"content":{"rendered":"<p>Keramiske hjemmeoliebr\u00e6ndere er fantastiske til brug med duftolier og smeltevoks.<\/p>\n<p>De er ogs\u00e5 en meget attraktiv dekoration i ethvert rum p\u00e5 grund af den smukke farverige keramik.<\/p>\n<p>F\u00e5s i tre forskellige farver og to st\u00f8rrelser<\/p>\n","protected":false},"excerpt":{"rendered":"<p>Keramiske hjemmeoliebr\u00e6ndere er fantastiske til brug med duftolier og smeltevoks. De er ogs\u00e5 en meget attraktiv dekoration i ethvert rum p\u00e5 grund af den smukke farverige keramik. F\u00e5s i tre forskellige farver og to st\u00f8rrelser<\/p>\n","protected":false},"featured_media":264673,"comment_status":"closed","ping_status":"open","template":"","meta":{"_angie_page":false},"product_brand":[],"product_cat":[6517,6169],"product_tag":[],"class_list":{"0":"post-201433","1":"product","2":"type-product","3":"status-publish","4":"has-post-thumbnail","6":"product_cat-aromalamper-oliebraender","7":"product_cat-aromalamper-aromadiffusere-og-duftstaenger","8":"pa_collection-home-oil-burner-da","9":"pa_made-in-kina","11":"first","12":"instock","13":"purchasable","14":"product-type-simple"},"supplier_id":null,"supplier_sku":"HomeOB-03","barcode":null,"atum_controlled":true,"out_stock_date":null,"out_stock_threshold":null,"inheritable":false,"inbound_stock":null,"stock_on_hold":0,"sold_today":0,"sales_last_days":0,"reserved_stock":null,"customer_returns":null,"warehouse_damage":null,"lost_in_post":null,"other_logs":null,"out_stock_days":0,"lost_sales":0,"has_location":null,"update_date":"2026-04-27T19:09:25","atum_locations":[],"atum_stock_status":"instock","restock_status":false,"low_stock_amount":"","sales_update_date":"2026-01-30T01:24:33","calc_backorders":null,"_links":{"self":[{"href":"https:\/\/aromasentia.com\/da\/wp-json\/wp\/v2\/product\/201433","targetHints":{"allow":["GET"]}}],"collection":[{"href":"https:\/\/aromasentia.com\/da\/wp-json\/wp\/v2\/product"}],"about":[{"href":"https:\/\/aromasentia.com\/da\/wp-json\/wp\/v2\/types\/product"}],"replies":[{"embeddable":true,"href":"https:\/\/aromasentia.com\/da\/wp-json\/wp\/v2\/comments?post=201433"}],"version-history":[{"count":0,"href":"https:\/\/aromasentia.com\/da\/wp-json\/wp\/v2\/product\/201433\/revisions"}],"wp:featuredmedia":[{"embeddable":true,"href":"https:\/\/aromasentia.com\/da\/wp-json\/wp\/v2\/media\/264673"}],"wp:attachment":[{"href":"https:\/\/aromasentia.com\/da\/wp-json\/wp\/v2\/media?parent=201433"}],"wp:term":[{"taxonomy":"product_brand","embeddable":true,"href":"https:\/\/aromasentia.com\/da\/wp-json\/wp\/v2\/product_brand?post=201433"},{"taxonomy":"product_cat","embeddable":true,"href":"https:\/\/aromasentia.com\/da\/wp-json\/wp\/v2\/product_cat?post=201433"},{"taxonomy":"product_tag","embeddable":true,"href":"https:\/\/aromasentia.com\/da\/wp-json\/wp\/v2\/product_tag?post=201433"}],"curies":[{"name":"wp","href":"https:\/\/api.w.org\/{rel}","templated":true}]}}