{"id":201432,"date":"2025-03-20T15:00:45","date_gmt":"2025-03-20T15:00:45","guid":{"rendered":"https:\/\/aromasentia.com\/product\/joints-ease-1kg-massage-oil\/"},"modified":"2025-06-22T03:37:09","modified_gmt":"2025-06-22T03:37:09","slug":"joints-ease-massageolie-1kg","status":"publish","type":"product","link":"https:\/\/aromasentia.com\/da\/joints-ease-massageolie-1kg\/","title":{"rendered":"Joints Ease Massageolie 1Kg"},"content":{"rendered":"<p>Find tr\u00f8st til \u00f8mme led med vores Joints Ease 1Kg Massage Oil. Denne terapeutiske blanding er omhyggeligt fremstillet med naturlige olier, der er kendt for deres antiinflammatoriske og beroligende egenskaber, som hj\u00e6lper med at lindre ubehag i leddene og forbedre fleksibiliteten. Den n\u00e6rende baseolie giver mulighed for blid, men effektiv massage, der hj\u00e6lper med at opvarme omr\u00e5det og levere de gavnlige botaniske stoffer dybt ind i v\u00e6vet. Den er perfekt til dem, der oplever stivhed eller smerter, og fremmer en f\u00f8lelse af lindring og st\u00f8rre bev\u00e6gelsesfrihed ved regelm\u00e6ssig brug.<\/p>\n","protected":false},"excerpt":{"rendered":"<p>Find tr\u00f8st til \u00f8mme led med vores Joints Ease 1Kg Massage Oil. Denne terapeutiske blanding er omhyggeligt fremstillet med naturlige olier, der er kendt for deres antiinflammatoriske og beroligende egenskaber, som hj\u00e6lper med at lindre ubehag i leddene og forbedre fleksibiliteten. Den n\u00e6rende baseolie giver mulighed for blid, men effektiv massage, der hj\u00e6lper med at [&hellip;]<\/p>\n","protected":false},"featured_media":265010,"comment_status":"closed","ping_status":"open","template":"","meta":{"_angie_page":false},"product_brand":[],"product_cat":[6994,7748],"product_tag":[],"class_list":{"0":"post-201432","1":"product","2":"type-product","3":"status-publish","4":"has-post-thumbnail","6":"product_cat-bad-og-bruser","7":"product_cat-massageolier","8":"pa_collection-massage-and-bath-oils-1kg-da","9":"pa_made-in-storbritannien","11":"first","12":"instock","13":"purchasable","14":"product-type-simple"},"supplier_id":null,"supplier_sku":"MOB-05","barcode":null,"atum_controlled":true,"out_stock_date":null,"out_stock_threshold":null,"inheritable":false,"inbound_stock":null,"stock_on_hold":0,"sold_today":0,"sales_last_days":0,"reserved_stock":null,"customer_returns":null,"warehouse_damage":null,"lost_in_post":null,"other_logs":null,"out_stock_days":0,"lost_sales":0,"has_location":null,"update_date":"2026-04-27T07:13:22","atum_locations":[],"atum_stock_status":"instock","restock_status":false,"low_stock_amount":"","sales_update_date":"2026-02-06T00:02:05","calc_backorders":null,"_links":{"self":[{"href":"https:\/\/aromasentia.com\/da\/wp-json\/wp\/v2\/product\/201432","targetHints":{"allow":["GET"]}}],"collection":[{"href":"https:\/\/aromasentia.com\/da\/wp-json\/wp\/v2\/product"}],"about":[{"href":"https:\/\/aromasentia.com\/da\/wp-json\/wp\/v2\/types\/product"}],"replies":[{"embeddable":true,"href":"https:\/\/aromasentia.com\/da\/wp-json\/wp\/v2\/comments?post=201432"}],"version-history":[{"count":0,"href":"https:\/\/aromasentia.com\/da\/wp-json\/wp\/v2\/product\/201432\/revisions"}],"wp:featuredmedia":[{"embeddable":true,"href":"https:\/\/aromasentia.com\/da\/wp-json\/wp\/v2\/media\/265010"}],"wp:attachment":[{"href":"https:\/\/aromasentia.com\/da\/wp-json\/wp\/v2\/media?parent=201432"}],"wp:term":[{"taxonomy":"product_brand","embeddable":true,"href":"https:\/\/aromasentia.com\/da\/wp-json\/wp\/v2\/product_brand?post=201432"},{"taxonomy":"product_cat","embeddable":true,"href":"https:\/\/aromasentia.com\/da\/wp-json\/wp\/v2\/product_cat?post=201432"},{"taxonomy":"product_tag","embeddable":true,"href":"https:\/\/aromasentia.com\/da\/wp-json\/wp\/v2\/product_tag?post=201432"}],"curies":[{"name":"wp","href":"https:\/\/api.w.org\/{rel}","templated":true}]}}