{"id":201428,"date":"2025-03-20T15:00:45","date_gmt":"2025-03-20T15:00:45","guid":{"rendered":"https:\/\/aromasentia.com\/product\/relaxing-1kg-massage-oil\/"},"modified":"2025-06-22T03:37:07","modified_gmt":"2025-06-22T03:37:07","slug":"afslappende-massageolie-1kg","status":"publish","type":"product","link":"https:\/\/aromasentia.com\/da\/afslappende-massageolie-1kg\/","title":{"rendered":"Afslappende Massageolie 1Kg"},"content":{"rendered":"<p>Slap af og afstress med vores Relaxing 1Kg Massage Oil. Denne gener\u00f8se massageolie er fagligt blandet for at fremme dyb afslapning og berolige tr\u00e6tte muskler. Dens omhyggeligt udvalgte naturlige olier giver et glat, luksuri\u00f8st glid, mens den beroligende aromatiske blanding hj\u00e6lper med at f\u00e5 sindet til at falde til ro og frig\u00f8re sp\u00e6ndinger fra kroppen. Den er perfekt til professionelle terapeuter eller til hjemmebrug og forvandler enhver massage til en virkelig fredfyldt flugt, der efterlader huden n\u00e6ret og sj\u00e6len i dyb ro.<\/p>\n","protected":false},"excerpt":{"rendered":"<p>Slap af og afstress med vores Relaxing 1Kg Massage Oil. Denne gener\u00f8se massageolie er fagligt blandet for at fremme dyb afslapning og berolige tr\u00e6tte muskler. Dens omhyggeligt udvalgte naturlige olier giver et glat, luksuri\u00f8st glid, mens den beroligende aromatiske blanding hj\u00e6lper med at f\u00e5 sindet til at falde til ro og frig\u00f8re sp\u00e6ndinger fra kroppen. [&hellip;]<\/p>\n","protected":false},"featured_media":264950,"comment_status":"closed","ping_status":"open","template":"","meta":[],"product_brand":[],"product_cat":[6994,7748],"product_tag":[],"class_list":{"0":"post-201428","1":"product","2":"type-product","3":"status-publish","4":"has-post-thumbnail","6":"product_cat-bad-og-bruser","7":"product_cat-massageolier","8":"pa_collection-massage-and-bath-oils-1kg-da","9":"pa_made-in-storbritannien","11":"first","12":"instock","13":"purchasable","14":"product-type-simple"},"supplier_id":null,"supplier_sku":"MOB-01","barcode":null,"atum_controlled":true,"out_stock_date":null,"out_stock_threshold":null,"inheritable":false,"inbound_stock":null,"stock_on_hold":0,"sold_today":0,"sales_last_days":0,"reserved_stock":null,"customer_returns":null,"warehouse_damage":null,"lost_in_post":null,"other_logs":null,"out_stock_days":0,"lost_sales":0,"has_location":null,"update_date":"2026-01-30T01:24:54","atum_locations":[],"atum_stock_status":"instock","restock_status":false,"low_stock_amount":"","sales_update_date":"2026-01-30T01:24:54","calc_backorders":null,"_links":{"self":[{"href":"https:\/\/aromasentia.com\/da\/wp-json\/wp\/v2\/product\/201428","targetHints":{"allow":["GET"]}}],"collection":[{"href":"https:\/\/aromasentia.com\/da\/wp-json\/wp\/v2\/product"}],"about":[{"href":"https:\/\/aromasentia.com\/da\/wp-json\/wp\/v2\/types\/product"}],"replies":[{"embeddable":true,"href":"https:\/\/aromasentia.com\/da\/wp-json\/wp\/v2\/comments?post=201428"}],"version-history":[{"count":0,"href":"https:\/\/aromasentia.com\/da\/wp-json\/wp\/v2\/product\/201428\/revisions"}],"wp:featuredmedia":[{"embeddable":true,"href":"https:\/\/aromasentia.com\/da\/wp-json\/wp\/v2\/media\/264950"}],"wp:attachment":[{"href":"https:\/\/aromasentia.com\/da\/wp-json\/wp\/v2\/media?parent=201428"}],"wp:term":[{"taxonomy":"product_brand","embeddable":true,"href":"https:\/\/aromasentia.com\/da\/wp-json\/wp\/v2\/product_brand?post=201428"},{"taxonomy":"product_cat","embeddable":true,"href":"https:\/\/aromasentia.com\/da\/wp-json\/wp\/v2\/product_cat?post=201428"},{"taxonomy":"product_tag","embeddable":true,"href":"https:\/\/aromasentia.com\/da\/wp-json\/wp\/v2\/product_tag?post=201428"}],"curies":[{"name":"wp","href":"https:\/\/api.w.org\/{rel}","templated":true}]}}