{"id":201415,"date":"2025-03-20T15:01:07","date_gmt":"2025-03-20T15:01:07","guid":{"rendered":"https:\/\/aromasentia.com\/product\/clear-skin-1kg-massage-oil\/"},"modified":"2025-06-22T03:36:59","modified_gmt":"2025-06-22T03:36:59","slug":"clear-skin-massageolie-1kg","status":"publish","type":"product","link":"https:\/\/aromasentia.com\/da\/clear-skin-massageolie-1kg\/","title":{"rendered":"Clear Skin Massageolie 1Kg"},"content":{"rendered":"<p>Frem en klar og sund teint med vores Clear Skin 1Kg Massage Oil. Denne specialiserede blanding er sammensat af botaniske olier, der er kendt for deres rensende, afbalancerende og beroligende egenskaber, og som er designet til at hj\u00e6lpe med at behandle urolig eller plettet hud. Regelm\u00e6ssig massage kan hj\u00e6lpe med at d\u00e6mpe inflammation, afbalancere talgproduktionen og forbedre hudens generelle klarhed. Den blide, n\u00e6rende base sikrer, at huden f\u00f8les beroliget og hydreret, ikke strippet, og underst\u00f8tter et naturligt klart og str\u00e5lende udseende.<\/p>\n","protected":false},"excerpt":{"rendered":"<p>Frem en klar og sund teint med vores Clear Skin 1Kg Massage Oil. Denne specialiserede blanding er sammensat af botaniske olier, der er kendt for deres rensende, afbalancerende og beroligende egenskaber, og som er designet til at hj\u00e6lpe med at behandle urolig eller plettet hud. Regelm\u00e6ssig massage kan hj\u00e6lpe med at d\u00e6mpe inflammation, afbalancere talgproduktionen [&hellip;]<\/p>\n","protected":false},"featured_media":265285,"comment_status":"closed","ping_status":"open","template":"","meta":{"_angie_page":false},"product_brand":[],"product_cat":[6994,7748],"product_tag":[],"class_list":{"0":"post-201415","1":"product","2":"type-product","3":"status-publish","4":"has-post-thumbnail","6":"product_cat-bad-og-bruser","7":"product_cat-massageolier","8":"pa_collection-massage-and-bath-oils-1kg-da","9":"pa_made-in-storbritannien","11":"first","12":"instock","13":"purchasable","14":"product-type-simple"},"supplier_id":null,"supplier_sku":"MOB-16","barcode":null,"atum_controlled":true,"out_stock_date":null,"out_stock_threshold":null,"inheritable":false,"inbound_stock":0,"stock_on_hold":0,"sold_today":0,"sales_last_days":0,"reserved_stock":0,"customer_returns":0,"warehouse_damage":0,"lost_in_post":0,"other_logs":0,"out_stock_days":0,"lost_sales":0,"has_location":false,"update_date":"2026-04-29T05:08:19","atum_locations":[],"atum_stock_status":"instock","restock_status":false,"low_stock_amount":"","sales_update_date":"2026-01-30T01:24:52","calc_backorders":null,"_links":{"self":[{"href":"https:\/\/aromasentia.com\/da\/wp-json\/wp\/v2\/product\/201415","targetHints":{"allow":["GET"]}}],"collection":[{"href":"https:\/\/aromasentia.com\/da\/wp-json\/wp\/v2\/product"}],"about":[{"href":"https:\/\/aromasentia.com\/da\/wp-json\/wp\/v2\/types\/product"}],"replies":[{"embeddable":true,"href":"https:\/\/aromasentia.com\/da\/wp-json\/wp\/v2\/comments?post=201415"}],"version-history":[{"count":0,"href":"https:\/\/aromasentia.com\/da\/wp-json\/wp\/v2\/product\/201415\/revisions"}],"wp:featuredmedia":[{"embeddable":true,"href":"https:\/\/aromasentia.com\/da\/wp-json\/wp\/v2\/media\/265285"}],"wp:attachment":[{"href":"https:\/\/aromasentia.com\/da\/wp-json\/wp\/v2\/media?parent=201415"}],"wp:term":[{"taxonomy":"product_brand","embeddable":true,"href":"https:\/\/aromasentia.com\/da\/wp-json\/wp\/v2\/product_brand?post=201415"},{"taxonomy":"product_cat","embeddable":true,"href":"https:\/\/aromasentia.com\/da\/wp-json\/wp\/v2\/product_cat?post=201415"},{"taxonomy":"product_tag","embeddable":true,"href":"https:\/\/aromasentia.com\/da\/wp-json\/wp\/v2\/product_tag?post=201415"}],"curies":[{"name":"wp","href":"https:\/\/api.w.org\/{rel}","templated":true}]}}