{"id":201414,"date":"2025-03-20T15:01:07","date_gmt":"2025-03-20T15:01:07","guid":{"rendered":"https:\/\/aromasentia.com\/product\/nag-champa-1kg-massage-oil\/"},"modified":"2025-06-22T03:36:59","modified_gmt":"2025-06-22T03:36:59","slug":"nag-champa-massageolie-1kg","status":"publish","type":"product","link":"https:\/\/aromasentia.com\/da\/nag-champa-massageolie-1kg\/","title":{"rendered":"Nag Champa Massageolie 1Kg"},"content":{"rendered":"<p>Fordyb dig i den eksotiske, meditative aroma fra vores Nag Champa 1 kg massageolie. Inspireret af den ikoniske r\u00f8gelse indfanger denne massageolie de rige, s\u00f8de, blomsteragtige og let tr\u00e6agtige noter fra den traditionelle Nag Champa-duft. Den skaber en dybt beroligende og \u00e5ndeligt opl\u00f8ftende atmosf\u00e6re, der er perfekt til afslapning, meditation eller bare til at slappe af. De n\u00e6rende baseolier giver et glat, luksuri\u00f8st glid og efterlader din hud bl\u00f8d og smukt duftende med denne tidl\u00f8se, hellige aroma.<\/p>\n","protected":false},"excerpt":{"rendered":"<p>Fordyb dig i den eksotiske, meditative aroma fra vores Nag Champa 1 kg massageolie. Inspireret af den ikoniske r\u00f8gelse indfanger denne massageolie de rige, s\u00f8de, blomsteragtige og let tr\u00e6agtige noter fra den traditionelle Nag Champa-duft. Den skaber en dybt beroligende og \u00e5ndeligt opl\u00f8ftende atmosf\u00e6re, der er perfekt til afslapning, meditation eller bare til at slappe [&hellip;]<\/p>\n","protected":false},"featured_media":265260,"comment_status":"closed","ping_status":"open","template":"","meta":{"_angie_page":false},"product_brand":[],"product_cat":[6994,7748],"product_tag":[],"class_list":{"0":"post-201414","1":"product","2":"type-product","3":"status-publish","4":"has-post-thumbnail","6":"product_cat-bad-og-bruser","7":"product_cat-massageolier","8":"pa_collection-massage-and-bath-oils-1kg-da","9":"pa_made-in-storbritannien","11":"first","12":"instock","13":"purchasable","14":"product-type-simple"},"supplier_id":null,"supplier_sku":"MOB-15","barcode":null,"atum_controlled":true,"out_stock_date":null,"out_stock_threshold":null,"inheritable":false,"inbound_stock":null,"stock_on_hold":0,"sold_today":0,"sales_last_days":0,"reserved_stock":null,"customer_returns":null,"warehouse_damage":null,"lost_in_post":null,"other_logs":null,"out_stock_days":0,"lost_sales":0,"has_location":null,"update_date":"2026-05-04T00:03:58","atum_locations":[],"atum_stock_status":"instock","restock_status":false,"low_stock_amount":"","sales_update_date":"2026-01-30T01:26:09","calc_backorders":null,"_links":{"self":[{"href":"https:\/\/aromasentia.com\/da\/wp-json\/wp\/v2\/product\/201414","targetHints":{"allow":["GET"]}}],"collection":[{"href":"https:\/\/aromasentia.com\/da\/wp-json\/wp\/v2\/product"}],"about":[{"href":"https:\/\/aromasentia.com\/da\/wp-json\/wp\/v2\/types\/product"}],"replies":[{"embeddable":true,"href":"https:\/\/aromasentia.com\/da\/wp-json\/wp\/v2\/comments?post=201414"}],"version-history":[{"count":0,"href":"https:\/\/aromasentia.com\/da\/wp-json\/wp\/v2\/product\/201414\/revisions"}],"wp:featuredmedia":[{"embeddable":true,"href":"https:\/\/aromasentia.com\/da\/wp-json\/wp\/v2\/media\/265260"}],"wp:attachment":[{"href":"https:\/\/aromasentia.com\/da\/wp-json\/wp\/v2\/media?parent=201414"}],"wp:term":[{"taxonomy":"product_brand","embeddable":true,"href":"https:\/\/aromasentia.com\/da\/wp-json\/wp\/v2\/product_brand?post=201414"},{"taxonomy":"product_cat","embeddable":true,"href":"https:\/\/aromasentia.com\/da\/wp-json\/wp\/v2\/product_cat?post=201414"},{"taxonomy":"product_tag","embeddable":true,"href":"https:\/\/aromasentia.com\/da\/wp-json\/wp\/v2\/product_tag?post=201414"}],"curies":[{"name":"wp","href":"https:\/\/api.w.org\/{rel}","templated":true}]}}