{"id":201412,"date":"2025-03-20T15:01:07","date_gmt":"2025-03-20T15:01:07","guid":{"rendered":"https:\/\/aromasentia.com\/product\/madame-punaises-scalp-massage-1kg\/"},"modified":"2025-06-22T03:36:58","modified_gmt":"2025-06-22T03:36:58","slug":"madame-punaises-massageolie-1kg","status":"publish","type":"product","link":"https:\/\/aromasentia.com\/da\/madame-punaises-massageolie-1kg\/","title":{"rendered":"Madame Punaise&#8217;s Massageolie 1Kg"},"content":{"rendered":"<p>Revitaliser din hovedbund og dit h\u00e5r med Madame Punaise&#8217;s Scalp Massage 1Kg. Denne unikke, gener\u00f8se behandlingsolie er specielt sammensat til at give n\u00e6ring til hovedbunden, stimulere cirkulationen og fremme en sund, levende h\u00e5rv\u00e6kst. Dens forfriskende, men beroligende formel kan hj\u00e6lpe med at lindre t\u00f8rhed, kl\u00f8e og afskalning og skabe et optimalt milj\u00f8, hvor dit h\u00e5r kan trives. Fork\u00e6l dig selv med en afslappende hovedbundsmassage med denne aromatiske olie for at l\u00f8sne op for sp\u00e6ndinger og give dine lokker en smuk, sund glans.<\/p>\n","protected":false},"excerpt":{"rendered":"<p>Revitaliser din hovedbund og dit h\u00e5r med Madame Punaise&#8217;s Scalp Massage 1Kg. Denne unikke, gener\u00f8se behandlingsolie er specielt sammensat til at give n\u00e6ring til hovedbunden, stimulere cirkulationen og fremme en sund, levende h\u00e5rv\u00e6kst. Dens forfriskende, men beroligende formel kan hj\u00e6lpe med at lindre t\u00f8rhed, kl\u00f8e og afskalning og skabe et optimalt milj\u00f8, hvor dit h\u00e5r [&hellip;]<\/p>\n","protected":false},"featured_media":265210,"comment_status":"closed","ping_status":"open","template":"","meta":{"_angie_page":false},"product_brand":[],"product_cat":[6994,7748],"product_tag":[],"class_list":{"0":"post-201412","1":"product","2":"type-product","3":"status-publish","4":"has-post-thumbnail","6":"product_cat-bad-og-bruser","7":"product_cat-massageolier","8":"pa_collection-massage-and-bath-oils-1kg-da","9":"pa_made-in-storbritannien","11":"first","12":"instock","13":"purchasable","14":"product-type-simple"},"supplier_id":null,"supplier_sku":"MOB-13","barcode":null,"atum_controlled":true,"out_stock_date":null,"out_stock_threshold":null,"inheritable":false,"inbound_stock":null,"stock_on_hold":0,"sold_today":0,"sales_last_days":0,"reserved_stock":null,"customer_returns":null,"warehouse_damage":null,"lost_in_post":null,"other_logs":null,"out_stock_days":0,"lost_sales":0,"has_location":null,"update_date":"2026-04-27T07:13:22","atum_locations":[],"atum_stock_status":"instock","restock_status":false,"low_stock_amount":"","sales_update_date":"2026-01-30T01:25:38","calc_backorders":null,"_links":{"self":[{"href":"https:\/\/aromasentia.com\/da\/wp-json\/wp\/v2\/product\/201412","targetHints":{"allow":["GET"]}}],"collection":[{"href":"https:\/\/aromasentia.com\/da\/wp-json\/wp\/v2\/product"}],"about":[{"href":"https:\/\/aromasentia.com\/da\/wp-json\/wp\/v2\/types\/product"}],"replies":[{"embeddable":true,"href":"https:\/\/aromasentia.com\/da\/wp-json\/wp\/v2\/comments?post=201412"}],"version-history":[{"count":0,"href":"https:\/\/aromasentia.com\/da\/wp-json\/wp\/v2\/product\/201412\/revisions"}],"wp:featuredmedia":[{"embeddable":true,"href":"https:\/\/aromasentia.com\/da\/wp-json\/wp\/v2\/media\/265210"}],"wp:attachment":[{"href":"https:\/\/aromasentia.com\/da\/wp-json\/wp\/v2\/media?parent=201412"}],"wp:term":[{"taxonomy":"product_brand","embeddable":true,"href":"https:\/\/aromasentia.com\/da\/wp-json\/wp\/v2\/product_brand?post=201412"},{"taxonomy":"product_cat","embeddable":true,"href":"https:\/\/aromasentia.com\/da\/wp-json\/wp\/v2\/product_cat?post=201412"},{"taxonomy":"product_tag","embeddable":true,"href":"https:\/\/aromasentia.com\/da\/wp-json\/wp\/v2\/product_tag?post=201412"}],"curies":[{"name":"wp","href":"https:\/\/api.w.org\/{rel}","templated":true}]}}