{"id":201411,"date":"2025-03-20T15:01:07","date_gmt":"2025-03-20T15:01:07","guid":{"rendered":"https:\/\/aromasentia.com\/product\/mr-cleancut-shaving-oil-1kg-massage-oil\/"},"modified":"2025-06-22T03:36:58","modified_gmt":"2025-06-22T03:36:58","slug":"mr-cleancut-barberolie-massageolie-1kg","status":"publish","type":"product","link":"https:\/\/aromasentia.com\/da\/mr-cleancut-barberolie-massageolie-1kg\/","title":{"rendered":"Mr Cleancut Barberolie Massageolie 1Kg"},"content":{"rendered":"<p>Opn\u00e5 den perfekte barbering med Mr. Cleancut Shaving Oil, som f\u00e5s i en professionel st\u00f8rrelse p\u00e5 1 kg. Denne ekspertformulerede olie giver en superglat barriere mellem blad og hud, hvilket sikrer en utrolig t\u00e6t, glat og irritationsfri barbering. Den bl\u00f8dg\u00f8r sk\u00e6gget, f\u00e5r barberbladet til at glide ubesv\u00e6ret og hj\u00e6lper med at forhindre hak, snits\u00e5r og razor burn. Beriget med n\u00e6rende ingredienser efterlader den ogs\u00e5 huden med en fugtet, rolig og forfrisket f\u00f8lelse, klar til at m\u00f8de dagen med up\u00e5klagelig glathed og komfort.<\/p>\n","protected":false},"excerpt":{"rendered":"<p>Opn\u00e5 den perfekte barbering med Mr. Cleancut Shaving Oil, som f\u00e5s i en professionel st\u00f8rrelse p\u00e5 1 kg. Denne ekspertformulerede olie giver en superglat barriere mellem blad og hud, hvilket sikrer en utrolig t\u00e6t, glat og irritationsfri barbering. Den bl\u00f8dg\u00f8r sk\u00e6gget, f\u00e5r barberbladet til at glide ubesv\u00e6ret og hj\u00e6lper med at forhindre hak, snits\u00e5r og [&hellip;]<\/p>\n","protected":false},"featured_media":265185,"comment_status":"closed","ping_status":"open","template":"","meta":[],"product_brand":[],"product_cat":[6994,7748],"product_tag":[],"class_list":{"0":"post-201411","1":"product","2":"type-product","3":"status-publish","4":"has-post-thumbnail","6":"product_cat-bad-og-bruser","7":"product_cat-massageolier","8":"pa_collection-massage-and-bath-oils-1kg-da","9":"pa_made-in-storbritannien","11":"first","12":"instock","13":"purchasable","14":"product-type-simple"},"supplier_id":null,"supplier_sku":"MOB-12","barcode":null,"atum_controlled":true,"out_stock_date":null,"out_stock_threshold":null,"inheritable":false,"inbound_stock":null,"stock_on_hold":0,"sold_today":0,"sales_last_days":0,"reserved_stock":null,"customer_returns":null,"warehouse_damage":null,"lost_in_post":null,"other_logs":null,"out_stock_days":0,"lost_sales":0,"has_location":null,"update_date":"2026-01-30T01:26:00","atum_locations":[],"atum_stock_status":"instock","restock_status":false,"low_stock_amount":"","sales_update_date":"2026-01-30T01:26:00","calc_backorders":null,"_links":{"self":[{"href":"https:\/\/aromasentia.com\/da\/wp-json\/wp\/v2\/product\/201411","targetHints":{"allow":["GET"]}}],"collection":[{"href":"https:\/\/aromasentia.com\/da\/wp-json\/wp\/v2\/product"}],"about":[{"href":"https:\/\/aromasentia.com\/da\/wp-json\/wp\/v2\/types\/product"}],"replies":[{"embeddable":true,"href":"https:\/\/aromasentia.com\/da\/wp-json\/wp\/v2\/comments?post=201411"}],"version-history":[{"count":0,"href":"https:\/\/aromasentia.com\/da\/wp-json\/wp\/v2\/product\/201411\/revisions"}],"wp:featuredmedia":[{"embeddable":true,"href":"https:\/\/aromasentia.com\/da\/wp-json\/wp\/v2\/media\/265185"}],"wp:attachment":[{"href":"https:\/\/aromasentia.com\/da\/wp-json\/wp\/v2\/media?parent=201411"}],"wp:term":[{"taxonomy":"product_brand","embeddable":true,"href":"https:\/\/aromasentia.com\/da\/wp-json\/wp\/v2\/product_brand?post=201411"},{"taxonomy":"product_cat","embeddable":true,"href":"https:\/\/aromasentia.com\/da\/wp-json\/wp\/v2\/product_cat?post=201411"},{"taxonomy":"product_tag","embeddable":true,"href":"https:\/\/aromasentia.com\/da\/wp-json\/wp\/v2\/product_tag?post=201411"}],"curies":[{"name":"wp","href":"https:\/\/api.w.org\/{rel}","templated":true}]}}