{"id":201409,"date":"2025-03-20T15:01:07","date_gmt":"2025-03-20T15:01:07","guid":{"rendered":"https:\/\/aromasentia.com\/product\/heighten-awareness-1kg-massage-oil\/"},"modified":"2025-06-22T03:36:57","modified_gmt":"2025-06-22T03:36:57","slug":"heighten-awareness-massageolie-1kg","status":"publish","type":"product","link":"https:\/\/aromasentia.com\/da\/heighten-awareness-massageolie-1kg\/","title":{"rendered":"Heighten Awareness Massageolie 1Kg"},"content":{"rendered":"<p>Sk\u00e6rp dit fokus og v\u00e6k dine sanser med vores Heighten Awareness 1Kg Massage Oil. Denne forfriskende blanding indeholder en n\u00f8je udvalgt kombination af stimulerende \u00e6teriske olier, der er kendt for at fremme mental klarhed, forbedre koncentrationen og \u00f8ge \u00e5rv\u00e5genheden. Den bl\u00f8de, n\u00e6rende oliebase er perfekt til en revitaliserende massage, der ikke kun beroliger kroppen, men ogs\u00e5 renser sindet. Den er ideel f\u00f8r vigtige opgaver, eller n\u00e5r du har brug for et naturligt kognitivt boost, og du vil f\u00f8le dig forfrisket, fokuseret og klar til at g\u00e5 i gang.<\/p>\n","protected":false},"excerpt":{"rendered":"<p>Sk\u00e6rp dit fokus og v\u00e6k dine sanser med vores Heighten Awareness 1Kg Massage Oil. Denne forfriskende blanding indeholder en n\u00f8je udvalgt kombination af stimulerende \u00e6teriske olier, der er kendt for at fremme mental klarhed, forbedre koncentrationen og \u00f8ge \u00e5rv\u00e5genheden. Den bl\u00f8de, n\u00e6rende oliebase er perfekt til en revitaliserende massage, der ikke kun beroliger kroppen, men [&hellip;]<\/p>\n","protected":false},"featured_media":265135,"comment_status":"closed","ping_status":"open","template":"","meta":{"_angie_page":false},"product_brand":[],"product_cat":[6994,7748],"product_tag":[],"class_list":{"0":"post-201409","1":"product","2":"type-product","3":"status-publish","4":"has-post-thumbnail","6":"product_cat-bad-og-bruser","7":"product_cat-massageolier","8":"pa_collection-massage-and-bath-oils-1kg-da","9":"pa_made-in-storbritannien","11":"first","12":"instock","13":"purchasable","14":"product-type-simple"},"supplier_id":null,"supplier_sku":"MOB-10","barcode":null,"atum_controlled":true,"out_stock_date":null,"out_stock_threshold":null,"inheritable":false,"inbound_stock":null,"stock_on_hold":0,"sold_today":0,"sales_last_days":0,"reserved_stock":null,"customer_returns":null,"warehouse_damage":null,"lost_in_post":null,"other_logs":null,"out_stock_days":0,"lost_sales":0,"has_location":null,"update_date":"2026-04-29T05:08:19","atum_locations":[],"atum_stock_status":"instock","restock_status":false,"low_stock_amount":"","sales_update_date":"2026-02-06T00:02:46","calc_backorders":null,"_links":{"self":[{"href":"https:\/\/aromasentia.com\/da\/wp-json\/wp\/v2\/product\/201409","targetHints":{"allow":["GET"]}}],"collection":[{"href":"https:\/\/aromasentia.com\/da\/wp-json\/wp\/v2\/product"}],"about":[{"href":"https:\/\/aromasentia.com\/da\/wp-json\/wp\/v2\/types\/product"}],"replies":[{"embeddable":true,"href":"https:\/\/aromasentia.com\/da\/wp-json\/wp\/v2\/comments?post=201409"}],"version-history":[{"count":0,"href":"https:\/\/aromasentia.com\/da\/wp-json\/wp\/v2\/product\/201409\/revisions"}],"wp:featuredmedia":[{"embeddable":true,"href":"https:\/\/aromasentia.com\/da\/wp-json\/wp\/v2\/media\/265135"}],"wp:attachment":[{"href":"https:\/\/aromasentia.com\/da\/wp-json\/wp\/v2\/media?parent=201409"}],"wp:term":[{"taxonomy":"product_brand","embeddable":true,"href":"https:\/\/aromasentia.com\/da\/wp-json\/wp\/v2\/product_brand?post=201409"},{"taxonomy":"product_cat","embeddable":true,"href":"https:\/\/aromasentia.com\/da\/wp-json\/wp\/v2\/product_cat?post=201409"},{"taxonomy":"product_tag","embeddable":true,"href":"https:\/\/aromasentia.com\/da\/wp-json\/wp\/v2\/product_tag?post=201409"}],"curies":[{"name":"wp","href":"https:\/\/api.w.org\/{rel}","templated":true}]}}