{"id":201408,"date":"2025-03-20T15:01:07","date_gmt":"2025-03-20T15:01:07","guid":{"rendered":"https:\/\/aromasentia.com\/product\/warm-and-uplifting-1kg-massage-oil\/"},"modified":"2025-06-22T03:36:57","modified_gmt":"2025-06-22T03:36:57","slug":"varm-og-oploeftende-massageolie-1kg","status":"publish","type":"product","link":"https:\/\/aromasentia.com\/da\/varm-og-oploeftende-massageolie-1kg\/","title":{"rendered":"Varm Og Opl\u00f8ftende Massageolie 1Kg"},"content":{"rendered":"<p>L\u00f8ft dit hum\u00f8r og din \u00e5nd med vores Warm and Uplifting 1Kg Massage Oil. Denne dejlige blanding er lavet med lyse, muntre \u00e6teriske olier, der er designet til at fjerne dysterhed, fremme positivitet og skabe en f\u00f8lelse af gl\u00e6deligt velbefindende. De n\u00e6rende basisolier giver et luksuri\u00f8st glid for en behagelig massageoplevelse. Lad den solrige aroma omslutte dig, smelte stress v\u00e6k og indbyde til en f\u00f8lelse af varme og optimisme, der efterlader din hud bl\u00f8d og din \u00e5nd smukt opl\u00f8ftet.<\/p>\n","protected":false},"excerpt":{"rendered":"<p>L\u00f8ft dit hum\u00f8r og din \u00e5nd med vores Warm and Uplifting 1Kg Massage Oil. Denne dejlige blanding er lavet med lyse, muntre \u00e6teriske olier, der er designet til at fjerne dysterhed, fremme positivitet og skabe en f\u00f8lelse af gl\u00e6deligt velbefindende. De n\u00e6rende basisolier giver et luksuri\u00f8st glid for en behagelig massageoplevelse. Lad den solrige aroma [&hellip;]<\/p>\n","protected":false},"featured_media":265110,"comment_status":"closed","ping_status":"open","template":"","meta":{"_angie_page":false},"product_brand":[],"product_cat":[6994,7748],"product_tag":[],"class_list":{"0":"post-201408","1":"product","2":"type-product","3":"status-publish","4":"has-post-thumbnail","6":"product_cat-bad-og-bruser","7":"product_cat-massageolier","8":"pa_collection-massage-and-bath-oils-1kg-da","9":"pa_made-in-storbritannien","11":"first","12":"instock","13":"purchasable","14":"product-type-simple"},"supplier_id":null,"supplier_sku":"MOB-09","barcode":null,"atum_controlled":true,"out_stock_date":null,"out_stock_threshold":null,"inheritable":false,"inbound_stock":null,"stock_on_hold":0,"sold_today":0,"sales_last_days":0,"reserved_stock":null,"customer_returns":null,"warehouse_damage":null,"lost_in_post":null,"other_logs":null,"out_stock_days":0,"lost_sales":0,"has_location":null,"update_date":"2026-04-29T05:08:19","atum_locations":[],"atum_stock_status":"instock","restock_status":false,"low_stock_amount":"","sales_update_date":"2026-01-30T01:24:32","calc_backorders":null,"_links":{"self":[{"href":"https:\/\/aromasentia.com\/da\/wp-json\/wp\/v2\/product\/201408","targetHints":{"allow":["GET"]}}],"collection":[{"href":"https:\/\/aromasentia.com\/da\/wp-json\/wp\/v2\/product"}],"about":[{"href":"https:\/\/aromasentia.com\/da\/wp-json\/wp\/v2\/types\/product"}],"replies":[{"embeddable":true,"href":"https:\/\/aromasentia.com\/da\/wp-json\/wp\/v2\/comments?post=201408"}],"version-history":[{"count":0,"href":"https:\/\/aromasentia.com\/da\/wp-json\/wp\/v2\/product\/201408\/revisions"}],"wp:featuredmedia":[{"embeddable":true,"href":"https:\/\/aromasentia.com\/da\/wp-json\/wp\/v2\/media\/265110"}],"wp:attachment":[{"href":"https:\/\/aromasentia.com\/da\/wp-json\/wp\/v2\/media?parent=201408"}],"wp:term":[{"taxonomy":"product_brand","embeddable":true,"href":"https:\/\/aromasentia.com\/da\/wp-json\/wp\/v2\/product_brand?post=201408"},{"taxonomy":"product_cat","embeddable":true,"href":"https:\/\/aromasentia.com\/da\/wp-json\/wp\/v2\/product_cat?post=201408"},{"taxonomy":"product_tag","embeddable":true,"href":"https:\/\/aromasentia.com\/da\/wp-json\/wp\/v2\/product_tag?post=201408"}],"curies":[{"name":"wp","href":"https:\/\/api.w.org\/{rel}","templated":true}]}}