{"id":201407,"date":"2025-03-20T15:01:07","date_gmt":"2025-03-20T15:01:07","guid":{"rendered":"https:\/\/aromasentia.com\/product\/toning-and-firming-1kg-massage-oil\/"},"modified":"2025-06-22T03:36:56","modified_gmt":"2025-06-22T03:36:56","slug":"tonende-og-opstrammende-massageolie-1kg","status":"publish","type":"product","link":"https:\/\/aromasentia.com\/da\/tonende-og-opstrammende-massageolie-1kg\/","title":{"rendered":"Tonende Og Opstrammende Massageolie 1Kg"},"content":{"rendered":"<p>Revitaliser og form med vores Toning and Firming 1Kg Massage Oil. Denne specialiserede blanding er sammensat af omhyggeligt udvalgte botaniske olier, der er kendt for deres evne til at forbedre hudens elasticitet, tone og struktur. Regelm\u00e6ssig massage med denne olie kan hj\u00e6lpe med at fremme cirkulationen og underst\u00f8tte hudens naturlige fasthed, hvilket bidrager til et glattere og mere velformet udseende. Dens forfriskende aroma opl\u00f8fter ogs\u00e5 sanserne og g\u00f8r din toningsrutine til en forfriskende og sanselig oplevelse, der giver en smukt n\u00e6ret og fastere hud.<\/p>\n","protected":false},"excerpt":{"rendered":"<p>Revitaliser og form med vores Toning and Firming 1Kg Massage Oil. Denne specialiserede blanding er sammensat af omhyggeligt udvalgte botaniske olier, der er kendt for deres evne til at forbedre hudens elasticitet, tone og struktur. Regelm\u00e6ssig massage med denne olie kan hj\u00e6lpe med at fremme cirkulationen og underst\u00f8tte hudens naturlige fasthed, hvilket bidrager til et [&hellip;]<\/p>\n","protected":false},"featured_media":265085,"comment_status":"closed","ping_status":"open","template":"","meta":[],"product_brand":[],"product_cat":[6994,7748],"product_tag":[],"class_list":{"0":"post-201407","1":"product","2":"type-product","3":"status-publish","4":"has-post-thumbnail","6":"product_cat-bad-og-bruser","7":"product_cat-massageolier","8":"pa_collection-massage-and-bath-oils-1kg-da","9":"pa_made-in-storbritannien","11":"first","12":"instock","13":"purchasable","14":"product-type-simple"},"supplier_id":null,"supplier_sku":"MOB-08","barcode":null,"atum_controlled":true,"out_stock_date":null,"out_stock_threshold":null,"inheritable":false,"inbound_stock":0,"stock_on_hold":0,"sold_today":0,"sales_last_days":0,"reserved_stock":0,"customer_returns":0,"warehouse_damage":0,"lost_in_post":0,"other_logs":0,"out_stock_days":0,"lost_sales":0,"has_location":false,"update_date":"2026-02-06T00:02:05","atum_locations":[],"atum_stock_status":"instock","restock_status":false,"low_stock_amount":"","sales_update_date":"2026-02-06T00:02:05","calc_backorders":null,"_links":{"self":[{"href":"https:\/\/aromasentia.com\/da\/wp-json\/wp\/v2\/product\/201407","targetHints":{"allow":["GET"]}}],"collection":[{"href":"https:\/\/aromasentia.com\/da\/wp-json\/wp\/v2\/product"}],"about":[{"href":"https:\/\/aromasentia.com\/da\/wp-json\/wp\/v2\/types\/product"}],"replies":[{"embeddable":true,"href":"https:\/\/aromasentia.com\/da\/wp-json\/wp\/v2\/comments?post=201407"}],"version-history":[{"count":0,"href":"https:\/\/aromasentia.com\/da\/wp-json\/wp\/v2\/product\/201407\/revisions"}],"wp:featuredmedia":[{"embeddable":true,"href":"https:\/\/aromasentia.com\/da\/wp-json\/wp\/v2\/media\/265085"}],"wp:attachment":[{"href":"https:\/\/aromasentia.com\/da\/wp-json\/wp\/v2\/media?parent=201407"}],"wp:term":[{"taxonomy":"product_brand","embeddable":true,"href":"https:\/\/aromasentia.com\/da\/wp-json\/wp\/v2\/product_brand?post=201407"},{"taxonomy":"product_cat","embeddable":true,"href":"https:\/\/aromasentia.com\/da\/wp-json\/wp\/v2\/product_cat?post=201407"},{"taxonomy":"product_tag","embeddable":true,"href":"https:\/\/aromasentia.com\/da\/wp-json\/wp\/v2\/product_tag?post=201407"}],"curies":[{"name":"wp","href":"https:\/\/api.w.org\/{rel}","templated":true}]}}