{"id":201406,"date":"2025-03-20T15:01:24","date_gmt":"2025-03-20T15:01:24","guid":{"rendered":"https:\/\/aromasentia.com\/product\/scalp-massage-oil-100ml\/"},"modified":"2025-06-22T03:36:56","modified_gmt":"2025-06-22T03:36:56","slug":"massageolie-til-hovedbunden-100ml","status":"publish","type":"product","link":"https:\/\/aromasentia.com\/da\/massageolie-til-hovedbunden-100ml\/","title":{"rendered":"Massageolie Til Hovedbunden &#8211; 100ml"},"content":{"rendered":"<p><strong>Ingredienser:<\/strong> \u00c6teriske olier af tea tree og eukalyptus<br \/>blandet i vindruekerneolie.<\/p>\n<p>Ancient Wisdom massageolier er omhyggeligt blandet. De er ikke kun designet til en fantastisk massage, men hver enkelt er tilsat \u00e6teriske olier, der tilf\u00f8jer noget ekstra.<\/p>\n<p><strong>Hovedbundsmassageolie<\/strong> er blandet til at v\u00e6re en kraftfuld kraft mod<br \/>infektioner, irritationer og parasitter. &nbsp; &nbsp; &nbsp; &nbsp; &nbsp; &nbsp; &nbsp; &nbsp; &nbsp; &nbsp; &nbsp; &nbsp; &nbsp; &nbsp; &nbsp; &nbsp; &nbsp; &nbsp; &nbsp; &nbsp; &nbsp; &nbsp; &nbsp;&nbsp;<\/p>\n<p>Blandingen af tea tree og eukalyptus betyder, at disse olier d\u00e6kker n\u00e6sten hele spektret fra luse\u00e6g og lus til svampeinfektioner, sk\u00e6l og fedtet h\u00e5r.<\/p>\n<p><strong>Allergener&nbsp;<\/strong>: &nbsp;Limonen.<\/p>\n","protected":false},"excerpt":{"rendered":"<p>Ingredienser: \u00c6teriske olier af tea tree og eukalyptusblandet i vindruekerneolie. Ancient Wisdom massageolier er omhyggeligt blandet. De er ikke kun designet til en fantastisk massage, men hver enkelt er tilsat \u00e6teriske olier, der tilf\u00f8jer noget ekstra. Hovedbundsmassageolie er blandet til at v\u00e6re en kraftfuld kraft modinfektioner, irritationer og parasitter. &nbsp; &nbsp; &nbsp; &nbsp; &nbsp; &nbsp; [&hellip;]<\/p>\n","protected":false},"featured_media":265644,"comment_status":"closed","ping_status":"open","template":"","meta":{"_angie_page":false},"product_brand":[27094],"product_cat":[6994,7748],"product_tag":[],"class_list":{"0":"post-201406","1":"product","2":"type-product","3":"status-publish","4":"has-post-thumbnail","6":"product_brand-ancient-wisdom","7":"product_cat-bad-og-bruser","8":"product_cat-massageolier","9":"pa_collection-massage-oils-bottles-100ml-da","10":"pa_made-in-storbritannien","11":"pa_size-100ml","13":"first","14":"instock","15":"purchasable","16":"product-type-simple"},"supplier_id":null,"supplier_sku":"MOL-13","barcode":null,"atum_controlled":true,"out_stock_date":null,"out_stock_threshold":null,"inheritable":false,"inbound_stock":null,"stock_on_hold":0,"sold_today":0,"sales_last_days":0,"reserved_stock":null,"customer_returns":null,"warehouse_damage":null,"lost_in_post":null,"other_logs":null,"out_stock_days":0,"lost_sales":0,"has_location":null,"update_date":"2026-04-27T07:13:29","atum_locations":[],"atum_stock_status":"instock","restock_status":false,"low_stock_amount":"","sales_update_date":"2025-09-05T00:17:10","calc_backorders":null,"_links":{"self":[{"href":"https:\/\/aromasentia.com\/da\/wp-json\/wp\/v2\/product\/201406","targetHints":{"allow":["GET"]}}],"collection":[{"href":"https:\/\/aromasentia.com\/da\/wp-json\/wp\/v2\/product"}],"about":[{"href":"https:\/\/aromasentia.com\/da\/wp-json\/wp\/v2\/types\/product"}],"replies":[{"embeddable":true,"href":"https:\/\/aromasentia.com\/da\/wp-json\/wp\/v2\/comments?post=201406"}],"version-history":[{"count":0,"href":"https:\/\/aromasentia.com\/da\/wp-json\/wp\/v2\/product\/201406\/revisions"}],"wp:featuredmedia":[{"embeddable":true,"href":"https:\/\/aromasentia.com\/da\/wp-json\/wp\/v2\/media\/265644"}],"wp:attachment":[{"href":"https:\/\/aromasentia.com\/da\/wp-json\/wp\/v2\/media?parent=201406"}],"wp:term":[{"taxonomy":"product_brand","embeddable":true,"href":"https:\/\/aromasentia.com\/da\/wp-json\/wp\/v2\/product_brand?post=201406"},{"taxonomy":"product_cat","embeddable":true,"href":"https:\/\/aromasentia.com\/da\/wp-json\/wp\/v2\/product_cat?post=201406"},{"taxonomy":"product_tag","embeddable":true,"href":"https:\/\/aromasentia.com\/da\/wp-json\/wp\/v2\/product_tag?post=201406"}],"curies":[{"name":"wp","href":"https:\/\/api.w.org\/{rel}","templated":true}]}}