{"id":201404,"date":"2025-03-20T15:01:24","date_gmt":"2025-03-20T15:01:24","guid":{"rendered":"https:\/\/aromasentia.com\/product\/sleepy-lavender-massage-oil-100ml\/"},"modified":"2025-06-22T03:36:55","modified_gmt":"2025-06-22T03:36:55","slug":"soevnig-lavendel-massageolie-100ml","status":"publish","type":"product","link":"https:\/\/aromasentia.com\/da\/soevnig-lavendel-massageolie-100ml\/","title":{"rendered":"S\u00f8vnig Lavendel-Massageolie &#8211; 100ml"},"content":{"rendered":"<p>Fra dine kunders synspunkt giver massageolier fremragende mening, fordi det er dyrt og tidskr\u00e6vende at k\u00f8be hver enkelt olie for at blande sin egen.<\/p>\n<p>Disse massageolier er blandet i vindruekerneolie. Du kan endda tilf\u00f8je et par dr\u00e5ber til badet.<\/p>\n<p><strong>Sleepy Lavender Massageolie<\/strong> er lavet med verdenskendte \u00e6teriske olier af \u00e6ldgammel visdom, lavendel og s\u00f8d merian samt ren vindruekerneolie.<\/p>\n","protected":false},"excerpt":{"rendered":"<p>Fra dine kunders synspunkt giver massageolier fremragende mening, fordi det er dyrt og tidskr\u00e6vende at k\u00f8be hver enkelt olie for at blande sin egen. Disse massageolier er blandet i vindruekerneolie. Du kan endda tilf\u00f8je et par dr\u00e5ber til badet. Sleepy Lavender Massageolie er lavet med verdenskendte \u00e6teriske olier af \u00e6ldgammel visdom, lavendel og s\u00f8d merian [&hellip;]<\/p>\n","protected":false},"featured_media":265594,"comment_status":"closed","ping_status":"open","template":"","meta":[],"product_brand":[27094],"product_cat":[6994,26830,25839,25957,7748],"product_tag":[],"class_list":{"0":"post-201404","1":"product","2":"type-product","3":"status-publish","4":"has-post-thumbnail","6":"product_brand-ancient-wisdom","7":"product_cat-bad-og-bruser","8":"product_cat-blomster","9":"product_cat-dufte-aromaer","10":"product_cat-lavendel","11":"product_cat-massageolier","12":"pa_collection-massage-oils-bottles-100ml-da","13":"pa_made-in-storbritannien","14":"pa_size-100ml","16":"first","17":"outofstock","18":"purchasable","19":"product-type-simple"},"supplier_id":null,"supplier_sku":"MOL-11","barcode":null,"atum_controlled":true,"out_stock_date":"2025-10-21 17:36:56","out_stock_threshold":null,"inheritable":false,"inbound_stock":null,"stock_on_hold":0,"sold_today":0,"sales_last_days":0,"reserved_stock":null,"customer_returns":null,"warehouse_damage":null,"lost_in_post":null,"other_logs":null,"out_stock_days":100,"lost_sales":0,"has_location":null,"update_date":"2026-01-30T01:24:19","atum_locations":[],"atum_stock_status":"outofstock","restock_status":false,"low_stock_amount":"","sales_update_date":"2026-01-30T01:24:19","calc_backorders":null,"_links":{"self":[{"href":"https:\/\/aromasentia.com\/da\/wp-json\/wp\/v2\/product\/201404","targetHints":{"allow":["GET"]}}],"collection":[{"href":"https:\/\/aromasentia.com\/da\/wp-json\/wp\/v2\/product"}],"about":[{"href":"https:\/\/aromasentia.com\/da\/wp-json\/wp\/v2\/types\/product"}],"replies":[{"embeddable":true,"href":"https:\/\/aromasentia.com\/da\/wp-json\/wp\/v2\/comments?post=201404"}],"version-history":[{"count":0,"href":"https:\/\/aromasentia.com\/da\/wp-json\/wp\/v2\/product\/201404\/revisions"}],"wp:featuredmedia":[{"embeddable":true,"href":"https:\/\/aromasentia.com\/da\/wp-json\/wp\/v2\/media\/265594"}],"wp:attachment":[{"href":"https:\/\/aromasentia.com\/da\/wp-json\/wp\/v2\/media?parent=201404"}],"wp:term":[{"taxonomy":"product_brand","embeddable":true,"href":"https:\/\/aromasentia.com\/da\/wp-json\/wp\/v2\/product_brand?post=201404"},{"taxonomy":"product_cat","embeddable":true,"href":"https:\/\/aromasentia.com\/da\/wp-json\/wp\/v2\/product_cat?post=201404"},{"taxonomy":"product_tag","embeddable":true,"href":"https:\/\/aromasentia.com\/da\/wp-json\/wp\/v2\/product_tag?post=201404"}],"curies":[{"name":"wp","href":"https:\/\/api.w.org\/{rel}","templated":true}]}}