{"id":201396,"date":"2025-03-20T15:01:24","date_gmt":"2025-03-20T15:01:24","guid":{"rendered":"https:\/\/aromasentia.com\/product\/sandalwood-glow-massage-oil-100ml\/"},"modified":"2025-06-22T03:36:50","modified_gmt":"2025-06-22T03:36:50","slug":"sandeltrae-glow-massageolie-100ml","status":"publish","type":"product","link":"https:\/\/aromasentia.com\/da\/sandeltrae-glow-massageolie-100ml\/","title":{"rendered":"Sandeltr\u00e6 Glow Massageolie &#8211; 100ml"},"content":{"rendered":"<p><strong>Denne s\u00f8de og milde Sandalwood Glow Massage Oil bringer ro, mens dens beroligende egenskaber fugter meget t\u00f8r hud.<\/strong><\/p>\n<p>Varm olien op mellem dine h\u00e6nder, og berolig og fork\u00e6l hinanden, eller nyd en god solo-fork\u00e6lelse.<\/p>\n<p>Efterlader huden n\u00e6ret, silkeagtig og perfekt bl\u00f8d. Din Sandalwood Glow Massage Oil er lavet med verdenskendte Ancient Wisdom-kvaliteter, Sandalwood Amyris, sort peber og mandarin \u00e6teriske olier samt ren vindruekerneolie.<\/p>\n","protected":false},"excerpt":{"rendered":"<p>Denne s\u00f8de og milde Sandalwood Glow Massage Oil bringer ro, mens dens beroligende egenskaber fugter meget t\u00f8r hud. Varm olien op mellem dine h\u00e6nder, og berolig og fork\u00e6l hinanden, eller nyd en god solo-fork\u00e6lelse. Efterlader huden n\u00e6ret, silkeagtig og perfekt bl\u00f8d. Din Sandalwood Glow Massage Oil er lavet med verdenskendte Ancient Wisdom-kvaliteter, Sandalwood Amyris, sort [&hellip;]<\/p>\n","protected":false},"featured_media":265410,"comment_status":"closed","ping_status":"open","template":"","meta":{"_angie_page":false},"product_brand":[27094],"product_cat":[6994,25839,7748,25990,26893],"product_tag":[],"class_list":{"0":"post-201396","1":"product","2":"type-product","3":"status-publish","4":"has-post-thumbnail","6":"product_brand-ancient-wisdom","7":"product_cat-bad-og-bruser","8":"product_cat-dufte-aromaer","9":"product_cat-massageolier","10":"product_cat-sandeltrae","11":"product_cat-traeagtig","12":"pa_collection-massage-oils-bottles-100ml-da","13":"pa_made-in-storbritannien","14":"pa_size-100ml","16":"first","17":"instock","18":"purchasable","19":"product-type-simple"},"supplier_id":null,"supplier_sku":"MOL-03","barcode":null,"atum_controlled":true,"out_stock_date":null,"out_stock_threshold":null,"inheritable":false,"inbound_stock":null,"stock_on_hold":0,"sold_today":0,"sales_last_days":0,"reserved_stock":null,"customer_returns":null,"warehouse_damage":null,"lost_in_post":null,"other_logs":null,"out_stock_days":0,"lost_sales":0,"has_location":null,"update_date":"2026-05-04T00:03:58","atum_locations":[],"atum_stock_status":"instock","restock_status":false,"low_stock_amount":"","sales_update_date":"2025-09-05T00:17:06","calc_backorders":null,"_links":{"self":[{"href":"https:\/\/aromasentia.com\/da\/wp-json\/wp\/v2\/product\/201396","targetHints":{"allow":["GET"]}}],"collection":[{"href":"https:\/\/aromasentia.com\/da\/wp-json\/wp\/v2\/product"}],"about":[{"href":"https:\/\/aromasentia.com\/da\/wp-json\/wp\/v2\/types\/product"}],"replies":[{"embeddable":true,"href":"https:\/\/aromasentia.com\/da\/wp-json\/wp\/v2\/comments?post=201396"}],"version-history":[{"count":0,"href":"https:\/\/aromasentia.com\/da\/wp-json\/wp\/v2\/product\/201396\/revisions"}],"wp:featuredmedia":[{"embeddable":true,"href":"https:\/\/aromasentia.com\/da\/wp-json\/wp\/v2\/media\/265410"}],"wp:attachment":[{"href":"https:\/\/aromasentia.com\/da\/wp-json\/wp\/v2\/media?parent=201396"}],"wp:term":[{"taxonomy":"product_brand","embeddable":true,"href":"https:\/\/aromasentia.com\/da\/wp-json\/wp\/v2\/product_brand?post=201396"},{"taxonomy":"product_cat","embeddable":true,"href":"https:\/\/aromasentia.com\/da\/wp-json\/wp\/v2\/product_cat?post=201396"},{"taxonomy":"product_tag","embeddable":true,"href":"https:\/\/aromasentia.com\/da\/wp-json\/wp\/v2\/product_tag?post=201396"}],"curies":[{"name":"wp","href":"https:\/\/api.w.org\/{rel}","templated":true}]}}