{"id":201394,"date":"2025-03-20T15:01:24","date_gmt":"2025-03-20T15:01:24","guid":{"rendered":"https:\/\/aromasentia.com\/product\/relaxing-massage-oil-100ml\/"},"modified":"2025-06-22T03:36:49","modified_gmt":"2025-06-22T03:36:49","slug":"afslappende-massageolie-100ml","status":"publish","type":"product","link":"https:\/\/aromasentia.com\/da\/afslappende-massageolie-100ml\/","title":{"rendered":"Afslappende Massageolie &#8211; 100ml"},"content":{"rendered":"<p><strong>Stimuler dine sanser med denne utroligt duftende, fugtgivende afslappende massageolie.<\/strong><\/p>\n<p>Varm olien op mellem dine h\u00e6nder, og berolig og fork\u00e6l hinanden, eller nyd en kvalitetsfuld solo-fork\u00e6lelse.<\/p>\n<p>Efterlader huden n\u00e6ret, silkeagtig og perfekt bl\u00f8d. Din sensuelle massageolie er lavet med verdenskendt Ancient Wisdom-kvalitet.<\/p>\n<p>Denne blanding af \u00e6teriske olier af lavendel, fennikel, pebermynte og kamille af h\u00f8j kvalitet hj\u00e6lper ikke kun med at slappe af, men ogs\u00e5 med at sove bedre og give mere energi.<\/p>\n","protected":false},"excerpt":{"rendered":"<p>Stimuler dine sanser med denne utroligt duftende, fugtgivende afslappende massageolie. Varm olien op mellem dine h\u00e6nder, og berolig og fork\u00e6l hinanden, eller nyd en kvalitetsfuld solo-fork\u00e6lelse. Efterlader huden n\u00e6ret, silkeagtig og perfekt bl\u00f8d. Din sensuelle massageolie er lavet med verdenskendt Ancient Wisdom-kvalitet. Denne blanding af \u00e6teriske olier af lavendel, fennikel, pebermynte og kamille af h\u00f8j [&hellip;]<\/p>\n","protected":false},"featured_media":265360,"comment_status":"closed","ping_status":"open","template":"","meta":{"_angie_page":false},"product_brand":[27094],"product_cat":[6994,7748],"product_tag":[],"class_list":{"0":"post-201394","1":"product","2":"type-product","3":"status-publish","4":"has-post-thumbnail","6":"product_brand-ancient-wisdom","7":"product_cat-bad-og-bruser","8":"product_cat-massageolier","9":"pa_collection-massage-oils-bottles-100ml-da","10":"pa_made-in-storbritannien","11":"pa_size-100ml","13":"first","14":"instock","15":"purchasable","16":"product-type-simple"},"supplier_id":null,"supplier_sku":"MOL-01","barcode":null,"atum_controlled":true,"out_stock_date":null,"out_stock_threshold":null,"inheritable":false,"inbound_stock":null,"stock_on_hold":0,"sold_today":0,"sales_last_days":0,"reserved_stock":null,"customer_returns":null,"warehouse_damage":null,"lost_in_post":null,"other_logs":null,"out_stock_days":0,"lost_sales":0,"has_location":null,"update_date":"2026-04-27T07:13:23","atum_locations":[],"atum_stock_status":"instock","restock_status":false,"low_stock_amount":"","sales_update_date":"2025-09-05T00:17:05","calc_backorders":null,"_links":{"self":[{"href":"https:\/\/aromasentia.com\/da\/wp-json\/wp\/v2\/product\/201394","targetHints":{"allow":["GET"]}}],"collection":[{"href":"https:\/\/aromasentia.com\/da\/wp-json\/wp\/v2\/product"}],"about":[{"href":"https:\/\/aromasentia.com\/da\/wp-json\/wp\/v2\/types\/product"}],"replies":[{"embeddable":true,"href":"https:\/\/aromasentia.com\/da\/wp-json\/wp\/v2\/comments?post=201394"}],"version-history":[{"count":0,"href":"https:\/\/aromasentia.com\/da\/wp-json\/wp\/v2\/product\/201394\/revisions"}],"wp:featuredmedia":[{"embeddable":true,"href":"https:\/\/aromasentia.com\/da\/wp-json\/wp\/v2\/media\/265360"}],"wp:attachment":[{"href":"https:\/\/aromasentia.com\/da\/wp-json\/wp\/v2\/media?parent=201394"}],"wp:term":[{"taxonomy":"product_brand","embeddable":true,"href":"https:\/\/aromasentia.com\/da\/wp-json\/wp\/v2\/product_brand?post=201394"},{"taxonomy":"product_cat","embeddable":true,"href":"https:\/\/aromasentia.com\/da\/wp-json\/wp\/v2\/product_cat?post=201394"},{"taxonomy":"product_tag","embeddable":true,"href":"https:\/\/aromasentia.com\/da\/wp-json\/wp\/v2\/product_tag?post=201394"}],"curies":[{"name":"wp","href":"https:\/\/api.w.org\/{rel}","templated":true}]}}