{"id":201388,"date":"2025-03-20T15:03:30","date_gmt":"2025-03-20T15:03:30","guid":{"rendered":"https:\/\/aromasentia.com\/product\/large-mango-box-burner-tree-of-life\/"},"modified":"2025-06-22T03:36:47","modified_gmt":"2025-06-22T03:36:47","slug":"stor-mango-box-burner-livets-trae","status":"publish","type":"product","link":"https:\/\/aromasentia.com\/da\/stor-mango-box-burner-livets-trae\/","title":{"rendered":"Stor Mango Box Burner &#8211; Livets Tr\u00e6"},"content":{"rendered":"<p><span style=\"color: rgb(75, 80, 88);\"><strong>Fejr v\u00e6kst og forbindelse med Tree of Life Mango Wood Oil Burner.<\/strong><\/span><\/p>\n<p><span style=\"color: rgb(75, 80, 88);\">Denne br\u00e6nder har et smukt h\u00e5ndsk\u00e5ret Tree of Life-design og er fremstillet af b\u00e6redygtigt mangotr\u00e6, hvilket tilbyder b\u00e5de holdbarhed og symbolik.<\/span><\/p>\n<p><span style=\"color: rgb(75, 80, 88);\"><strong>Perfekt til olier eller smeltevoks,<\/strong>den giver en alsidig og milj\u00f8venlig m\u00e5de at fylde ethvert rum med dine kunders yndlingsdufte.<\/span><\/p>\n<p><span style=\"color: rgb(75, 80, 88);\"><strong>Den kompakte st\u00f8rrelse p\u00e5 12,5 x 12,5 x 12,5 cm<\/strong> g\u00f8r den til en vidunderlig tilf\u00f8jelse til ethvert rum eller en meningsfuld gave.<\/span><\/p>\n","protected":false},"excerpt":{"rendered":"<p>Fejr v\u00e6kst og forbindelse med Tree of Life Mango Wood Oil Burner. Denne br\u00e6nder har et smukt h\u00e5ndsk\u00e5ret Tree of Life-design og er fremstillet af b\u00e6redygtigt mangotr\u00e6, hvilket tilbyder b\u00e5de holdbarhed og symbolik. Perfekt til olier eller smeltevoks,den giver en alsidig og milj\u00f8venlig m\u00e5de at fylde ethvert rum med dine kunders yndlingsdufte. Den kompakte st\u00f8rrelse [&hellip;]<\/p>\n","protected":false},"featured_media":265868,"comment_status":"closed","ping_status":"open","template":"","meta":{"_angie_page":false},"product_brand":[],"product_cat":[6517,6169],"product_tag":[],"class_list":{"0":"post-201388","1":"product","2":"type-product","3":"status-publish","4":"has-post-thumbnail","6":"product_cat-aromalamper-oliebraender","7":"product_cat-aromalamper-aromadiffusere-og-duftstaenger","8":"pa_collection-mango-wood-oil-burners-da","9":"pa_made-in-indien","11":"first","12":"instock","13":"purchasable","14":"product-type-simple"},"supplier_id":null,"supplier_sku":"MWOB-03","barcode":null,"atum_controlled":true,"out_stock_date":null,"out_stock_threshold":null,"inheritable":false,"inbound_stock":null,"stock_on_hold":0,"sold_today":0,"sales_last_days":0,"reserved_stock":null,"customer_returns":null,"warehouse_damage":null,"lost_in_post":null,"other_logs":null,"out_stock_days":0,"lost_sales":0,"has_location":null,"update_date":"2026-05-08T05:14:27","atum_locations":[],"atum_stock_status":"instock","restock_status":false,"low_stock_amount":"","sales_update_date":"2025-09-05T00:17:11","calc_backorders":null,"_links":{"self":[{"href":"https:\/\/aromasentia.com\/da\/wp-json\/wp\/v2\/product\/201388","targetHints":{"allow":["GET"]}}],"collection":[{"href":"https:\/\/aromasentia.com\/da\/wp-json\/wp\/v2\/product"}],"about":[{"href":"https:\/\/aromasentia.com\/da\/wp-json\/wp\/v2\/types\/product"}],"replies":[{"embeddable":true,"href":"https:\/\/aromasentia.com\/da\/wp-json\/wp\/v2\/comments?post=201388"}],"version-history":[{"count":0,"href":"https:\/\/aromasentia.com\/da\/wp-json\/wp\/v2\/product\/201388\/revisions"}],"wp:featuredmedia":[{"embeddable":true,"href":"https:\/\/aromasentia.com\/da\/wp-json\/wp\/v2\/media\/265868"}],"wp:attachment":[{"href":"https:\/\/aromasentia.com\/da\/wp-json\/wp\/v2\/media?parent=201388"}],"wp:term":[{"taxonomy":"product_brand","embeddable":true,"href":"https:\/\/aromasentia.com\/da\/wp-json\/wp\/v2\/product_brand?post=201388"},{"taxonomy":"product_cat","embeddable":true,"href":"https:\/\/aromasentia.com\/da\/wp-json\/wp\/v2\/product_cat?post=201388"},{"taxonomy":"product_tag","embeddable":true,"href":"https:\/\/aromasentia.com\/da\/wp-json\/wp\/v2\/product_tag?post=201388"}],"curies":[{"name":"wp","href":"https:\/\/api.w.org\/{rel}","templated":true}]}}