{"id":201387,"date":"2025-03-20T15:03:30","date_gmt":"2025-03-20T15:03:30","guid":{"rendered":"https:\/\/aromasentia.com\/product\/large-mango-box-burner-buddha\/"},"modified":"2025-06-22T03:36:47","modified_gmt":"2025-06-22T03:36:47","slug":"stor-mango-box-burner-buddha","status":"publish","type":"product","link":"https:\/\/aromasentia.com\/da\/stor-mango-box-burner-buddha\/","title":{"rendered":"Stor Mango Box Burner &#8211; Buddha"},"content":{"rendered":"<p><span style=\"color: rgb(75, 80, 88);\"><strong>Skyd dine kunders ro og opm\u00e6rksomhed hjem med Buddha Mango Wood Oil Burner.<\/strong><\/span><\/p>\n<p><span style=\"color: rgb(75, 80, 88);\">H\u00e5ndsk\u00e5ret af b\u00e6redygtigt mangotr\u00e6, fremviser denne br\u00e6nder et fredfyldt Buddha-design, hvilket g\u00f8r den til et b\u00e5de dekorativt og spirituelt stykke til ethvert rum.<\/span><\/p>\n<p><span style=\"color: rgb(75, 80, 88);\"><strong>Uanset om den bruges med \u00e6teriske olier eller smeltevoks<\/strong>, tilbyder den en beroligende og alsidig m\u00e5de at forbedre atmosf\u00e6ren p\u00e5 med beroligende dufte.<\/span><\/p>\n<p><span style=\"color: rgb(75, 80, 88);\"><strong>Dens kompakte st\u00f8rrelse p\u00e5 12,5 x 12,5 x 12,5 cm <\/strong>g\u00f8r den ideel til bordplader, hylder eller som en bet\u00e6nksom, fredfyldt gave.<\/span><\/p>\n","protected":false},"excerpt":{"rendered":"<p>Skyd dine kunders ro og opm\u00e6rksomhed hjem med Buddha Mango Wood Oil Burner. H\u00e5ndsk\u00e5ret af b\u00e6redygtigt mangotr\u00e6, fremviser denne br\u00e6nder et fredfyldt Buddha-design, hvilket g\u00f8r den til et b\u00e5de dekorativt og spirituelt stykke til ethvert rum. Uanset om den bruges med \u00e6teriske olier eller smeltevoks, tilbyder den en beroligende og alsidig m\u00e5de at forbedre atmosf\u00e6ren [&hellip;]<\/p>\n","protected":false},"featured_media":265819,"comment_status":"closed","ping_status":"open","template":"","meta":{"_angie_page":false},"product_brand":[],"product_cat":[6517,6169],"product_tag":[],"class_list":{"0":"post-201387","1":"product","2":"type-product","3":"status-publish","4":"has-post-thumbnail","6":"product_cat-aromalamper-oliebraender","7":"product_cat-aromalamper-aromadiffusere-og-duftstaenger","8":"pa_collection-mango-wood-oil-burners-da","9":"pa_made-in-indien","11":"first","12":"instock","13":"purchasable","14":"product-type-simple"},"supplier_id":null,"supplier_sku":"MWOB-02","barcode":null,"atum_controlled":true,"out_stock_date":null,"out_stock_threshold":null,"inheritable":false,"inbound_stock":null,"stock_on_hold":0,"sold_today":0,"sales_last_days":0,"reserved_stock":null,"customer_returns":null,"warehouse_damage":null,"lost_in_post":null,"other_logs":null,"out_stock_days":0,"lost_sales":0,"has_location":null,"update_date":"2026-05-08T05:14:27","atum_locations":[],"atum_stock_status":"instock","restock_status":false,"low_stock_amount":"","sales_update_date":"2026-02-06T00:01:37","calc_backorders":null,"_links":{"self":[{"href":"https:\/\/aromasentia.com\/da\/wp-json\/wp\/v2\/product\/201387","targetHints":{"allow":["GET"]}}],"collection":[{"href":"https:\/\/aromasentia.com\/da\/wp-json\/wp\/v2\/product"}],"about":[{"href":"https:\/\/aromasentia.com\/da\/wp-json\/wp\/v2\/types\/product"}],"replies":[{"embeddable":true,"href":"https:\/\/aromasentia.com\/da\/wp-json\/wp\/v2\/comments?post=201387"}],"version-history":[{"count":0,"href":"https:\/\/aromasentia.com\/da\/wp-json\/wp\/v2\/product\/201387\/revisions"}],"wp:featuredmedia":[{"embeddable":true,"href":"https:\/\/aromasentia.com\/da\/wp-json\/wp\/v2\/media\/265819"}],"wp:attachment":[{"href":"https:\/\/aromasentia.com\/da\/wp-json\/wp\/v2\/media?parent=201387"}],"wp:term":[{"taxonomy":"product_brand","embeddable":true,"href":"https:\/\/aromasentia.com\/da\/wp-json\/wp\/v2\/product_brand?post=201387"},{"taxonomy":"product_cat","embeddable":true,"href":"https:\/\/aromasentia.com\/da\/wp-json\/wp\/v2\/product_cat?post=201387"},{"taxonomy":"product_tag","embeddable":true,"href":"https:\/\/aromasentia.com\/da\/wp-json\/wp\/v2\/product_tag?post=201387"}],"curies":[{"name":"wp","href":"https:\/\/api.w.org\/{rel}","templated":true}]}}