{"id":201381,"date":"2025-03-20T15:03:30","date_gmt":"2025-03-20T15:03:30","guid":{"rendered":"https:\/\/aromasentia.com\/product\/special-regeneration-a2-mix-massage-oil-100ml\/"},"modified":"2025-06-22T03:36:43","modified_gmt":"2025-06-22T03:36:43","slug":"special-regeneration-a2-mix-massageolie-100ml","status":"publish","type":"product","link":"https:\/\/aromasentia.com\/da\/special-regeneration-a2-mix-massageolie-100ml\/","title":{"rendered":"Special Regeneration A2 mix Massageolie &#8211; 100ml"},"content":{"rendered":"<p>Fra dine kunders synspunkt giver massageolier fremragende mening, fordi det er dyrt og tidskr\u00e6vende at k\u00f8be hver enkelt olie for at blande sin egen.<\/p>\n<p>Disse massageolier er blandet i vindruekerneolie. Du kan endda tilf\u00f8je et par dr\u00e5ber til badet.<\/p>\n<p><strong>Den s\u00e6rlige A2 massageolie<\/strong>er lavet med verdenskendte \u00e6teriske olier fra urgammel visdom og ren vindruekerneolie.<\/p>\n","protected":false},"excerpt":{"rendered":"<p>Fra dine kunders synspunkt giver massageolier fremragende mening, fordi det er dyrt og tidskr\u00e6vende at k\u00f8be hver enkelt olie for at blande sin egen. Disse massageolier er blandet i vindruekerneolie. Du kan endda tilf\u00f8je et par dr\u00e5ber til badet. Den s\u00e6rlige A2 massageolieer lavet med verdenskendte \u00e6teriske olier fra urgammel visdom og ren vindruekerneolie.<\/p>\n","protected":false},"featured_media":265653,"comment_status":"closed","ping_status":"open","template":"","meta":{"_angie_page":false},"product_brand":[27094],"product_cat":[6994,7748],"product_tag":[],"class_list":{"0":"post-201381","1":"product","2":"type-product","3":"status-publish","4":"has-post-thumbnail","6":"product_brand-ancient-wisdom","7":"product_cat-bad-og-bruser","8":"product_cat-massageolier","9":"pa_collection-massage-oils-bottles-100ml-da","10":"pa_made-in-storbritannien","11":"pa_size-100ml","13":"first","14":"instock","15":"purchasable","16":"product-type-simple"},"supplier_id":null,"supplier_sku":"MOL-14","barcode":null,"atum_controlled":true,"out_stock_date":null,"out_stock_threshold":null,"inheritable":false,"inbound_stock":0,"stock_on_hold":0,"sold_today":0,"sales_last_days":0,"reserved_stock":0,"customer_returns":0,"warehouse_damage":0,"lost_in_post":0,"other_logs":0,"out_stock_days":0,"lost_sales":0,"has_location":false,"update_date":"2026-04-27T07:13:29","atum_locations":[],"atum_stock_status":"instock","restock_status":false,"low_stock_amount":"","sales_update_date":"2025-09-05T00:17:09","calc_backorders":null,"_links":{"self":[{"href":"https:\/\/aromasentia.com\/da\/wp-json\/wp\/v2\/product\/201381","targetHints":{"allow":["GET"]}}],"collection":[{"href":"https:\/\/aromasentia.com\/da\/wp-json\/wp\/v2\/product"}],"about":[{"href":"https:\/\/aromasentia.com\/da\/wp-json\/wp\/v2\/types\/product"}],"replies":[{"embeddable":true,"href":"https:\/\/aromasentia.com\/da\/wp-json\/wp\/v2\/comments?post=201381"}],"version-history":[{"count":0,"href":"https:\/\/aromasentia.com\/da\/wp-json\/wp\/v2\/product\/201381\/revisions"}],"wp:featuredmedia":[{"embeddable":true,"href":"https:\/\/aromasentia.com\/da\/wp-json\/wp\/v2\/media\/265653"}],"wp:attachment":[{"href":"https:\/\/aromasentia.com\/da\/wp-json\/wp\/v2\/media?parent=201381"}],"wp:term":[{"taxonomy":"product_brand","embeddable":true,"href":"https:\/\/aromasentia.com\/da\/wp-json\/wp\/v2\/product_brand?post=201381"},{"taxonomy":"product_cat","embeddable":true,"href":"https:\/\/aromasentia.com\/da\/wp-json\/wp\/v2\/product_cat?post=201381"},{"taxonomy":"product_tag","embeddable":true,"href":"https:\/\/aromasentia.com\/da\/wp-json\/wp\/v2\/product_tag?post=201381"}],"curies":[{"name":"wp","href":"https:\/\/api.w.org\/{rel}","templated":true}]}}