{"id":201363,"date":"2025-03-20T15:07:22","date_gmt":"2025-03-20T15:07:22","guid":{"rendered":"https:\/\/aromasentia.com\/product\/oil-burner-angel-cut-out-white\/"},"modified":"2025-06-22T03:36:35","modified_gmt":"2025-06-22T03:36:35","slug":"oliebraender-til-duftolie-engel-skaaret-ud-hvid","status":"publish","type":"product","link":"https:\/\/aromasentia.com\/da\/oliebraender-til-duftolie-engel-skaaret-ud-hvid\/","title":{"rendered":"Oliebr\u00e6nder Til Duftolie Engel Sk\u00e5ret Ud &#8211; Hvid"},"content":{"rendered":"<p><span style=\"color: rgb(75, 80, 88);\">I vores Simple og Classic kollektion finder du et omfattende udvalg af oliebr\u00e6ndere i forskellige former, materialer, st\u00f8rrelser og farver. Kollektionen opdateres regelm\u00e6ssigt, hvilket betyder, at nogle varer kun er tilg\u00e6ngelige, s\u00e5 l\u00e6nge lager haves. Hvis du er ude efter friske, stilfulde designs, er dette det perfekte sted at udforske.<\/span><\/p>\n<ul>\n<li><span style=\"color: rgb(75, 80, 88);\"><strong>Elegante og minimalistiske designs.<\/strong><\/span><\/li>\n<li><span style=\"color: rgb(75, 80, 88);\">Placer altid oliebr\u00e6nderen p\u00e5 en varmebestandig overflade.<\/span><\/li>\n<li><span style=\"color: rgb(75, 80, 88);\">S\u00f8rg for, at der er nok vand i sk\u00e5len over br\u00e6nderen.<\/span><\/li>\n<li><span style=\"color: rgb(75, 80, 88);\">Brug fyrfadslys af h\u00f8j kvalitet for at opn\u00e5 de bedste resultater.<\/span><\/li>\n<li><span style=\"color: rgb(75, 80, 88);\">Lad aldrig en t\u00e6ndt br\u00e6nder v\u00e6re uden opsyn, og hold den v\u00e6k fra brandfarlige genstande som f.eks. gardiner.<\/span><\/li>\n<li><span style=\"color: rgb(75, 80, 88);\">Hvis flammen bliver farlig, skal den slukkes med en fugtig klud.<\/span><\/li>\n<li><span style=\"color: rgb(75, 80, 88);\">Opbevares utilg\u00e6ngeligt for b\u00f8rn.<\/span><\/li>\n<\/ul>\n<p><span style=\"color: rgb(141, 186, 216);\"><strong>Alt til en uovertruffen pris!<\/strong><\/span><\/p>\n","protected":false},"excerpt":{"rendered":"<p>I vores Simple og Classic kollektion finder du et omfattende udvalg af oliebr\u00e6ndere i forskellige former, materialer, st\u00f8rrelser og farver. Kollektionen opdateres regelm\u00e6ssigt, hvilket betyder, at nogle varer kun er tilg\u00e6ngelige, s\u00e5 l\u00e6nge lager haves. Hvis du er ude efter friske, stilfulde designs, er dette det perfekte sted at udforske. Elegante og minimalistiske designs. Placer [&hellip;]<\/p>\n","protected":false},"featured_media":266337,"comment_status":"closed","ping_status":"open","template":"","meta":{"_angie_page":false},"product_brand":[],"product_cat":[6517,6169],"product_tag":[],"class_list":{"0":"post-201363","1":"product","2":"type-product","3":"status-publish","4":"has-post-thumbnail","6":"product_cat-aromalamper-oliebraender","7":"product_cat-aromalamper-aromadiffusere-og-duftstaenger","8":"pa_collection-floral-cauldron-oil-burners-da","9":"pa_made-in-kina","11":"first","12":"instock","13":"purchasable","14":"product-type-simple"},"supplier_id":null,"supplier_sku":"OB-319","barcode":null,"atum_controlled":true,"out_stock_date":null,"out_stock_threshold":null,"inheritable":false,"inbound_stock":null,"stock_on_hold":0,"sold_today":0,"sales_last_days":0,"reserved_stock":null,"customer_returns":null,"warehouse_damage":null,"lost_in_post":null,"other_logs":null,"out_stock_days":10,"lost_sales":0,"has_location":null,"update_date":"2026-04-27T07:16:12","atum_locations":[],"atum_stock_status":"instock","restock_status":false,"low_stock_amount":"","sales_update_date":"2026-02-06T00:02:18","calc_backorders":null,"_links":{"self":[{"href":"https:\/\/aromasentia.com\/da\/wp-json\/wp\/v2\/product\/201363","targetHints":{"allow":["GET"]}}],"collection":[{"href":"https:\/\/aromasentia.com\/da\/wp-json\/wp\/v2\/product"}],"about":[{"href":"https:\/\/aromasentia.com\/da\/wp-json\/wp\/v2\/types\/product"}],"replies":[{"embeddable":true,"href":"https:\/\/aromasentia.com\/da\/wp-json\/wp\/v2\/comments?post=201363"}],"version-history":[{"count":0,"href":"https:\/\/aromasentia.com\/da\/wp-json\/wp\/v2\/product\/201363\/revisions"}],"wp:featuredmedia":[{"embeddable":true,"href":"https:\/\/aromasentia.com\/da\/wp-json\/wp\/v2\/media\/266337"}],"wp:attachment":[{"href":"https:\/\/aromasentia.com\/da\/wp-json\/wp\/v2\/media?parent=201363"}],"wp:term":[{"taxonomy":"product_brand","embeddable":true,"href":"https:\/\/aromasentia.com\/da\/wp-json\/wp\/v2\/product_brand?post=201363"},{"taxonomy":"product_cat","embeddable":true,"href":"https:\/\/aromasentia.com\/da\/wp-json\/wp\/v2\/product_cat?post=201363"},{"taxonomy":"product_tag","embeddable":true,"href":"https:\/\/aromasentia.com\/da\/wp-json\/wp\/v2\/product_tag?post=201363"}],"curies":[{"name":"wp","href":"https:\/\/api.w.org\/{rel}","templated":true}]}}