{"id":201358,"date":"2025-03-20T15:09:02","date_gmt":"2025-03-20T15:09:02","guid":{"rendered":"https:\/\/aromasentia.com\/product\/classic-rustic-oil-burner-dragonfly-assorted\/"},"modified":"2025-06-22T03:36:32","modified_gmt":"2025-06-22T03:36:32","slug":"klassisk-rustik-oliebraender-til-duftolie-dragonfly-assorteret","status":"publish","type":"product","link":"https:\/\/aromasentia.com\/da\/klassisk-rustik-oliebraender-til-duftolie-dragonfly-assorteret\/","title":{"rendered":"Klassisk Rustik Oliebr\u00e6nder Til Duftolie &#8211; Dragonfly (Assorteret)"},"content":{"rendered":"<p><strong>Klassisk Dragonfly keramisk oliebr\u00e6nder<\/strong> i rustik terrakottastil. De har en dejlig taktil fornemmelse, der er velegnet til salg med vores simrende granulat eller et stort udvalg af duftolier.<\/p>\n<p>Oliebr\u00e6ndere s\u00e6lges i et udvalg af assorterede farver. Fine, enkle designs &#8211; ideelle til gavekurve. Oliebr\u00e6ndere er ogs\u00e5 gode at bruge med duftolier og smeltevoks.<\/p>\n<p>Placer altid oliebr\u00e6nderen p\u00e5 en varmebestandig m\u00e5tte. S\u00f8rg for, at der er tilstr\u00e6kkeligt vand i beholderen over br\u00e6nderen. Brug fyrfadslys af god kvalitet. Efterlad aldrig oliebr\u00e6nderen uden opsyn, n\u00e5r den er t\u00e6ndt, og hold den v\u00e6k fra gardiner. Hvis flammen bliver farlig, kan den slukkes med en fugtig klud. Opbevares utilg\u00e6ngeligt for b\u00f8rn.<\/p>\n","protected":false},"excerpt":{"rendered":"<p>Klassisk Dragonfly keramisk oliebr\u00e6nder i rustik terrakottastil. De har en dejlig taktil fornemmelse, der er velegnet til salg med vores simrende granulat eller et stort udvalg af duftolier. Oliebr\u00e6ndere s\u00e6lges i et udvalg af assorterede farver. Fine, enkle designs &#8211; ideelle til gavekurve. Oliebr\u00e6ndere er ogs\u00e5 gode at bruge med duftolier og smeltevoks. Placer altid [&hellip;]<\/p>\n","protected":false},"featured_media":266643,"comment_status":"closed","ping_status":"open","template":"","meta":{"_angie_page":false},"product_brand":[],"product_cat":[6517,6169],"product_tag":[],"class_list":{"0":"post-201358","1":"product","2":"type-product","3":"status-publish","4":"has-post-thumbnail","6":"product_cat-aromalamper-oliebraender","7":"product_cat-aromalamper-aromadiffusere-og-duftstaenger","8":"pa_collection-classic-rustic-oil-burners-da","9":"pa_made-in-kina","11":"first","12":"outofstock","13":"purchasable","14":"product-type-simple"},"supplier_id":null,"supplier_sku":"OBCS-03DS","barcode":null,"atum_controlled":true,"out_stock_date":"2026-04-25 15:12:32","out_stock_threshold":null,"inheritable":false,"inbound_stock":null,"stock_on_hold":0,"sold_today":0,"sales_last_days":0,"reserved_stock":null,"customer_returns":null,"warehouse_damage":null,"lost_in_post":null,"other_logs":null,"out_stock_days":0,"lost_sales":0,"has_location":null,"update_date":"2026-04-27T07:16:18","atum_locations":[],"atum_stock_status":"outofstock","restock_status":false,"low_stock_amount":"","sales_update_date":"2026-02-06T00:01:48","calc_backorders":null,"_links":{"self":[{"href":"https:\/\/aromasentia.com\/da\/wp-json\/wp\/v2\/product\/201358","targetHints":{"allow":["GET"]}}],"collection":[{"href":"https:\/\/aromasentia.com\/da\/wp-json\/wp\/v2\/product"}],"about":[{"href":"https:\/\/aromasentia.com\/da\/wp-json\/wp\/v2\/types\/product"}],"replies":[{"embeddable":true,"href":"https:\/\/aromasentia.com\/da\/wp-json\/wp\/v2\/comments?post=201358"}],"version-history":[{"count":0,"href":"https:\/\/aromasentia.com\/da\/wp-json\/wp\/v2\/product\/201358\/revisions"}],"wp:featuredmedia":[{"embeddable":true,"href":"https:\/\/aromasentia.com\/da\/wp-json\/wp\/v2\/media\/266643"}],"wp:attachment":[{"href":"https:\/\/aromasentia.com\/da\/wp-json\/wp\/v2\/media?parent=201358"}],"wp:term":[{"taxonomy":"product_brand","embeddable":true,"href":"https:\/\/aromasentia.com\/da\/wp-json\/wp\/v2\/product_brand?post=201358"},{"taxonomy":"product_cat","embeddable":true,"href":"https:\/\/aromasentia.com\/da\/wp-json\/wp\/v2\/product_cat?post=201358"},{"taxonomy":"product_tag","embeddable":true,"href":"https:\/\/aromasentia.com\/da\/wp-json\/wp\/v2\/product_tag?post=201358"}],"curies":[{"name":"wp","href":"https:\/\/api.w.org\/{rel}","templated":true}]}}