{"id":201356,"date":"2025-03-20T15:09:02","date_gmt":"2025-03-20T15:09:02","guid":{"rendered":"https:\/\/aromasentia.com\/product\/classic-elephant-oil-burners-aast\/"},"modified":"2025-06-22T03:36:31","modified_gmt":"2025-06-22T03:36:31","slug":"klassiske-elefant-oliebraender-til-duftoliee-aast","status":"publish","type":"product","link":"https:\/\/aromasentia.com\/da\/klassiske-elefant-oliebraender-til-duftoliee-aast\/","title":{"rendered":"Klassiske Elefant Oliebr\u00e6nder Til Duftoliee (Aast)"},"content":{"rendered":"<p><strong>Klassiske elefant-keramiske oliebr\u00e6ndere<\/strong> i rustik terrakottastil. De har en dejlig taktil fornemmelse, der er velegnede til salg med vores simrende granulat eller et stort udvalg af duftolier.<\/p>\n<p>Oliebr\u00e6ndere s\u00e6lges i et udvalg af assorterede farver. Fine, enkle designs &#8211; ideelle til gavekurve. Oliebr\u00e6ndere er ogs\u00e5 gode at bruge med duftolier og smeltevoks.<\/p>\n<p>Placer altid oliebr\u00e6nderen p\u00e5 en varmebestandig m\u00e5tte. S\u00f8rg for, at der er tilstr\u00e6kkeligt vand i beholderen over br\u00e6nderen. Brug fyrfadslys af god kvalitet. Efterlad aldrig oliebr\u00e6nderen uden opsyn, n\u00e5r den er t\u00e6ndt, og hold den v\u00e6k fra gardiner. Hvis flammen bliver farlig, kan den slukkes med en fugtig klud. Opbevares utilg\u00e6ngeligt for b\u00f8rn.<\/p>\n","protected":false},"excerpt":{"rendered":"<p>Klassiske elefant-keramiske oliebr\u00e6ndere i rustik terrakottastil. De har en dejlig taktil fornemmelse, der er velegnede til salg med vores simrende granulat eller et stort udvalg af duftolier. Oliebr\u00e6ndere s\u00e6lges i et udvalg af assorterede farver. Fine, enkle designs &#8211; ideelle til gavekurve. Oliebr\u00e6ndere er ogs\u00e5 gode at bruge med duftolier og smeltevoks. Placer altid oliebr\u00e6nderen [&hellip;]<\/p>\n","protected":false},"featured_media":266521,"comment_status":"closed","ping_status":"open","template":"","meta":{"_angie_page":false},"product_brand":[],"product_cat":[6517,6169],"product_tag":[],"class_list":{"0":"post-201356","1":"product","2":"type-product","3":"status-publish","4":"has-post-thumbnail","6":"product_cat-aromalamper-oliebraender","7":"product_cat-aromalamper-aromadiffusere-og-duftstaenger","8":"pa_collection-classic-rustic-oil-burners-da","9":"pa_made-in-kina","11":"first","12":"outofstock","13":"purchasable","14":"product-type-simple"},"supplier_id":null,"supplier_sku":"OBCS-08DS","barcode":null,"atum_controlled":true,"out_stock_date":"2026-04-25 15:12:27","out_stock_threshold":null,"inheritable":false,"inbound_stock":null,"stock_on_hold":0,"sold_today":0,"sales_last_days":0,"reserved_stock":null,"customer_returns":null,"warehouse_damage":null,"lost_in_post":null,"other_logs":null,"out_stock_days":0,"lost_sales":0,"has_location":null,"update_date":"2026-04-27T07:16:18","atum_locations":[],"atum_stock_status":"outofstock","restock_status":false,"low_stock_amount":"","sales_update_date":"2026-02-06T00:01:28","calc_backorders":null,"_links":{"self":[{"href":"https:\/\/aromasentia.com\/da\/wp-json\/wp\/v2\/product\/201356","targetHints":{"allow":["GET"]}}],"collection":[{"href":"https:\/\/aromasentia.com\/da\/wp-json\/wp\/v2\/product"}],"about":[{"href":"https:\/\/aromasentia.com\/da\/wp-json\/wp\/v2\/types\/product"}],"replies":[{"embeddable":true,"href":"https:\/\/aromasentia.com\/da\/wp-json\/wp\/v2\/comments?post=201356"}],"version-history":[{"count":0,"href":"https:\/\/aromasentia.com\/da\/wp-json\/wp\/v2\/product\/201356\/revisions"}],"wp:featuredmedia":[{"embeddable":true,"href":"https:\/\/aromasentia.com\/da\/wp-json\/wp\/v2\/media\/266521"}],"wp:attachment":[{"href":"https:\/\/aromasentia.com\/da\/wp-json\/wp\/v2\/media?parent=201356"}],"wp:term":[{"taxonomy":"product_brand","embeddable":true,"href":"https:\/\/aromasentia.com\/da\/wp-json\/wp\/v2\/product_brand?post=201356"},{"taxonomy":"product_cat","embeddable":true,"href":"https:\/\/aromasentia.com\/da\/wp-json\/wp\/v2\/product_cat?post=201356"},{"taxonomy":"product_tag","embeddable":true,"href":"https:\/\/aromasentia.com\/da\/wp-json\/wp\/v2\/product_tag?post=201356"}],"curies":[{"name":"wp","href":"https:\/\/api.w.org\/{rel}","templated":true}]}}