{"id":201352,"date":"2025-03-20T15:10:52","date_gmt":"2025-03-20T15:10:52","guid":{"rendered":"https:\/\/aromasentia.com\/product\/classic-white-oil-burner-floral-with-teal-well\/"},"modified":"2025-06-22T03:36:29","modified_gmt":"2025-06-22T03:36:29","slug":"klassisk-hvid-oliebraender-til-duftolie-blomstret-med-blaagroen-broend","status":"publish","type":"product","link":"https:\/\/aromasentia.com\/da\/klassisk-hvid-oliebraender-til-duftolie-blomstret-med-blaagroen-broend\/","title":{"rendered":"Klassisk Hvid Oliebr\u00e6nder Til Duftolie &#8211; Blomstret med Bl\u00e5gr\u00f8n Br\u00f8nd"},"content":{"rendered":"<p>Klassisk hvid oliebr\u00e6nder i keramik. Denne oliebr\u00e6nder er behandlet med den bedste tilg\u00e6ngelige keramik for at sikre den h\u00f8je kvalitetsstandard. Disse oliebr\u00e6ndere er en god gaveid\u00e9 til enhver s\u00e6rlig lejlighed p\u00e5 grund af kvaliteten og v\u00e6rdien.<\/p>\n<p>Keramiske hvide oliebr\u00e6ndere er fantastiske til brug med duftolier og smeltevoks. De er ogs\u00e5 en meget attraktiv dekoration i ethvert rum p\u00e5 grund af den smukke hvide keramik.<\/p>\n<p>Hver oliebr\u00e6nder har et smukt blomsterdesign, stjerner eller guldsmede, der lader stearinlyset skinne igennem og skaber en afslappende atmosf\u00e6re.<\/p>\n","protected":false},"excerpt":{"rendered":"<p>Klassisk hvid oliebr\u00e6nder i keramik. Denne oliebr\u00e6nder er behandlet med den bedste tilg\u00e6ngelige keramik for at sikre den h\u00f8je kvalitetsstandard. Disse oliebr\u00e6ndere er en god gaveid\u00e9 til enhver s\u00e6rlig lejlighed p\u00e5 grund af kvaliteten og v\u00e6rdien. Keramiske hvide oliebr\u00e6ndere er fantastiske til brug med duftolier og smeltevoks. De er ogs\u00e5 en meget attraktiv dekoration i [&hellip;]<\/p>\n","protected":false},"featured_media":266982,"comment_status":"closed","ping_status":"open","template":"","meta":{"_angie_page":false},"product_brand":[],"product_cat":[6517,6169],"product_tag":[],"class_list":{"0":"post-201352","1":"product","2":"type-product","3":"status-publish","4":"has-post-thumbnail","6":"product_cat-aromalamper-oliebraender","7":"product_cat-aromalamper-aromadiffusere-og-duftstaenger","8":"pa_collection-classic-white-oil-burner-da","9":"pa_made-in-kina","11":"first","12":"instock","13":"purchasable","14":"product-type-simple"},"supplier_id":null,"supplier_sku":"OBCW-08","barcode":null,"atum_controlled":true,"out_stock_date":null,"out_stock_threshold":null,"inheritable":false,"inbound_stock":null,"stock_on_hold":0,"sold_today":0,"sales_last_days":0,"reserved_stock":null,"customer_returns":null,"warehouse_damage":null,"lost_in_post":null,"other_logs":null,"out_stock_days":10,"lost_sales":0,"has_location":null,"update_date":"2026-04-27T07:16:18","atum_locations":[],"atum_stock_status":"instock","restock_status":false,"low_stock_amount":"","sales_update_date":"2026-02-06T00:02:33","calc_backorders":null,"_links":{"self":[{"href":"https:\/\/aromasentia.com\/da\/wp-json\/wp\/v2\/product\/201352","targetHints":{"allow":["GET"]}}],"collection":[{"href":"https:\/\/aromasentia.com\/da\/wp-json\/wp\/v2\/product"}],"about":[{"href":"https:\/\/aromasentia.com\/da\/wp-json\/wp\/v2\/types\/product"}],"replies":[{"embeddable":true,"href":"https:\/\/aromasentia.com\/da\/wp-json\/wp\/v2\/comments?post=201352"}],"version-history":[{"count":0,"href":"https:\/\/aromasentia.com\/da\/wp-json\/wp\/v2\/product\/201352\/revisions"}],"wp:featuredmedia":[{"embeddable":true,"href":"https:\/\/aromasentia.com\/da\/wp-json\/wp\/v2\/media\/266982"}],"wp:attachment":[{"href":"https:\/\/aromasentia.com\/da\/wp-json\/wp\/v2\/media?parent=201352"}],"wp:term":[{"taxonomy":"product_brand","embeddable":true,"href":"https:\/\/aromasentia.com\/da\/wp-json\/wp\/v2\/product_brand?post=201352"},{"taxonomy":"product_cat","embeddable":true,"href":"https:\/\/aromasentia.com\/da\/wp-json\/wp\/v2\/product_cat?post=201352"},{"taxonomy":"product_tag","embeddable":true,"href":"https:\/\/aromasentia.com\/da\/wp-json\/wp\/v2\/product_tag?post=201352"}],"curies":[{"name":"wp","href":"https:\/\/api.w.org\/{rel}","templated":true}]}}