{"id":201340,"date":"2025-03-20T15:12:34","date_gmt":"2025-03-20T15:12:34","guid":{"rendered":"https:\/\/aromasentia.com\/product\/evening-primrose-organic-base-oil-100ml\/"},"modified":"2025-06-22T03:36:23","modified_gmt":"2025-06-22T03:36:23","slug":"oekologisk-basisolie-af-natlys-100ml","status":"publish","type":"product","link":"https:\/\/aromasentia.com\/da\/oekologisk-basisolie-af-natlys-100ml\/","title":{"rendered":"\u00d8kologisk Basisolie Af Natlys &#8211; 100ml"},"content":{"rendered":"<p><strong>Videnskabeligt navn:<\/strong>Oenothera Biennis<\/p>\n<p><strong>Oprindelse:<\/strong> Storbritannien<\/p>\n<p><strong>\u00d8kologisk baseolie fra aftenlys<\/strong> er en rig kilde til omega-6 og fedtsyrer og har antiinflammatoriske og smertelindrende egenskaber. Den letter helingsprocessen og kan hj\u00e6lpe med at reducere forekomsten af ar og d\u00e6mpe inflammation. Bruges ofte i kosmetik til at berolige og fugtgive hud, hovedbund og h\u00e5r.<\/p>\n<p><strong>Farve og duft:<\/strong> Har en lys gylden farve og en mild n\u00f8ddeagtig duft.<\/p>\n<p><strong>Tekstur:<\/strong>Fin tekstur.<\/p>\n<p>Denne aftenlysolie er fremstillet i Storbritannien og er fremstillet ved koldpresset ekstraktionsmetode.<\/p>\n","protected":false},"excerpt":{"rendered":"<p>Videnskabeligt navn:Oenothera Biennis Oprindelse: Storbritannien \u00d8kologisk baseolie fra aftenlys er en rig kilde til omega-6 og fedtsyrer og har antiinflammatoriske og smertelindrende egenskaber. Den letter helingsprocessen og kan hj\u00e6lpe med at reducere forekomsten af ar og d\u00e6mpe inflammation. Bruges ofte i kosmetik til at berolige og fugtgive hud, hovedbund og h\u00e5r. Farve og duft: Har [&hellip;]<\/p>\n","protected":false},"featured_media":267132,"comment_status":"closed","ping_status":"open","template":"","meta":{"_angie_page":false},"product_brand":[],"product_cat":[6153,7719,26830,25839,25984],"product_tag":[],"class_list":{"0":"post-201340","1":"product","2":"type-product","3":"status-publish","4":"has-post-thumbnail","6":"product_cat-aromaterapi-og-rumdufte","7":"product_cat-baseolier","8":"product_cat-blomster","9":"product_cat-dufte-aromaer","10":"product_cat-rose","11":"pa_collection-organic-base-oils-100ml-da","12":"pa_made-in-kina","13":"pa_size-100ml","15":"first","16":"instock","17":"purchasable","18":"product-type-simple"},"supplier_id":null,"supplier_sku":"OrgBO-09","barcode":null,"atum_controlled":true,"out_stock_date":null,"out_stock_threshold":null,"inheritable":false,"inbound_stock":null,"stock_on_hold":0,"sold_today":0,"sales_last_days":0,"reserved_stock":null,"customer_returns":null,"warehouse_damage":null,"lost_in_post":null,"other_logs":null,"out_stock_days":0,"lost_sales":0,"has_location":null,"update_date":"2026-05-08T05:15:41","atum_locations":[],"atum_stock_status":"instock","restock_status":false,"low_stock_amount":"","sales_update_date":"2026-02-06T00:02:24","calc_backorders":null,"_links":{"self":[{"href":"https:\/\/aromasentia.com\/da\/wp-json\/wp\/v2\/product\/201340","targetHints":{"allow":["GET"]}}],"collection":[{"href":"https:\/\/aromasentia.com\/da\/wp-json\/wp\/v2\/product"}],"about":[{"href":"https:\/\/aromasentia.com\/da\/wp-json\/wp\/v2\/types\/product"}],"replies":[{"embeddable":true,"href":"https:\/\/aromasentia.com\/da\/wp-json\/wp\/v2\/comments?post=201340"}],"version-history":[{"count":0,"href":"https:\/\/aromasentia.com\/da\/wp-json\/wp\/v2\/product\/201340\/revisions"}],"wp:featuredmedia":[{"embeddable":true,"href":"https:\/\/aromasentia.com\/da\/wp-json\/wp\/v2\/media\/267132"}],"wp:attachment":[{"href":"https:\/\/aromasentia.com\/da\/wp-json\/wp\/v2\/media?parent=201340"}],"wp:term":[{"taxonomy":"product_brand","embeddable":true,"href":"https:\/\/aromasentia.com\/da\/wp-json\/wp\/v2\/product_brand?post=201340"},{"taxonomy":"product_cat","embeddable":true,"href":"https:\/\/aromasentia.com\/da\/wp-json\/wp\/v2\/product_cat?post=201340"},{"taxonomy":"product_tag","embeddable":true,"href":"https:\/\/aromasentia.com\/da\/wp-json\/wp\/v2\/product_tag?post=201340"}],"curies":[{"name":"wp","href":"https:\/\/api.w.org\/{rel}","templated":true}]}}