{"id":201337,"date":"2025-03-20T15:12:34","date_gmt":"2025-03-20T15:12:34","guid":{"rendered":"https:\/\/aromasentia.com\/product\/coconut-organic-base-oil-100ml\/"},"modified":"2025-06-22T03:36:21","modified_gmt":"2025-06-22T03:36:21","slug":"oekologisk-basisolie-med-kokosnoed-100ml","status":"publish","type":"product","link":"https:\/\/aromasentia.com\/da\/oekologisk-basisolie-med-kokosnoed-100ml\/","title":{"rendered":"\u00d8kologisk Basisolie med Kokosn\u00f8d &#8211; 100ml"},"content":{"rendered":"<p><strong>Botanisk navn:<\/strong>Cocos Nucifera<\/p>\n<p><strong>Oprindelse:<\/strong> Indonesien<\/p>\n<p><strong>\u00d8kologisk kokosbaseolie<\/strong> bruges i vid udstr\u00e6kning som b\u00e6rerolie for \u00e6teriske olier i aromaterapi eller massagebehandlinger. Den har fremragende lindrende, helende og fugtgivende egenskaber, der kan hj\u00e6lpe med at lindre mange hudirritationer.<\/p>\n<p><strong>Farve og duft:<\/strong>Har en klar til gul farve og en lugtfri duft.<\/p>\n<p><strong>Tekstur:<\/strong>Let tekstureret, absorberes let.<\/p>\n<p>Vores kokosbaseolie er hentet fra Indonesien og fremstillet med koldpresset ekstraktionsmetode.<\/p>\n<p><\/p>\n","protected":false},"excerpt":{"rendered":"<p>Botanisk navn:Cocos Nucifera Oprindelse: Indonesien \u00d8kologisk kokosbaseolie bruges i vid udstr\u00e6kning som b\u00e6rerolie for \u00e6teriske olier i aromaterapi eller massagebehandlinger. Den har fremragende lindrende, helende og fugtgivende egenskaber, der kan hj\u00e6lpe med at lindre mange hudirritationer. Farve og duft:Har en klar til gul farve og en lugtfri duft. Tekstur:Let tekstureret, absorberes let. Vores kokosbaseolie er [&hellip;]<\/p>\n","protected":false},"featured_media":267105,"comment_status":"closed","ping_status":"open","template":"","meta":{"_angie_page":false},"product_brand":[],"product_cat":[7647,6153,7719],"product_tag":[],"class_list":{"0":"post-201337","1":"product","2":"type-product","3":"status-publish","4":"has-post-thumbnail","6":"product_cat-aeteriske-olier","7":"product_cat-aromaterapi-og-rumdufte","8":"product_cat-baseolier","9":"pa_collection-organic-base-oils-100ml-da","10":"pa_made-in-indonesien","11":"pa_size-100ml","13":"first","14":"instock","15":"purchasable","16":"product-type-simple"},"supplier_id":null,"supplier_sku":"OrgBO-06","barcode":null,"atum_controlled":true,"out_stock_date":null,"out_stock_threshold":null,"inheritable":false,"inbound_stock":null,"stock_on_hold":0,"sold_today":0,"sales_last_days":0,"reserved_stock":null,"customer_returns":null,"warehouse_damage":null,"lost_in_post":null,"other_logs":null,"out_stock_days":0,"lost_sales":0,"has_location":null,"update_date":"2026-05-04T00:03:59","atum_locations":[],"atum_stock_status":"instock","restock_status":false,"low_stock_amount":"","sales_update_date":"2026-01-20T05:14:00","calc_backorders":null,"_links":{"self":[{"href":"https:\/\/aromasentia.com\/da\/wp-json\/wp\/v2\/product\/201337","targetHints":{"allow":["GET"]}}],"collection":[{"href":"https:\/\/aromasentia.com\/da\/wp-json\/wp\/v2\/product"}],"about":[{"href":"https:\/\/aromasentia.com\/da\/wp-json\/wp\/v2\/types\/product"}],"replies":[{"embeddable":true,"href":"https:\/\/aromasentia.com\/da\/wp-json\/wp\/v2\/comments?post=201337"}],"version-history":[{"count":0,"href":"https:\/\/aromasentia.com\/da\/wp-json\/wp\/v2\/product\/201337\/revisions"}],"wp:featuredmedia":[{"embeddable":true,"href":"https:\/\/aromasentia.com\/da\/wp-json\/wp\/v2\/media\/267105"}],"wp:attachment":[{"href":"https:\/\/aromasentia.com\/da\/wp-json\/wp\/v2\/media?parent=201337"}],"wp:term":[{"taxonomy":"product_brand","embeddable":true,"href":"https:\/\/aromasentia.com\/da\/wp-json\/wp\/v2\/product_brand?post=201337"},{"taxonomy":"product_cat","embeddable":true,"href":"https:\/\/aromasentia.com\/da\/wp-json\/wp\/v2\/product_cat?post=201337"},{"taxonomy":"product_tag","embeddable":true,"href":"https:\/\/aromasentia.com\/da\/wp-json\/wp\/v2\/product_tag?post=201337"}],"curies":[{"name":"wp","href":"https:\/\/api.w.org\/{rel}","templated":true}]}}