{"id":201321,"date":"2025-03-20T15:12:55","date_gmt":"2025-03-20T15:12:55","guid":{"rendered":"https:\/\/aromasentia.com\/product\/organic-coconut-oil-1-litre\/"},"modified":"2025-06-22T03:36:13","modified_gmt":"2025-06-22T03:36:13","slug":"oekologisk-kokosolie-1-liter","status":"publish","type":"product","link":"https:\/\/aromasentia.com\/da\/oekologisk-kokosolie-1-liter\/","title":{"rendered":"\u00d8kologisk Kokosolie 1 Liter"},"content":{"rendered":"<p><strong><span style=\"color: rgb(75, 80, 88);\">Basolier<\/span><\/strong><span style=\"color: rgb(75, 80, 88);\">, ofte omtalt som baseolier, er olier, som \u00e6teriske olier eller duftolier kan fortyndes med og &#8216;b\u00e6res&#8217; ind i din hud.<\/span><\/p>\n<p><span style=\"color: rgb(75, 80, 88);\">Den \u00f8kologiske kokosb\u00e6rerolie, vi s\u00e6lger, er premium og koldpresset, hvilket giver dig mulighed for at f\u00e5 det mest aktive, meget potente og milj\u00f8venlige sk\u00f8nheds-, aromaterapi- eller kosmetikprodukt, du kan f\u00e5 for pengene. De er <strong>fri for pesticider, herbicider og kunstg\u00f8dning<\/strong>, og derfor vil de blive betragtet som sikre for milj\u00f8et og sikre i kosmetiske formuleringer.<\/span><\/p>\n<p><span style=\"color: rgb(75, 80, 88);\">Grapekerneolie er kendt for sine ikke-komedogene og antioxidante egenskaber, hvilket g\u00f8r den til en perfekt fugtighedscreme, der ikke tilstopper porerne, samtidig med at den forbedrer hudens elasticitet og bl\u00f8dhed.<\/span><\/p>\n<p><span style=\"color: rgb(75, 80, 88);\"><strong>Latinsk navn:<\/strong>Cocos nucifera <br style=\"font-style: normal; font-variant-ligatures: normal; font-variant-caps: normal; font-weight: 400; letter-spacing: normal; orphans: 2; text-align: start; text-indent: 0px; text-transform: none; widows: 2; word-spacing: 0px; -webkit-text-stroke-width: 0px; white-space: pre-wrap; text-decoration-thickness: initial; text-decoration-style: initial; text-decoration-color: initial; border: 0px solid rgb(227, 227, 227); box-sizing: border-box; --tw-border-spacing-x: 0; --tw-border-spacing-y: 0; --tw-translate-x: 0; --tw-translate-y: 0; --tw-rotate: 0; --tw-skew-x: 0; --tw-skew-y: 0; --tw-scale-x: 1; --tw-scale-y: 1; --tw-pan-x: ; --tw-pan-y: ; --tw-pinch-zoom: ; --tw-scroll-snap-strictness: proximity; --tw-gradient-from-position: ; --tw-gradient-via-position: ; --tw-gradient-to-position: ; --tw-ordinal: ; --tw-slashed-zero: ; --tw-numerisk-figur: ; --tw-numerisk-afstand: ; --tw-numerisk-br\u00f8kdel: ; --tw-ring-inds\u00e6t: ; --tw-ring-offset-bredde: 0px; --tw-ring-offset-farve: #fff; --tw-ring-farve: rgba(69,89,164,.5); --tw-ring-offset-skygge: 0 0 gennemsigtig; --tw-ring-skygge: 0 0 gennemsigtig; --tw-skygge: 0 0 gennemsigtig; --tw-skygge-farvet: 0 0 gennemsigtig; --tw-sl\u00f8ring: ; --tw-lysstyrke: ; --tw-kontrast: ; --tw-gr\u00e5toner: ; --tw-farvetone-roter: ; --tw-inverter: ; --tw-m\u00e6ttet: ; --tw-sepia: ; --tw-drop-shadow: ; --tw-baggrundssl\u00f8ring: ; --tw-baggrundslysstyrke: ; --tw-baggrundskontrast: ; --tw-baggrunds-gr\u00e5tone: ; --tw-baggrundsfarvetone-roterer: ; --tw-baggrunds-inverter: ; --tw-baggrunds-opacitet: ; --tw-baggrundsm\u00e6ttet: ; --tw-baggrunds-sepia: ; farve: rgb(13, 13, 13); font-family: S\u00f6hne, ui-sans-serif, system-ui, -apple-system, \"Segoe UI\", Roboto, Ubuntu, Cantarell, \"Noto Sans\", sans-serif, \"Helvetica Neue\", Arial, \"Apple Color Emoji\", \"Segoe UI Emoji\", \"Segoe UI Symbol\", \"Noto Color Emoji\"; font-size: 16px; background-color: rgb(255, 255, 255);\"><strong>Kilde:<\/strong> Kokosn\u00f8ddek\u00f8d <br style=\"font-style: normal; font-variant-ligatures: normal; font-variant-caps: normal; font-weight: 400; letter-spacing: normal; orphans: 2; text-align: start; text-indent: 0px;\" text-transform: none; widows: 2; word-spacing: 0px; -webkit-text-stroke-width: 0px; white-space: pre-wrap; text-decoration-thickness: initial; text-decoration-style: initial; text-decoration-color: initial; border: 0px solid rgb(227, 227, 227); box-sizing: border-box; --tw-border-spacing-x: 0; --tw-border-spacing-y: 0; --tw-translate-x: 0; --tw-translate-y: 0; --tw-rotate: 0; --tw-skew-x: 0; --tw-skew-y: 0; --tw-scale-x: 1; --tw-scale-y: 1; --tw-pan-x: ; --tw-pan-y: ; --tw-pinch-zoom: ; --tw-scroll-snap-strictness: n\u00e6rhed; --tw-gradient-from-position: ; --tw-gradient-via-position: ; --tw-gradient-to-position: ; --tw-ordinal: ; --tw-slashed-zero: ; --tw-numerisk-figur: ; --tw-numerisk-afstand: ; --tw-numerisk-br\u00f8k: ; --tw-ring-inset: ; --tw-ring-offset-width: 0px; --tw-ring-offset-color: #fff; --tw-ring-color: rgba(69,89,164,.5); --tw-ring-offset-shadow: 0 0 gennemsigtig; --tw-ring-shadow: 0 0 gennemsigtig; --tw-shadow: 0 0 gennemsigtig; --tw-shadow-colored: 0 0 gennemsigtig; --tw-sl\u00f8ring: ; --tw-lysstyrke: ; --tw-kontrast: ; --tw-gr\u00e5tone: ; --tw-hue-rotate: ; --tw-invert: ; --tw-m\u00e6ttet: ; --tw-sepia: ; --tw-drop-shadow: ; --tw-baggrundssl\u00f8ring: ; --tw-baggrundslysstyrke: ; --tw-baggrundskontrast: ; --tw-baggrunds-gr\u00e5tone: ; --tw-baggrundsfarve-rotere: ; --tw-baggrunds-inverteret: ; --tw-baggrunds-opacitet: ; --tw-baggrundsm\u00e6ttet: ; --tw-baggrundssepia: ; farve: rgb(13, 13, 13); font-family: S\u00f6hne, ui-sans-serif, system-ui, -apple-system, \"Segoe UI\", Roboto, Ubuntu, Cantarell, \"Noto Sans\", sans-serif, \"Helvetica Neue\", Arial, \"Apple Color Emoji\", \"Segoe UI Emoji\", \"Segoe UI Symbol\", \"Noto Color Emoji\"; font-size: 16px; background-color: rgb(255, 255, 255);\"><strong>Fordele:<\/strong>Giver dybdeg\u00e5ende fugt, styrker hudbarrieren og reducerer inflammation. <br style=\"font-style: normal; font-variant-ligatures: normal; font-variant-caps: normal; font-weight: 400; letter-spacing: normal; orphans: 2; text-align: start; text-indent: 0px; text-transform: none; widows: 2; word-spacing: 0px; -webkit-text-stroke-width: 0px; white-space: pre-wrap; text-decoration-thickness: initial; text-decoration-style: initial; text-decoration-color: initial; border: 0px solid rgb(227, 227, 227); box-sizing: border-box; --tw-border-spacing-x: 0; --tw-border-spacing-y: 0; --tw-translate-x: 0; --tw-translate-y: 0; --tw-rotate: 0; --tw-skew-x: 0; --tw-skew-y: 0; --tw-scale-x: 1; --tw-scale-y: 1; --tw-pan-x: ; --tw-pan-y: ; --tw-pinch-zoom: ; --tw-scroll-snap-strictness: n\u00e6rhed; --tw-gradient-from-position: ; --tw-gradient-via-position: ; --tw-gradient-to-position: ; --tw-ordinal: ; --tw-slashed-zero: ; --tw-numerisk-figur: ; --tw-numerisk-afstand: ; --tw-numerisk-br\u00f8k: ; --tw-ring-inset: ; --tw-ring-offset-width: 0px; --tw-ring-offset-color: #fff; --tw-ring-color: rgba(69,89,164,.5); --tw-ring-offset-shadow: 0 0 gennemsigtig; --tw-ring-shadow: 0 0 gennemsigtig; --tw-shadow: 0 0 gennemsigtig; --tw-shadow-colored: 0 0 gennemsigtig; --tw-sl\u00f8ring: ; --tw-lysstyrke: ; --tw-contrast: ; --tw-grayscale: ; --tw-hue-rotate: ; --tw-invert: ; --tw-saturate: ; --tw-sepia: ; --tw-drop-shadow: ; --tw-backdrop-blur: ; --tw-backdrop-brightness: ; --tw-backdrop-contrast: ; --tw-backdrop-grayscale: ; --tw-backdrop-hue-rotate: ; --tw-backdrop-invert: ; --tw-backdrop-opacity: ; --tw-backdrop-saturate: ; --tw-backdrop-sepia: ; farve: rgb(13, 13, 13); font-family: S\u00f6hne, ui-sans-serif, system-ui, -apple-system, \"Segoe UI\", Roboto, Ubuntu, Cantarell, \"Noto Sans\", sans-serif, \"Helvetica Neue\", Arial, \"Apple Color Emoji\", \"Segoe UI Emoji\", \"Segoe UI Symbol\", \"Noto Color Emoji\"; font-size: 16px; background-color: rgb(255, 255, 255);\"><strong>Hudtype:<\/strong> Bedst til t\u00f8r, irriteret eller f\u00f8lsom hud.<\/span><\/p>\n","protected":false},"excerpt":{"rendered":"<p>Basolier, ofte omtalt som baseolier, er olier, som \u00e6teriske olier eller duftolier kan fortyndes med og &#8216;b\u00e6res&#8217; ind i din hud. Den \u00f8kologiske kokosb\u00e6rerolie, vi s\u00e6lger, er premium og koldpresset, hvilket giver dig mulighed for at f\u00e5 det mest aktive, meget potente og milj\u00f8venlige sk\u00f8nheds-, aromaterapi- eller kosmetikprodukt, du kan f\u00e5 for pengene. De er [&hellip;]<\/p>\n","protected":false},"featured_media":267195,"comment_status":"closed","ping_status":"open","template":"","meta":{"_angie_page":false},"product_brand":[],"product_cat":[6153,7719],"product_tag":[],"class_list":{"0":"post-201321","1":"product","2":"type-product","3":"status-publish","4":"has-post-thumbnail","6":"product_cat-aromaterapi-og-rumdufte","7":"product_cat-baseolier","8":"pa_collection-bulk-organic-carrier-oils-da","9":"pa_made-in-sri-lanka","11":"first","12":"instock","13":"purchasable","14":"product-type-simple"},"supplier_id":null,"supplier_sku":"OrgBOz-06","barcode":null,"atum_controlled":true,"out_stock_date":null,"out_stock_threshold":null,"inheritable":false,"inbound_stock":null,"stock_on_hold":0,"sold_today":0,"sales_last_days":0,"reserved_stock":null,"customer_returns":null,"warehouse_damage":null,"lost_in_post":null,"other_logs":null,"out_stock_days":98,"lost_sales":0,"has_location":null,"update_date":"2026-04-27T07:16:49","atum_locations":[],"atum_stock_status":"instock","restock_status":false,"low_stock_amount":"","sales_update_date":"2026-02-06T00:01:11","calc_backorders":null,"_links":{"self":[{"href":"https:\/\/aromasentia.com\/da\/wp-json\/wp\/v2\/product\/201321","targetHints":{"allow":["GET"]}}],"collection":[{"href":"https:\/\/aromasentia.com\/da\/wp-json\/wp\/v2\/product"}],"about":[{"href":"https:\/\/aromasentia.com\/da\/wp-json\/wp\/v2\/types\/product"}],"replies":[{"embeddable":true,"href":"https:\/\/aromasentia.com\/da\/wp-json\/wp\/v2\/comments?post=201321"}],"version-history":[{"count":0,"href":"https:\/\/aromasentia.com\/da\/wp-json\/wp\/v2\/product\/201321\/revisions"}],"wp:featuredmedia":[{"embeddable":true,"href":"https:\/\/aromasentia.com\/da\/wp-json\/wp\/v2\/media\/267195"}],"wp:attachment":[{"href":"https:\/\/aromasentia.com\/da\/wp-json\/wp\/v2\/media?parent=201321"}],"wp:term":[{"taxonomy":"product_brand","embeddable":true,"href":"https:\/\/aromasentia.com\/da\/wp-json\/wp\/v2\/product_brand?post=201321"},{"taxonomy":"product_cat","embeddable":true,"href":"https:\/\/aromasentia.com\/da\/wp-json\/wp\/v2\/product_cat?post=201321"},{"taxonomy":"product_tag","embeddable":true,"href":"https:\/\/aromasentia.com\/da\/wp-json\/wp\/v2\/product_tag?post=201321"}],"curies":[{"name":"wp","href":"https:\/\/api.w.org\/{rel}","templated":true}]}}