{"id":201316,"date":"2025-03-20T15:12:55","date_gmt":"2025-03-20T15:12:55","guid":{"rendered":"https:\/\/aromasentia.com\/product\/organic-castor-oil-1-litre\/"},"modified":"2025-06-22T03:36:11","modified_gmt":"2025-06-22T03:36:11","slug":"oekologisk-ricinusolie-1-liter","status":"publish","type":"product","link":"https:\/\/aromasentia.com\/da\/oekologisk-ricinusolie-1-liter\/","title":{"rendered":"\u00d8kologisk Ricinusolie 1 Liter"},"content":{"rendered":"<p>Plej hud og h\u00e5r i dybden med vores \u00f8kologiske ricinusolie i en gener\u00f8s 1-liters flaske. Denne tykke, fyldige olie, der er koldpresset og certificeret \u00f8kologisk, er kendt for sine enest\u00e5ende fugtgivende og plejende egenskaber. Den bruges traditionelt til at fremme sund h\u00e5rv\u00e6kst, g\u00f8re \u00f8jenvipper og \u00f8jenbryn tykkere og berolige t\u00f8r og irriteret hud. Dens bl\u00f8dg\u00f8rende natur hj\u00e6lper med at holde p\u00e5 fugten, hvilket g\u00f8r den til en kraftfuld naturlig behandling til intensiv hydrering fra top til t\u00e5, hvilket sikrer renhed og styrke til dine naturlige plejerutiner.<\/p>\n","protected":false},"excerpt":{"rendered":"<p>Plej hud og h\u00e5r i dybden med vores \u00f8kologiske ricinusolie i en gener\u00f8s 1-liters flaske. Denne tykke, fyldige olie, der er koldpresset og certificeret \u00f8kologisk, er kendt for sine enest\u00e5ende fugtgivende og plejende egenskaber. Den bruges traditionelt til at fremme sund h\u00e5rv\u00e6kst, g\u00f8re \u00f8jenvipper og \u00f8jenbryn tykkere og berolige t\u00f8r og irriteret hud. Dens bl\u00f8dg\u00f8rende [&hellip;]<\/p>\n","protected":false},"featured_media":267150,"comment_status":"closed","ping_status":"open","template":"","meta":{"_angie_page":false},"product_brand":[],"product_cat":[6153,7719],"product_tag":[],"class_list":{"0":"post-201316","1":"product","2":"type-product","3":"status-publish","4":"has-post-thumbnail","6":"product_cat-aromaterapi-og-rumdufte","7":"product_cat-baseolier","8":"pa_collection-bulk-organic-carrier-oils-da","9":"pa_made-in-indien","11":"first","12":"instock","13":"purchasable","14":"product-type-simple"},"supplier_id":null,"supplier_sku":"OrgBOz-11","barcode":null,"atum_controlled":true,"out_stock_date":null,"out_stock_threshold":null,"inheritable":false,"inbound_stock":null,"stock_on_hold":0,"sold_today":0,"sales_last_days":0,"reserved_stock":null,"customer_returns":null,"warehouse_damage":null,"lost_in_post":null,"other_logs":null,"out_stock_days":93,"lost_sales":0,"has_location":null,"update_date":"2026-04-27T07:16:49","atum_locations":[],"atum_stock_status":"instock","restock_status":false,"low_stock_amount":"","sales_update_date":"2026-02-06T00:01:10","calc_backorders":null,"_links":{"self":[{"href":"https:\/\/aromasentia.com\/da\/wp-json\/wp\/v2\/product\/201316","targetHints":{"allow":["GET"]}}],"collection":[{"href":"https:\/\/aromasentia.com\/da\/wp-json\/wp\/v2\/product"}],"about":[{"href":"https:\/\/aromasentia.com\/da\/wp-json\/wp\/v2\/types\/product"}],"replies":[{"embeddable":true,"href":"https:\/\/aromasentia.com\/da\/wp-json\/wp\/v2\/comments?post=201316"}],"version-history":[{"count":0,"href":"https:\/\/aromasentia.com\/da\/wp-json\/wp\/v2\/product\/201316\/revisions"}],"wp:featuredmedia":[{"embeddable":true,"href":"https:\/\/aromasentia.com\/da\/wp-json\/wp\/v2\/media\/267150"}],"wp:attachment":[{"href":"https:\/\/aromasentia.com\/da\/wp-json\/wp\/v2\/media?parent=201316"}],"wp:term":[{"taxonomy":"product_brand","embeddable":true,"href":"https:\/\/aromasentia.com\/da\/wp-json\/wp\/v2\/product_brand?post=201316"},{"taxonomy":"product_cat","embeddable":true,"href":"https:\/\/aromasentia.com\/da\/wp-json\/wp\/v2\/product_cat?post=201316"},{"taxonomy":"product_tag","embeddable":true,"href":"https:\/\/aromasentia.com\/da\/wp-json\/wp\/v2\/product_tag?post=201316"}],"curies":[{"name":"wp","href":"https:\/\/api.w.org\/{rel}","templated":true}]}}